{"id":59,"date":"2017-06-06T09:35:41","date_gmt":"2017-06-06T09:35:41","guid":{"rendered":"http:\/\/physics.uwb.edu.pl\/wf\/symposium60\/?page_id=59"},"modified":"2017-06-30T08:22:55","modified_gmt":"2017-06-30T08:22:55","slug":"dinner","status":"publish","type":"page","link":"https:\/\/physics.uwb.edu.pl\/wf\/MM-symposium\/dinner\/","title":{"rendered":"Dinner"},"content":{"rendered":"<p>Dinner will take place at <strong>Warszawski Sznyt<\/strong> (link <a href=\"http:\/\/warszawskisznyt.pl\/kontakt-2\/\">http:\/\/warszawskisznyt.pl\/kontakt-2\/<\/a>).<\/p>\n<div class=\"map-responsive\" style=\"text-align: center;\"><iframe loading=\"lazy\" width=\"600\" height=\"450\" style=\"border: 0;\" src=\"https:\/\/www.google.com\/maps\/embed?pb=!1m18!1m12!1m3!1d19546.275820187922!2d20.99926304915199!3d52.23821633059683!2m3!1f0!2f0!3f0!3m2!1i1024!2i768!4f13.1!3m3!1m2!1s0x471ecc65e03f054f%3A0xae7584c322e7bcd2!2sWarszawski+Sznyt!5e0!3m2!1spl!2spl!4v1488355495171\" frameborder=\"0\" allowfullscreen=\"allowfullscreen\"><\/iframe><\/div>\n<p>The contribution for the banquet is 200 PLN (<strong>~60 Euro<\/strong>) per person.<br \/>\nPlease pay by <strong>20 September<\/strong> to the following bank account:<br \/>\nIBAN: <strong>PL 26 1140 2004 0000 3602 7691 0933<\/strong><br \/>\nBIC\/SWIFT: BREXPLPWMBK<br \/>\nBank: mBank S.A. FORMERLY BRE BANK S.A. (RETAIL BANKING) LODZ,<br \/>\nSkrytka pocztowa 2108, 90-959 \u0141\u00f3d\u017a 2<br \/>\nIf this is problematic please contact us.<\/p>\n","protected":false},"excerpt":{"rendered":"<p>Dinner will take place at Warszawski Sznyt (link http:\/\/warszawskisznyt.pl\/kontakt-2\/). The contribution for the banquet is 200 PLN (~60 Euro) per person. Please pay by 20 September to the following bank account: IBAN: PL 26 1140 2004 0000 3602 7691 0933 BIC\/SWIFT: BREXPLPWMBK Bank: mBank S.A. FORMERLY BRE BANK S.A. (RETAIL BANKING) LODZ, Skrytka pocztowa 2108, [&hellip;]<\/p>\n","protected":false},"author":5,"featured_media":0,"parent":0,"menu_order":0,"comment_status":"closed","ping_status":"closed","template":"","meta":{"ngg_post_thumbnail":0,"footnotes":""},"class_list":["post-59","page","type-page","status-publish","hentry"],"_links":{"self":[{"href":"https:\/\/physics.uwb.edu.pl\/wf\/MM-symposium\/wp-json\/wp\/v2\/pages\/59","targetHints":{"allow":["GET"]}}],"collection":[{"href":"https:\/\/physics.uwb.edu.pl\/wf\/MM-symposium\/wp-json\/wp\/v2\/pages"}],"about":[{"href":"https:\/\/physics.uwb.edu.pl\/wf\/MM-symposium\/wp-json\/wp\/v2\/types\/page"}],"author":[{"embeddable":true,"href":"https:\/\/physics.uwb.edu.pl\/wf\/MM-symposium\/wp-json\/wp\/v2\/users\/5"}],"replies":[{"embeddable":true,"href":"https:\/\/physics.uwb.edu.pl\/wf\/MM-symposium\/wp-json\/wp\/v2\/comments?post=59"}],"version-history":[{"count":10,"href":"https:\/\/physics.uwb.edu.pl\/wf\/MM-symposium\/wp-json\/wp\/v2\/pages\/59\/revisions"}],"predecessor-version":[{"id":126,"href":"https:\/\/physics.uwb.edu.pl\/wf\/MM-symposium\/wp-json\/wp\/v2\/pages\/59\/revisions\/126"}],"wp:attachment":[{"href":"https:\/\/physics.uwb.edu.pl\/wf\/MM-symposium\/wp-json\/wp\/v2\/media?parent=59"}],"curies":[{"name":"wp","href":"https:\/\/api.w.org\/{rel}","templated":true}]}}