{"id":115,"date":"2016-05-05T11:13:53","date_gmt":"2016-05-05T11:13:53","guid":{"rendered":"http:\/\/physics.uwb.edu.pl\/wf\/fi-bot\/?page_id=115"},"modified":"2016-05-11T13:54:19","modified_gmt":"2016-05-11T13:54:19","slug":"fi-bot","status":"publish","type":"page","link":"https:\/\/physics.uwb.edu.pl\/wf\/fi-bot\/?page_id=115","title":{"rendered":"Fi-Bot"},"content":{"rendered":"<ul class=\"lcp_catlist\" id=\"lcp_instance_0\"><li><a href=\"https:\/\/physics.uwb.edu.pl\/wf\/fi-bot\/?p=3681\">Fi-BOT na PyStok-u<\/a><a href=\"https:\/\/physics.uwb.edu.pl\/wf\/fi-bot\/?p=3681\" title=\"Fi-BOT na PyStok-u\"><img loading=\"lazy\" decoding=\"async\" width=\"150\" height=\"150\" src=\"https:\/\/physics.uwb.edu.pl\/wf\/fi-bot\/wp-content\/uploads\/sites\/6\/2025\/05\/pystok0-150x150.png\" class=\"lcp_thumbnail wp-post-image\" alt=\"Fi-BOT na PyStok-u\" \/><\/a><\/li><li><a href=\"https:\/\/physics.uwb.edu.pl\/wf\/fi-bot\/?p=3667\">\u015awiat\u0142olub: OCZY &#8211; dob\u00f3r rezystora do dzielnika napi\u0119cia &#8211; OCZYWISTY?<\/a><a href=\"https:\/\/physics.uwb.edu.pl\/wf\/fi-bot\/?p=3667\" title=\"\u015awiat\u0142olub: OCZY - dob\u00f3r rezystora do dzielnika napi\u0119cia - OCZYWISTY?\"><img loading=\"lazy\" decoding=\"async\" width=\"150\" height=\"150\" src=\"https:\/\/physics.uwb.edu.pl\/wf\/fi-bot\/wp-content\/uploads\/sites\/6\/2025\/05\/oko0-150x150.png\" class=\"lcp_thumbnail wp-post-image\" alt=\"\u015awiat\u0142olub: OCZY - dob\u00f3r rezystora do dzielnika napi\u0119cia - OCZYWISTY?\" \/><\/a><\/li><li><a href=\"https:\/\/physics.uwb.edu.pl\/wf\/fi-bot\/?p=3659\">\u015awiat\u0142olub &#8211; (znowu) programowanie<\/a><a href=\"https:\/\/physics.uwb.edu.pl\/wf\/fi-bot\/?p=3659\" title=\"\u015awiat\u0142olub - (znowu) programowanie\"><img loading=\"lazy\" decoding=\"async\" width=\"150\" height=\"150\" src=\"https:\/\/physics.uwb.edu.pl\/wf\/fi-bot\/wp-content\/uploads\/sites\/6\/2025\/05\/1746703786742-150x150.jpg\" class=\"lcp_thumbnail wp-post-image\" alt=\"\u015awiat\u0142olub - (znowu) programowanie\" \/><\/a><\/li><li><a href=\"https:\/\/physics.uwb.edu.pl\/wf\/fi-bot\/?p=3655\">pre-KRON 2025<\/a><a href=\"https:\/\/physics.uwb.edu.pl\/wf\/fi-bot\/?p=3655\" title=\"pre-KRON 2025\"><img loading=\"lazy\" decoding=\"async\" width=\"150\" height=\"150\" src=\"https:\/\/physics.uwb.edu.pl\/wf\/fi-bot\/wp-content\/uploads\/sites\/6\/2025\/04\/1-150x150.png\" class=\"lcp_thumbnail wp-post-image\" alt=\"pre-KRON 2025\" \/><\/a><\/li><li><a href=\"https:\/\/physics.uwb.edu.pl\/wf\/fi-bot\/?p=3651\">Dni Otwarte UwB<\/a><a href=\"https:\/\/physics.uwb.edu.pl\/wf\/fi-bot\/?p=3651\" title=\"Dni Otwarte UwB\"><img loading=\"lazy\" decoding=\"async\" width=\"150\" height=\"150\" src=\"https:\/\/physics.uwb.edu.pl\/wf\/fi-bot\/wp-content\/uploads\/sites\/6\/2025\/04\/1744801206995-150x150.jpg\" class=\"lcp_thumbnail wp-post-image\" alt=\"Dni Otwarte UwB\" \/><\/a><\/li><li><a href=\"https:\/\/physics.uwb.edu.pl\/wf\/fi-bot\/?p=3643\">\u015awiat\u0142olub &#8211; programowanie<\/a><a href=\"https:\/\/physics.uwb.edu.pl\/wf\/fi-bot\/?p=3643\" title=\"\u015awiat\u0142olub - programowanie\"><img loading=\"lazy\" decoding=\"async\" width=\"150\" height=\"150\" src=\"https:\/\/physics.uwb.edu.pl\/wf\/fi-bot\/wp-content\/uploads\/sites\/6\/2025\/04\/1744186350652-e1744194256136-150x150.jpg\" class=\"lcp_thumbnail wp-post-image\" alt=\"\u015awiat\u0142olub - programowanie\" \/><\/a><\/li><li><a href=\"https:\/\/physics.uwb.edu.pl\/wf\/fi-bot\/?p=3636\">M\u0142odzie\u017cowe Podlaskie Lokalne &#8211; dofinansowanie<\/a><a href=\"https:\/\/physics.uwb.edu.pl\/wf\/fi-bot\/?p=3636\" title=\"M\u0142odzie\u017cowe Podlaskie Lokalne - dofinansowanie\"><img loading=\"lazy\" decoding=\"async\" width=\"150\" height=\"150\" src=\"https:\/\/physics.uwb.edu.pl\/wf\/fi-bot\/wp-content\/uploads\/sites\/6\/2025\/04\/mecanum_wheels-150x150.jpg\" class=\"lcp_thumbnail wp-post-image\" alt=\"M\u0142odzie\u017cowe Podlaskie Lokalne - dofinansowanie\" \/><\/a><\/li><li><a href=\"https:\/\/physics.uwb.edu.pl\/wf\/fi-bot\/?p=3633\">Oczy \u015bwiat\u0142oluba<\/a><a href=\"https:\/\/physics.uwb.edu.pl\/wf\/fi-bot\/?p=3633\" title=\"Oczy \u015bwiat\u0142oluba\"><img loading=\"lazy\" decoding=\"async\" width=\"150\" height=\"150\" src=\"https:\/\/physics.uwb.edu.pl\/wf\/fi-bot\/wp-content\/uploads\/sites\/6\/2025\/04\/1744014719521-e1744030843216-150x150.jpg\" class=\"lcp_thumbnail wp-post-image\" alt=\"Oczy \u015bwiat\u0142oluba\" \/><\/a><\/li><li><a href=\"https:\/\/physics.uwb.edu.pl\/wf\/fi-bot\/?p=3628\">fotorezystor &#8211; oczy \u015bwiat\u0142oluba<\/a><a href=\"https:\/\/physics.uwb.edu.pl\/wf\/fi-bot\/?p=3628\" title=\"fotorezystor - oczy \u015bwiat\u0142oluba\"><img loading=\"lazy\" decoding=\"async\" width=\"150\" height=\"150\" src=\"https:\/\/physics.uwb.edu.pl\/wf\/fi-bot\/wp-content\/uploads\/sites\/6\/2025\/04\/23c894276a-738988983-150x150.jpg\" class=\"lcp_thumbnail wp-post-image\" alt=\"fotorezystor - oczy \u015bwiat\u0142oluba\" \/><\/a><\/li><li><a href=\"https:\/\/physics.uwb.edu.pl\/wf\/fi-bot\/?p=3617\">dwa k\u00f3\u0142ka<\/a><a href=\"https:\/\/physics.uwb.edu.pl\/wf\/fi-bot\/?p=3617\" title=\"dwa k\u00f3\u0142ka\"><img loading=\"lazy\" decoding=\"async\" width=\"150\" height=\"150\" src=\"https:\/\/physics.uwb.edu.pl\/wf\/fi-bot\/wp-content\/uploads\/sites\/6\/2025\/04\/1744014719650-e1744029714992-150x150.jpg\" class=\"lcp_thumbnail wp-post-image\" alt=\"dwa k\u00f3\u0142ka\" \/><\/a><\/li><\/ul>\n","protected":false},"excerpt":{"rendered":"","protected":false},"author":2,"featured_media":0,"parent":0,"menu_order":0,"comment_status":"closed","ping_status":"closed","template":"","meta":{"ngg_post_thumbnail":0,"footnotes":""},"class_list":["post-115","page","type-page","status-publish","hentry","post"],"_links":{"self":[{"href":"https:\/\/physics.uwb.edu.pl\/wf\/fi-bot\/index.php?rest_route=\/wp\/v2\/pages\/115","targetHints":{"allow":["GET"]}}],"collection":[{"href":"https:\/\/physics.uwb.edu.pl\/wf\/fi-bot\/index.php?rest_route=\/wp\/v2\/pages"}],"about":[{"href":"https:\/\/physics.uwb.edu.pl\/wf\/fi-bot\/index.php?rest_route=\/wp\/v2\/types\/page"}],"author":[{"embeddable":true,"href":"https:\/\/physics.uwb.edu.pl\/wf\/fi-bot\/index.php?rest_route=\/wp\/v2\/users\/2"}],"replies":[{"embeddable":true,"href":"https:\/\/physics.uwb.edu.pl\/wf\/fi-bot\/index.php?rest_route=%2Fwp%2Fv2%2Fcomments&post=115"}],"version-history":[{"count":6,"href":"https:\/\/physics.uwb.edu.pl\/wf\/fi-bot\/index.php?rest_route=\/wp\/v2\/pages\/115\/revisions"}],"predecessor-version":[{"id":193,"href":"https:\/\/physics.uwb.edu.pl\/wf\/fi-bot\/index.php?rest_route=\/wp\/v2\/pages\/115\/revisions\/193"}],"wp:attachment":[{"href":"https:\/\/physics.uwb.edu.pl\/wf\/fi-bot\/index.php?rest_route=%2Fwp%2Fv2%2Fmedia&parent=115"}],"curies":[{"name":"wp","href":"https:\/\/api.w.org\/{rel}","templated":true}]}}