{"id":120,"date":"2016-05-05T11:17:40","date_gmt":"2016-05-05T11:17:40","guid":{"rendered":"http:\/\/physics.uwb.edu.pl\/wf\/fi-bot\/?page_id=120"},"modified":"2023-10-25T07:58:21","modified_gmt":"2023-10-25T07:58:21","slug":"glowna","status":"publish","type":"page","link":"https:\/\/physics.uwb.edu.pl\/wf\/fi-bot\/","title":{"rendered":"G\u0142\u00f3wna"},"content":{"rendered":"\n<p>W dniu 24 listopada 2015 r. wystartowa\u0142o&nbsp;Ko\u0142o Naukowe Robotyk\u00f3w Fi-BOT na Wydziale Fizyki (decyzja DDS\/SS\/426-REJ.FIZ\/862\/2015 Prorektora Uniwersytetu w Bia\u0142ymstoku ds. Dydaktycznych i Studenckich).<\/p>\n\n\n\n<figure class=\"wp-block-image size-full\"><img loading=\"lazy\" decoding=\"async\" width=\"960\" height=\"645\" src=\"https:\/\/physics.uwb.edu.pl\/wf\/fi-bot\/wp-content\/uploads\/sites\/6\/2016\/05\/fibot-logo.gif\" alt=\"\" class=\"wp-image-387\"\/><\/figure>\n\n\n<p>Zaproszeni s\u0105 wszyscy&nbsp;<strong>studenci Uniwersytetu w Bia\u0142ymstoku&nbsp;<\/strong>(niezale\u017cnie od roku i specjalno\u015bci studi\u00f3w). Zaj\u0119cia w roku akademickim 2023\/20234 b\u0119d\u0105 odbywa\u0107 si\u0119 w <strong>Kampusie UwB, Wydzia\u0142 Fizyki<\/strong> &#8211; termin do ustalenia z zainteresowanymi Studentami, zapraszam do rozmowy (patrz post &#8222;<a href=\"https:\/\/physics.uwb.edu.pl\/wf\/fi-bot\/?p=3487\">Spotkanie organizacyjne 2023\/24<\/a>&#8222;).<strong><br><\/strong><\/p>\n<p style=\"text-align: left;\">Rozpocz\u0119li\u015bmy od poznania platformy <strong>Arduino<\/strong> (ci\u0105gle kontynuujemy). <del>W planach mamy programowanie Raspberry Pi<\/del>. Je\u015bli wi\u0119c pragniesz nauczy\u0107 si\u0119\/podszkoli\u0107 w programowaniu, pozna\u0107 tajniki budowy prostych (ale bardzo efektownych!) uk\u0142ad\u00f3w elektronicznych \u2013 serdecznie zapraszam. Zdobyta wiedza przyda Ci si\u0119 tworz\u0105c swoje w\u0142asne projekty \u2013 pomys\u0142owe gad\u017cety elektroniczne, inteligentne domy, roboty\u2026 Nie przejmuj si\u0119 tak\u017ce prostymi projektami &#8211; od czego\u015b trzeba zacz\u0105\u0107! Nie musi to by\u0107 rakieta w kosmos \ud83d\ude09<\/p>\n<p style=\"text-align: left;\"><strong>Zainwestuj w siebie<\/strong> i podejmij wysi\u0142ek nauki czego\u015b konkretnego a nie b\u0119dziesz narzeka\u0107 na swoje studia &#8211; no chyba, \u017ce Twoim marzeniem jest praca na zmywaku w Anglii \ud83d\ude1b Warto uczestniczy\u0107 w zaj\u0119ciach ko\u0142a naukowego, bo dzi\u0119ki aktywnemu uczestnictwu <strong>wype\u0142nisz swoje CV<\/strong> czym\u015b konkretnym i zwr\u00f3cisz uwag\u0119 potencjalnego pracodawcy. Na rynku pracy jest wielu absolwent\u00f3w, wi\u0119kszo\u015b\u0107 siedzia\u0142a grzecznie w \u0142awkach i zdobywa\u0142a (dobre) oceny &#8211; a Ty masz okazj\u0119 wykaza\u0107 si\u0119 czym\u015b wi\u0119cej. Nie zmarnuj tej szansy! Dodatkowo: projekt tworzony &#8222;na luzie&#8221; w ramach ko\u0142a mo\u017ce sta\u0107 si\u0119 Twoim projektem zaliczeniowym (licencjat, mgr).<\/p>\n<p style=\"text-align: left;\">Partnerem Ko\u0142a Fi-BOT jest firma <a href=\"https:\/\/botland.com.pl\/\">BOTLAND<\/a> &#8211; oferuj\u0105ca szeroki asortyment elektroniki, mechaniki i wiedzy dla og\u00f3lnie poj\u0119tej robotyki. Witryna sklepu otworzy si\u0119 po klikni\u0119ciu na baner naszego Partnera:<\/p>\n<p style=\"text-align: left;\"><img loading=\"lazy\" decoding=\"async\" class=\"alignnone wp-image-413 size-full\" src=\"https:\/\/physics.uwb.edu.pl\/wf\/fi-bot\/wp-content\/uploads\/sites\/6\/2016\/05\/logo_botland.png\" alt=\"\" width=\"1711\" height=\"391\" srcset=\"https:\/\/physics.uwb.edu.pl\/wf\/fi-bot\/wp-content\/uploads\/sites\/6\/2016\/05\/logo_botland.png 1711w, https:\/\/physics.uwb.edu.pl\/wf\/fi-bot\/wp-content\/uploads\/sites\/6\/2016\/05\/logo_botland-300x69.png 300w, https:\/\/physics.uwb.edu.pl\/wf\/fi-bot\/wp-content\/uploads\/sites\/6\/2016\/05\/logo_botland-768x176.png 768w, https:\/\/physics.uwb.edu.pl\/wf\/fi-bot\/wp-content\/uploads\/sites\/6\/2016\/05\/logo_botland-1024x234.png 1024w\" sizes=\"auto, (max-width: 1711px) 100vw, 1711px\" \/><\/p>\n<p style=\"text-align: left;\">Oczywi\u015bcie Cz\u0142onkowie Fi-BOTa mog\u0105 liczy\u0107 na rabaty podczas zakup\u00f3w w Botlandzie.&nbsp;To dobry pow\u00f3d, by ucz\u0119szcza\u0107 na nasze zaj\u0119cia! Nie chcesz kupowa\u0107 zestawu Aruino, bo nie wiesz, czy Ci\u0119 to kr\u0119ci? Wi\u0119c pobaw si\u0119&nbsp;<strong>wirtualnym Arduino<\/strong> w swoim komputerze &#8211; to nic nie kosztuje! Kliknij link poni\u017cej i rozpocznij przygod\u0119!<\/p>\n<p><img loading=\"lazy\" decoding=\"async\" class=\"alignnone wp-image-1314 size-full\" src=\"https:\/\/physics.uwb.edu.pl\/wf\/fi-bot\/wp-content\/uploads\/sites\/6\/2018\/06\/tinkercad-logo2-1.png\" alt=\"\" width=\"393\" height=\"128\" srcset=\"https:\/\/physics.uwb.edu.pl\/wf\/fi-bot\/wp-content\/uploads\/sites\/6\/2018\/06\/tinkercad-logo2-1.png 393w, https:\/\/physics.uwb.edu.pl\/wf\/fi-bot\/wp-content\/uploads\/sites\/6\/2018\/06\/tinkercad-logo2-1-300x98.png 300w\" sizes=\"auto, (max-width: 393px) 100vw, 393px\" \/><\/p>\n<p style=\"text-align: right;\">Nie czekaj, zadbaj ju\u017c o swoj\u0105 przysz\u0142o\u015b\u0107!<br>dr <a href=\"http:\/\/physics.uwb.edu.pl\/wf\/?pracownik=krzysztof-gawryluk&amp;lang=pl\">Krzysztof Gawryluk<\/a> (tel. 85 738 81 98)<\/p>\n\n\n<figure class=\"wp-block-image size-large\"><img loading=\"lazy\" decoding=\"async\" width=\"1024\" height=\"768\" src=\"https:\/\/physics.uwb.edu.pl\/wf\/fi-bot\/wp-content\/uploads\/sites\/6\/2023\/10\/IMG20231006100120-1024x768.jpg\" alt=\"\" class=\"wp-image-3507\" srcset=\"https:\/\/physics.uwb.edu.pl\/wf\/fi-bot\/wp-content\/uploads\/sites\/6\/2023\/10\/IMG20231006100120-1024x768.jpg 1024w, https:\/\/physics.uwb.edu.pl\/wf\/fi-bot\/wp-content\/uploads\/sites\/6\/2023\/10\/IMG20231006100120-300x225.jpg 300w, https:\/\/physics.uwb.edu.pl\/wf\/fi-bot\/wp-content\/uploads\/sites\/6\/2023\/10\/IMG20231006100120-768x576.jpg 768w, https:\/\/physics.uwb.edu.pl\/wf\/fi-bot\/wp-content\/uploads\/sites\/6\/2023\/10\/IMG20231006100120-1536x1152.jpg 1536w, https:\/\/physics.uwb.edu.pl\/wf\/fi-bot\/wp-content\/uploads\/sites\/6\/2023\/10\/IMG20231006100120.jpg 1600w\" sizes=\"auto, (max-width: 1024px) 100vw, 1024px\" \/><figcaption class=\"wp-element-caption\">Pok\u00f3j 1058 (Kampus, Wydzia\u0142 Fizyki) ko\u0142a Fi-BOT &#8211; mamy tu wszystko co trzeba, narz\u0119dzia, lutownic\u0119, zasilacze, kompy&#8230; zapraszamy!<\/figcaption><\/figure>\n\n\n\n<p>Nie czekaj, zadbaj ju\u017c o swoj\u0105 przysz\u0142o\u015b\u0107!<br>dr <a href=\"http:\/\/physics.uwb.edu.pl\/wf\/?pracownik=krzysztof-gawryluk&amp;lang=pl\">Krzysztof Gawryluk<\/a> (tel. 85 738 81 98)<\/p>\n","protected":false},"excerpt":{"rendered":"<p>W dniu 24 listopada 2015 r. wystartowa\u0142o&nbsp;Ko\u0142o Naukowe Robotyk\u00f3w Fi-BOT na Wydziale Fizyki (decyzja DDS\/SS\/426-REJ.FIZ\/862\/2015 Prorektora Uniwersytetu w Bia\u0142ymstoku ds. Dydaktycznych i Studenckich). Zaproszeni s\u0105 wszyscy&nbsp;studenci Uniwersytetu w Bia\u0142ymstoku&nbsp;(niezale\u017cnie od roku i specjalno\u015bci studi\u00f3w). Zaj\u0119cia w roku akademickim 2023\/20234 b\u0119d\u0105 odbywa\u0107 si\u0119 w Kampusie UwB, Wydzia\u0142 Fizyki &#8211; termin do ustalenia z zainteresowanymi Studentami, zapraszam [&hellip;]<\/p>\n","protected":false},"author":5,"featured_media":0,"parent":0,"menu_order":0,"comment_status":"closed","ping_status":"closed","template":"","meta":{"ngg_post_thumbnail":0,"footnotes":""},"class_list":["post-120","page","type-page","status-publish","hentry","post"],"_links":{"self":[{"href":"https:\/\/physics.uwb.edu.pl\/wf\/fi-bot\/index.php?rest_route=\/wp\/v2\/pages\/120","targetHints":{"allow":["GET"]}}],"collection":[{"href":"https:\/\/physics.uwb.edu.pl\/wf\/fi-bot\/index.php?rest_route=\/wp\/v2\/pages"}],"about":[{"href":"https:\/\/physics.uwb.edu.pl\/wf\/fi-bot\/index.php?rest_route=\/wp\/v2\/types\/page"}],"author":[{"embeddable":true,"href":"https:\/\/physics.uwb.edu.pl\/wf\/fi-bot\/index.php?rest_route=\/wp\/v2\/users\/5"}],"replies":[{"embeddable":true,"href":"https:\/\/physics.uwb.edu.pl\/wf\/fi-bot\/index.php?rest_route=%2Fwp%2Fv2%2Fcomments&post=120"}],"version-history":[{"count":31,"href":"https:\/\/physics.uwb.edu.pl\/wf\/fi-bot\/index.php?rest_route=\/wp\/v2\/pages\/120\/revisions"}],"predecessor-version":[{"id":3533,"href":"https:\/\/physics.uwb.edu.pl\/wf\/fi-bot\/index.php?rest_route=\/wp\/v2\/pages\/120\/revisions\/3533"}],"wp:attachment":[{"href":"https:\/\/physics.uwb.edu.pl\/wf\/fi-bot\/index.php?rest_route=%2Fwp%2Fv2%2Fmedia&parent=120"}],"curies":[{"name":"wp","href":"https:\/\/api.w.org\/{rel}","templated":true}]}}