{"id":1453,"date":"2018-12-28T07:48:07","date_gmt":"2018-12-28T07:48:07","guid":{"rendered":"http:\/\/physics.uwb.edu.pl\/wf\/fi-bot\/?page_id=1453"},"modified":"2023-10-06T07:39:06","modified_gmt":"2023-10-06T07:39:06","slug":"wspolpraca-ze-szkolami","status":"publish","type":"page","link":"https:\/\/physics.uwb.edu.pl\/wf\/fi-bot\/?page_id=1453","title":{"rendered":"Wsp\u00f3\u0142praca ze szko\u0142ami"},"content":{"rendered":"<p>Wsp\u00f3\u0142pracujemy ze szko\u0142ami w ramach r\u00f3\u017cnych projekt\u00f3w miejskich\/uczelnianych\/indywidualnych. Skonataktuj si\u0119 z nami je\u015bli chcesz nawi\u0105za\u0107 wsp\u00f3\u0142prac\u0119. Zrealizowane projekty:<\/p>\n<ul>\n<li><strong>Liceum Mo\u0144ki<br \/>\n<\/strong>Uczniowie z LO w Mo\u0144kach rozpocz\u0119li warsztaty z fizyki &#8211; zaj\u0119cia obejmuj\u0105 spotkania w trzech blokach tematycznych: 1) Eksperymenty fizyczne sterowane komputerem, 2) Klasyczne eksperymenty fizyczne oraz 3) Arduino w sterowaniu obwodami pr\u0105du (wi\u0119cej).<\/li>\n<li><strong>Przygotowania do Destination Imagination &#8211; <a href=\"https:\/\/physics.uwb.edu.pl\/wf\/fi-bot\/?p=3475\">ponownie, rok 2022<\/a><br \/>\n<img loading=\"lazy\" decoding=\"async\" class=\"alignnone size-full wp-image-1471\" src=\"http:\/\/physics.uwb.edu.pl\/wf\/fi-bot\/wp-content\/uploads\/sites\/6\/2019\/01\/destination-imagination.png\" alt=\"\" width=\"308\" height=\"80\" srcset=\"https:\/\/physics.uwb.edu.pl\/wf\/fi-bot\/wp-content\/uploads\/sites\/6\/2019\/01\/destination-imagination.png 308w, https:\/\/physics.uwb.edu.pl\/wf\/fi-bot\/wp-content\/uploads\/sites\/6\/2019\/01\/destination-imagination-300x78.png 300w\" sizes=\"auto, (max-width: 308px) 100vw, 308px\" \/><\/strong><\/li>\n<li><strong>Przygotowania do Destination Imagination &#8211; <\/strong><a href=\"https:\/\/physics.uwb.edu.pl\/wf\/fi-bot\/?p=1598\">sukces licealist\u00f3w!<\/a><strong><br \/>\n<img loading=\"lazy\" decoding=\"async\" class=\"alignnone size-full wp-image-1471\" src=\"http:\/\/physics.uwb.edu.pl\/wf\/fi-bot\/wp-content\/uploads\/sites\/6\/2019\/01\/destination-imagination.png\" alt=\"\" width=\"308\" height=\"80\" srcset=\"https:\/\/physics.uwb.edu.pl\/wf\/fi-bot\/wp-content\/uploads\/sites\/6\/2019\/01\/destination-imagination.png 308w, https:\/\/physics.uwb.edu.pl\/wf\/fi-bot\/wp-content\/uploads\/sites\/6\/2019\/01\/destination-imagination-300x78.png 300w\" sizes=\"auto, (max-width: 308px) 100vw, 308px\" \/><\/strong><br \/>\n6 uczni\u00f3w z I LO im. Adama Mickiewicza w Bia\u0142ymstoku, kierowanych przez nauczyciela fizyki &#8211; mgr. Paw\u0142a Andryszaka (absolwenta Wydzia\u0142u Fizyki UwB) przygotowuj\u0105 si\u0119 do mi\u0119dzynarodowej olimpiady. Trafili do nas nauczy\u0107 si\u0119 programowania elektroniki (<a href=\"http:\/\/physics.uwb.edu.pl\/wf\/fi-bot\/?page_id=1457\">wi\u0119cej<\/a>).<\/li>\n<li><strong>Talenty XXI wieku<br \/>\n<img decoding=\"async\" src=\"http:\/\/physics.uwb.edu.pl\/wf\/fi-bot\/wp-content\/uploads\/sites\/6\/2016\/04\/talenty_logo.jpg\" alt=\"talenty_logo\"><\/strong><br \/>\n&#8222;Robotyka dla szk\u00f3\u0142&#8221;o cykl zaj\u0119\u0107 praktycznych \u0142\u0105cz\u0105cych w sobie informatyk\u0119, matematyk\u0119 i fizyk\u0119. Wsp\u00f3lnym mianownikiem jest robotyka \u2013 budowana i programowana na platformie Arduino (<a href=\"http:\/\/physics.uwb.edu.pl\/wf\/fi-bot\/?page_id=106\">wi\u0119cej<\/a>).<\/li>\n<li><strong>Warsztaty z &#8222;Fizyk\u0105 w przysz\u0142o\u015b\u0107&#8221;<br \/>\n<img loading=\"lazy\" decoding=\"async\" class=\"\" src=\"http:\/\/physics.uwb.edu.pl\/wf\/przyszlosc\/wp-content\/uploads\/sites\/7\/2016\/09\/screenshot.014.jpg\" width=\"412\" height=\"87\"><\/strong><br \/>\nDzi\u0119ki finansowaniu z Ministerstwa Nauki i Szkolnictwa Wy\u017cszego (umowa 836\/P-DUN\/2016) zaoferowali\u015bmy licelistom dwa dwumiesi\u0119czne cykle zaj\u0119\u0107 pozalekcyjnych z robotyki, projektowania i druku 3D, eksperyment\u00f3w fizycznych (<a href=\"http:\/\/przyszlosc.fizyka.uwb.edu.pl\">wi\u0119cej<\/a>).&nbsp;<\/li>\n<\/ul>\n","protected":false},"excerpt":{"rendered":"<p>Wsp\u00f3\u0142pracujemy ze szko\u0142ami w ramach r\u00f3\u017cnych projekt\u00f3w miejskich\/uczelnianych\/indywidualnych. Skonataktuj si\u0119 z nami je\u015bli chcesz nawi\u0105za\u0107 wsp\u00f3\u0142prac\u0119. Zrealizowane projekty: Liceum Mo\u0144ki Uczniowie z LO w Mo\u0144kach rozpocz\u0119li warsztaty z fizyki &#8211; zaj\u0119cia obejmuj\u0105 spotkania w trzech blokach tematycznych: 1) Eksperymenty fizyczne sterowane komputerem, 2) Klasyczne eksperymenty fizyczne oraz 3) Arduino w sterowaniu obwodami pr\u0105du (wi\u0119cej). Przygotowania [&hellip;]<\/p>\n","protected":false},"author":5,"featured_media":0,"parent":0,"menu_order":0,"comment_status":"closed","ping_status":"closed","template":"","meta":{"ngg_post_thumbnail":0,"footnotes":""},"class_list":["post-1453","page","type-page","status-publish","hentry","post"],"_links":{"self":[{"href":"https:\/\/physics.uwb.edu.pl\/wf\/fi-bot\/index.php?rest_route=\/wp\/v2\/pages\/1453","targetHints":{"allow":["GET"]}}],"collection":[{"href":"https:\/\/physics.uwb.edu.pl\/wf\/fi-bot\/index.php?rest_route=\/wp\/v2\/pages"}],"about":[{"href":"https:\/\/physics.uwb.edu.pl\/wf\/fi-bot\/index.php?rest_route=\/wp\/v2\/types\/page"}],"author":[{"embeddable":true,"href":"https:\/\/physics.uwb.edu.pl\/wf\/fi-bot\/index.php?rest_route=\/wp\/v2\/users\/5"}],"replies":[{"embeddable":true,"href":"https:\/\/physics.uwb.edu.pl\/wf\/fi-bot\/index.php?rest_route=%2Fwp%2Fv2%2Fcomments&post=1453"}],"version-history":[{"count":10,"href":"https:\/\/physics.uwb.edu.pl\/wf\/fi-bot\/index.php?rest_route=\/wp\/v2\/pages\/1453\/revisions"}],"predecessor-version":[{"id":3494,"href":"https:\/\/physics.uwb.edu.pl\/wf\/fi-bot\/index.php?rest_route=\/wp\/v2\/pages\/1453\/revisions\/3494"}],"wp:attachment":[{"href":"https:\/\/physics.uwb.edu.pl\/wf\/fi-bot\/index.php?rest_route=%2Fwp%2Fv2%2Fmedia&parent=1453"}],"curies":[{"name":"wp","href":"https:\/\/api.w.org\/{rel}","templated":true}]}}