{"id":1457,"date":"2018-12-28T08:08:09","date_gmt":"2018-12-28T08:08:09","guid":{"rendered":"http:\/\/physics.uwb.edu.pl\/wf\/fi-bot\/?page_id=1457"},"modified":"2019-03-04T08:18:23","modified_gmt":"2019-03-04T08:18:23","slug":"talenty-xxi-wieku-2","status":"publish","type":"page","link":"https:\/\/physics.uwb.edu.pl\/wf\/fi-bot\/?page_id=1457","title":{"rendered":"Destination Imagination"},"content":{"rendered":"<h1><img loading=\"lazy\" decoding=\"async\" class=\"alignnone size-full wp-image-1471\" src=\"http:\/\/physics.uwb.edu.pl\/wf\/fi-bot\/wp-content\/uploads\/sites\/6\/2019\/01\/destination-imagination.png\" alt=\"\" width=\"308\" height=\"80\" srcset=\"https:\/\/physics.uwb.edu.pl\/wf\/fi-bot\/wp-content\/uploads\/sites\/6\/2019\/01\/destination-imagination.png 308w, https:\/\/physics.uwb.edu.pl\/wf\/fi-bot\/wp-content\/uploads\/sites\/6\/2019\/01\/destination-imagination-300x78.png 300w\" sizes=\"auto, (max-width: 308px) 100vw, 308px\" \/><\/h1>\n<h1>Uprzedzaj\u0105c fakty: <strong>zwyci\u0119stwo!<\/strong> <strong>1-sze<\/strong> miejsce w konkursie!<\/h1>\n<p>Uczniowie z <strong>I LO w Bia\u0142ymstoku<\/strong> pod kierownictwem mgr Paw\u0142a Andryszaka (nauczyciel fizyki I LO o raz IV LO Bia\u0142ystok) zdobyli <strong>1-sze miejsce w olimpiadzie kreatywno\u015bci<\/strong>! Ma\u0142\u0105 cegie\u0142k\u0119 do\u0142o\u017cy\u0142 te\u017c Wydzia\u0142 Fizyki zapoznaj\u0105c uczni\u00f3w z programowaniem platformy Arduino (zaj\u0119cia dodatkowe).<\/p>\n<p><img loading=\"lazy\" decoding=\"async\" class=\"alignnone size-large wp-image-1592\" src=\"http:\/\/physics.uwb.edu.pl\/wf\/fi-bot\/wp-content\/uploads\/sites\/6\/2019\/03\/IMG-20190303-WA0000-1024x768.jpg\" alt=\"\" width=\"640\" height=\"480\" srcset=\"https:\/\/physics.uwb.edu.pl\/wf\/fi-bot\/wp-content\/uploads\/sites\/6\/2019\/03\/IMG-20190303-WA0000-1024x768.jpg 1024w, https:\/\/physics.uwb.edu.pl\/wf\/fi-bot\/wp-content\/uploads\/sites\/6\/2019\/03\/IMG-20190303-WA0000-300x225.jpg 300w, https:\/\/physics.uwb.edu.pl\/wf\/fi-bot\/wp-content\/uploads\/sites\/6\/2019\/03\/IMG-20190303-WA0000-768x576.jpg 768w, https:\/\/physics.uwb.edu.pl\/wf\/fi-bot\/wp-content\/uploads\/sites\/6\/2019\/03\/IMG-20190303-WA0000.jpg 1600w\" sizes=\"auto, (max-width: 640px) 100vw, 640px\" \/><\/p>\n<p>A poni\u017cej o tym, jak to si\u0119 zacz\u0119\u0142o i o co by\u0142o celem.<\/p>\n<h1>Przygotowania do olimpiady<\/h1>\n<p>zg\u0142osi\u0142 si\u0119 do nas nasz absolwent &#8211; mgr Pawe\u0142 Andryszak. Nauczyciel fizyki w&nbsp; I i w IV Liceum Og\u00f3lnokszta\u0142c\u0105cym w Bia\u0142ymstoku. Po raz kolejny prowadzi on grupk\u0119 zdolnych m\u0142odzie\u017cy ku zwyci\u0119stwu w <a href=\"https:\/\/www.kreatywnosc.pl\/\">mi\u0119dzynarodowej olimpiadzie.<\/a>&nbsp;Ma ju\u017c niema\u0142e sukcesy w tym konkursie &#8211; w 2016 roku jego dru\u017cyna 14SOCKS zdoby\u0142a Mistrzostwo Polski podczas Og\u00f3lnopolskiej Olimpiady Kreatywno\u015bci w kategorii technicznej oraz Vice Mistrzostwo \u015awiata w Katarskiej Olimpiadzie Kreatywno\u015bci&nbsp;w konkurencji 24-godzinnej \u201eExtreme challenge\u201d. W tym roku jego podopieczni z I LO im. Adama Mickiewicza w Bia\u0142ymstoku inwestuj\u0105 w nauk\u0119 programowania elektroniki &#8211; podstawa to platforma Arduino.<\/p>\n<h1>Co chcemy osi\u0105gn\u0105\u0107?<\/h1>\n<p>Zamierzamy zbudowa\u0107 lataj\u0105cy pojazd, co\u015b w tym stylu:<\/p>\n<p><iframe loading=\"lazy\" title=\"Autonomous blimp detects faces and hand movements\" width=\"720\" height=\"405\" src=\"https:\/\/www.youtube.com\/embed\/7NfUU1V6jxs?feature=oembed\" frameborder=\"0\" allow=\"accelerometer; autoplay; clipboard-write; encrypted-media; gyroscope; picture-in-picture\" allowfullscreen><\/iframe><\/p>\n<p>A dlaczego nie dron? odpowied\u017a jest prosta &#8211; to bardziej skomplikowane, drogie i niebezpieczne. Warto zacz\u0105\u0107 od sterowca \ud83d\ude09 Nasz plan na najbli\u017csze kilka spotka\u0144 to: poznanie podstaw programowania Arduino (piny cyfrowe, PWMy, piny analogowe), poznanie obs\u0142ugi silniczk\u00f3w, zdalne sterowanie (jeszcze nie wiem &#8211; pilotem od TV? radiowo 2,4GHz? Bluetooth? zobaczymy).&nbsp;<\/p>\n<h1>Dru\u017cyna: 6-ciu Wspania\u0142ych \ud83d\ude09<\/h1>\n<p>W akcji, pierwsze zaj\u0119cia (jeszcze si\u0119 nie poddali!)<\/p>\n<p><img loading=\"lazy\" decoding=\"async\" class=\"alignnone size-large wp-image-1458\" src=\"http:\/\/physics.uwb.edu.pl\/wf\/fi-bot\/wp-content\/uploads\/sites\/6\/2018\/12\/DSCPDC_0003_BURST20181227122516039_COVER-1024x576.jpg\" alt=\"\" width=\"640\" height=\"360\" srcset=\"https:\/\/physics.uwb.edu.pl\/wf\/fi-bot\/wp-content\/uploads\/sites\/6\/2018\/12\/DSCPDC_0003_BURST20181227122516039_COVER-1024x576.jpg 1024w, https:\/\/physics.uwb.edu.pl\/wf\/fi-bot\/wp-content\/uploads\/sites\/6\/2018\/12\/DSCPDC_0003_BURST20181227122516039_COVER-300x169.jpg 300w, https:\/\/physics.uwb.edu.pl\/wf\/fi-bot\/wp-content\/uploads\/sites\/6\/2018\/12\/DSCPDC_0003_BURST20181227122516039_COVER-768x432.jpg 768w, https:\/\/physics.uwb.edu.pl\/wf\/fi-bot\/wp-content\/uploads\/sites\/6\/2018\/12\/DSCPDC_0003_BURST20181227122516039_COVER.jpg 1800w\" sizes=\"auto, (max-width: 640px) 100vw, 640px\" \/> <img loading=\"lazy\" decoding=\"async\" class=\"alignnone size-large wp-image-1459\" src=\"http:\/\/physics.uwb.edu.pl\/wf\/fi-bot\/wp-content\/uploads\/sites\/6\/2018\/12\/DSCPDC_0001_BURST20181227122454744-1024x576.jpg\" alt=\"\" width=\"640\" height=\"360\" srcset=\"https:\/\/physics.uwb.edu.pl\/wf\/fi-bot\/wp-content\/uploads\/sites\/6\/2018\/12\/DSCPDC_0001_BURST20181227122454744-1024x576.jpg 1024w, https:\/\/physics.uwb.edu.pl\/wf\/fi-bot\/wp-content\/uploads\/sites\/6\/2018\/12\/DSCPDC_0001_BURST20181227122454744-300x169.jpg 300w, https:\/\/physics.uwb.edu.pl\/wf\/fi-bot\/wp-content\/uploads\/sites\/6\/2018\/12\/DSCPDC_0001_BURST20181227122454744-768x432.jpg 768w, https:\/\/physics.uwb.edu.pl\/wf\/fi-bot\/wp-content\/uploads\/sites\/6\/2018\/12\/DSCPDC_0001_BURST20181227122454744.jpg 1800w\" sizes=\"auto, (max-width: 640px) 100vw, 640px\" \/> <img loading=\"lazy\" decoding=\"async\" class=\"alignnone size-large wp-image-1460\" src=\"http:\/\/physics.uwb.edu.pl\/wf\/fi-bot\/wp-content\/uploads\/sites\/6\/2018\/12\/DSC_6729-1024x576.jpg\" alt=\"\" width=\"640\" height=\"360\" srcset=\"https:\/\/physics.uwb.edu.pl\/wf\/fi-bot\/wp-content\/uploads\/sites\/6\/2018\/12\/DSC_6729-1024x576.jpg 1024w, https:\/\/physics.uwb.edu.pl\/wf\/fi-bot\/wp-content\/uploads\/sites\/6\/2018\/12\/DSC_6729-300x169.jpg 300w, https:\/\/physics.uwb.edu.pl\/wf\/fi-bot\/wp-content\/uploads\/sites\/6\/2018\/12\/DSC_6729-768x432.jpg 768w, https:\/\/physics.uwb.edu.pl\/wf\/fi-bot\/wp-content\/uploads\/sites\/6\/2018\/12\/DSC_6729.jpg 1800w\" sizes=\"auto, (max-width: 640px) 100vw, 640px\" \/> <img loading=\"lazy\" decoding=\"async\" class=\"alignnone size-large wp-image-1461\" src=\"http:\/\/physics.uwb.edu.pl\/wf\/fi-bot\/wp-content\/uploads\/sites\/6\/2018\/12\/DSC_6728-1024x576.jpg\" alt=\"\" width=\"640\" height=\"360\" srcset=\"https:\/\/physics.uwb.edu.pl\/wf\/fi-bot\/wp-content\/uploads\/sites\/6\/2018\/12\/DSC_6728-1024x576.jpg 1024w, https:\/\/physics.uwb.edu.pl\/wf\/fi-bot\/wp-content\/uploads\/sites\/6\/2018\/12\/DSC_6728-300x169.jpg 300w, https:\/\/physics.uwb.edu.pl\/wf\/fi-bot\/wp-content\/uploads\/sites\/6\/2018\/12\/DSC_6728-768x432.jpg 768w, https:\/\/physics.uwb.edu.pl\/wf\/fi-bot\/wp-content\/uploads\/sites\/6\/2018\/12\/DSC_6728.jpg 1800w\" sizes=\"auto, (max-width: 640px) 100vw, 640px\" \/><\/p>\n<h1>Komplikacje&#8230; zmiana plan\u00f3w<\/h1>\n<p>Niby kto powiedzia\u0142, \u017ce b\u0119dzie \u0142atwo? Po wnikliwej analizie zasad konkursu okaza\u0142o si\u0119, \u017ce nie mo\u017cna zastosowa\u0107 bateri Li-Pol, Li-Ion i podobnych, tym samym eliminuj\u0105c pierwotny pomys\u0142 &#8222;sterowca&#8221;. Czasu coraz mniej a balon ma jednak lata\u0107&#8230; Na szcz\u0119\u015bcie Dru\u017cyna okaza\u0142a si\u0119 godna udzia\u0142u w Olipiadzie Kreatywno\u015bci bo skonstruowali pojazd sterowany (manualnie) z ziemi, wykorzystuj\u0105c balon z helem i &#8230; ci\u0105g powietrza!<\/p>\n<p><img loading=\"lazy\" decoding=\"async\" class=\"alignnone wp-image-1602\" src=\"http:\/\/physics.uwb.edu.pl\/wf\/fi-bot\/wp-content\/uploads\/sites\/6\/2019\/03\/Screenshot_20190304-091336-696x1024.png\" alt=\"\" width=\"400\" height=\"588\" srcset=\"https:\/\/physics.uwb.edu.pl\/wf\/fi-bot\/wp-content\/uploads\/sites\/6\/2019\/03\/Screenshot_20190304-091336-696x1024.png 696w, https:\/\/physics.uwb.edu.pl\/wf\/fi-bot\/wp-content\/uploads\/sites\/6\/2019\/03\/Screenshot_20190304-091336-204x300.png 204w, https:\/\/physics.uwb.edu.pl\/wf\/fi-bot\/wp-content\/uploads\/sites\/6\/2019\/03\/Screenshot_20190304-091336.png 714w\" sizes=\"auto, (max-width: 400px) 100vw, 400px\" \/><\/p>\n<p>Ca\u0142a konstrukcja w wersji finalnej umieszczona jest na platformie z k\u00f3\u0142kami, a steruje si\u0119 ni\u0105 &#8222;analogowo&#8221; przez wyszkolonego operatora \ud83d\ude09&nbsp;<\/p>\n<h1>Pomiar ci\u0105gu silnika<\/h1>\n<div style=\"width: 720px;\" class=\"wp-video\"><video class=\"wp-video-shortcode\" id=\"video-1457-1\" width=\"720\" height=\"405\" preload=\"metadata\" controls=\"controls\"><source type=\"video\/mp4\" src=\"http:\/\/physics.uwb.edu.pl\/wf\/fi-bot\/wp-content\/uploads\/sites\/6\/2019\/01\/MOV_6762.mp4?_=1\" \/><a href=\"http:\/\/physics.uwb.edu.pl\/wf\/fi-bot\/wp-content\/uploads\/sites\/6\/2019\/01\/MOV_6762.mp4\">http:\/\/physics.uwb.edu.pl\/wf\/fi-bot\/wp-content\/uploads\/sites\/6\/2019\/01\/MOV_6762.mp4<\/a><\/video><\/div>\n<p>Wi\u0119cj o pomiarze <a href=\"http:\/\/physics.uwb.edu.pl\/wf\/fi-bot\/?p=1479\">tutaj<\/a>&#8230;.<\/p>\n","protected":false},"excerpt":{"rendered":"<p>Uprzedzaj\u0105c fakty: zwyci\u0119stwo! 1-sze miejsce w konkursie! Uczniowie z I LO w Bia\u0142ymstoku pod kierownictwem mgr Paw\u0142a Andryszaka (nauczyciel fizyki I LO o raz IV LO Bia\u0142ystok) zdobyli 1-sze miejsce w olimpiadzie kreatywno\u015bci! Ma\u0142\u0105 cegie\u0142k\u0119 do\u0142o\u017cy\u0142 te\u017c Wydzia\u0142 Fizyki zapoznaj\u0105c uczni\u00f3w z programowaniem platformy Arduino (zaj\u0119cia dodatkowe). A poni\u017cej o tym, jak to si\u0119 zacz\u0119\u0142o [&hellip;]<\/p>\n","protected":false},"author":5,"featured_media":1459,"parent":0,"menu_order":0,"comment_status":"closed","ping_status":"closed","template":"","meta":{"ngg_post_thumbnail":0,"footnotes":""},"class_list":["post-1457","page","type-page","status-publish","has-post-thumbnail","hentry","post","post-with-thumbnail","post-with-thumbnail-large"],"_links":{"self":[{"href":"https:\/\/physics.uwb.edu.pl\/wf\/fi-bot\/index.php?rest_route=\/wp\/v2\/pages\/1457","targetHints":{"allow":["GET"]}}],"collection":[{"href":"https:\/\/physics.uwb.edu.pl\/wf\/fi-bot\/index.php?rest_route=\/wp\/v2\/pages"}],"about":[{"href":"https:\/\/physics.uwb.edu.pl\/wf\/fi-bot\/index.php?rest_route=\/wp\/v2\/types\/page"}],"author":[{"embeddable":true,"href":"https:\/\/physics.uwb.edu.pl\/wf\/fi-bot\/index.php?rest_route=\/wp\/v2\/users\/5"}],"replies":[{"embeddable":true,"href":"https:\/\/physics.uwb.edu.pl\/wf\/fi-bot\/index.php?rest_route=%2Fwp%2Fv2%2Fcomments&post=1457"}],"version-history":[{"count":12,"href":"https:\/\/physics.uwb.edu.pl\/wf\/fi-bot\/index.php?rest_route=\/wp\/v2\/pages\/1457\/revisions"}],"predecessor-version":[{"id":1603,"href":"https:\/\/physics.uwb.edu.pl\/wf\/fi-bot\/index.php?rest_route=\/wp\/v2\/pages\/1457\/revisions\/1603"}],"wp:featuredmedia":[{"embeddable":true,"href":"https:\/\/physics.uwb.edu.pl\/wf\/fi-bot\/index.php?rest_route=\/wp\/v2\/media\/1459"}],"wp:attachment":[{"href":"https:\/\/physics.uwb.edu.pl\/wf\/fi-bot\/index.php?rest_route=%2Fwp%2Fv2%2Fmedia&parent=1457"}],"curies":[{"name":"wp","href":"https:\/\/api.w.org\/{rel}","templated":true}]}}