{"id":151,"date":"2016-05-06T06:52:20","date_gmt":"2016-05-06T06:52:20","guid":{"rendered":"http:\/\/physics.uwb.edu.pl\/wf\/fi-bot\/?page_id=151"},"modified":"2021-08-15T06:50:45","modified_gmt":"2021-08-15T06:50:45","slug":"ciekawostki","status":"publish","type":"page","link":"https:\/\/physics.uwb.edu.pl\/wf\/fi-bot\/?page_id=151","title":{"rendered":"Ciekawostki"},"content":{"rendered":"<p>Strona po\u015bwi\u0119cona ciekawostkom zwi\u0105zanym z robotyk\u0105 &#8211; nowinki sprz\u0119towe, nowinki softwarowe, co\u015b humorystycznego (w ko\u0144cu to <strong>studenckie<\/strong> Ko\u0142o Naukowe, wi\u0119c na luz te\u017c nas sta\u0107!).<\/p>\n<h3 id=\"the-untold-history-of-arduino\n\nby-hernando-barrag\u00e1n\" class=\"masthead-title no-anchor\"><a href=\"https:\/\/arduinohistory.github.io\/\">The Untold History of Arduino<\/a> <small>by Hernando Barrag\u00e1n<\/small><\/h3>\n<h3 class=\"masthead-title no-anchor\">Warto zapozna\u0107 si\u0119 z histori\u0105 powstania Arduino &#8211; <a href=\"https:\/\/arduinohistory.github.io\/\">historia tego projektu<\/a> uczy, \u017ce trzeba dba\u0107 o swoje interesy, w przeciwnym przypadku &#8222;koledzy&#8221; mog\u0105 ci\u0119 wykiwa\u0107&#8230; tekst po angielsku ale warty poznania.<\/h3>\n<p><a href=\"https:\/\/www.rugged-circuits.com\/10-ways-to-destroy-an-arduino\/\" target=\"_blank\" rel=\"noopener\">10 sposob\u00f3w na zniszczenie Arduino<\/a> &#8211; ciekawy artyku\u0142, bynajmniej nie chodzi o destrukcj\u0119 &#8211; ale dowiemy si\u0119 z niego, jak to wszystko dzia\u0142a.<\/p>\n<ul class=\"lcp_catlist\" id=\"lcp_instance_0\"><li><a href=\"https:\/\/physics.uwb.edu.pl\/wf\/fi-bot\/?p=3373\">Arduino shields list<\/a><\/li><li><a href=\"https:\/\/physics.uwb.edu.pl\/wf\/fi-bot\/?p=2914\">Od pomys\u0142u do wdro\u017cenia<\/a><\/li><li><a href=\"https:\/\/physics.uwb.edu.pl\/wf\/fi-bot\/?p=2846\">\u0141azik Perseverance i jego CPU<\/a><\/li><li><a href=\"https:\/\/physics.uwb.edu.pl\/wf\/fi-bot\/?p=2689\">Seeeduino XIAO<\/a><\/li><li><a href=\"https:\/\/physics.uwb.edu.pl\/wf\/fi-bot\/?p=2314\">RaspberryPi 4 &#8211; test Mathematicy<\/a><\/li><li><a href=\"https:\/\/physics.uwb.edu.pl\/wf\/fi-bot\/?p=2005\">Arduino z taktowaniem 600MHz?<\/a><\/li><li><a href=\"https:\/\/physics.uwb.edu.pl\/wf\/fi-bot\/?p=1834\">&#8222;Zbrojenie&#8221; wydruk\u00f3w 3D<\/a><\/li><li><a href=\"https:\/\/physics.uwb.edu.pl\/wf\/fi-bot\/?p=1837\">Malinka v4 oraz &#8222;Buster&#8221; &#8211; nowy Raspbian<\/a><\/li><li><a href=\"https:\/\/physics.uwb.edu.pl\/wf\/fi-bot\/?p=1285\">TinkerCAD &#8211; wirtualne Arduino &#8211; dla pocz\u0105tkuj\u0105cych (i nie tylko)<\/a><\/li><li><a href=\"https:\/\/physics.uwb.edu.pl\/wf\/fi-bot\/?p=1258\">Arduino &#8211; nowo\u015bci<\/a><\/li><\/ul>\n\n\n<h2 class=\"wp-block-heading\">Zabawne? inspiracja!<\/h2>\n\n\n\n<p>Ta cz\u0119\u015b\u0107 strony to filmiki motywuj\u0105ce \ud83d\ude09 bynajmniej nie de-motywatory!!<\/p>\n\n\n\n<figure class=\"wp-block-embed is-type-video is-provider-youtube wp-block-embed-youtube wp-embed-aspect-16-9 wp-has-aspect-ratio\"><div class=\"wp-block-embed__wrapper\">\n<iframe loading=\"lazy\" title=\"InredBot PG\" width=\"720\" height=\"405\" src=\"https:\/\/www.youtube.com\/embed\/qO4pLGB_12s?feature=oembed\" frameborder=\"0\" allow=\"accelerometer; autoplay; clipboard-write; encrypted-media; gyroscope; picture-in-picture\" allowfullscreen><\/iframe>\n<\/div><\/figure>\n\n\n\n<figure class=\"wp-block-embed is-type-video is-provider-youtube wp-block-embed-youtube wp-embed-aspect-16-9 wp-has-aspect-ratio\"><div class=\"wp-block-embed__wrapper\">\n<iframe loading=\"lazy\" title=\"Hexapod\" width=\"720\" height=\"405\" src=\"https:\/\/www.youtube.com\/embed\/V8x5XLoI1ag?feature=oembed\" frameborder=\"0\" allow=\"accelerometer; autoplay; clipboard-write; encrypted-media; gyroscope; picture-in-picture\" allowfullscreen><\/iframe>\n<\/div><\/figure>\n\n\n\n<figure class=\"wp-block-embed is-type-video is-provider-youtube wp-block-embed-youtube wp-embed-aspect-16-9 wp-has-aspect-ratio\"><div class=\"wp-block-embed__wrapper\">\n<iframe loading=\"lazy\" title=\"Pixel &amp; Play - Demos\" width=\"720\" height=\"405\" src=\"https:\/\/www.youtube.com\/embed\/bXoufN0ipHg?start=20&#038;feature=oembed\" frameborder=\"0\" allow=\"accelerometer; autoplay; clipboard-write; encrypted-media; gyroscope; picture-in-picture\" allowfullscreen><\/iframe>\n<\/div><\/figure>\n","protected":false},"excerpt":{"rendered":"<p>Strona po\u015bwi\u0119cona ciekawostkom zwi\u0105zanym z robotyk\u0105 &#8211; nowinki sprz\u0119towe, nowinki softwarowe, co\u015b humorystycznego (w ko\u0144cu to studenckie Ko\u0142o Naukowe, wi\u0119c na luz te\u017c nas sta\u0107!). The Untold History of Arduino by Hernando Barrag\u00e1n Warto zapozna\u0107 si\u0119 z histori\u0105 powstania Arduino &#8211; historia tego projektu uczy, \u017ce trzeba dba\u0107 o swoje interesy, w przeciwnym przypadku &#8222;koledzy&#8221; [&hellip;]<\/p>\n","protected":false},"author":5,"featured_media":0,"parent":0,"menu_order":0,"comment_status":"closed","ping_status":"closed","template":"","meta":{"ngg_post_thumbnail":0,"footnotes":""},"class_list":["post-151","page","type-page","status-publish","hentry","post"],"_links":{"self":[{"href":"https:\/\/physics.uwb.edu.pl\/wf\/fi-bot\/index.php?rest_route=\/wp\/v2\/pages\/151","targetHints":{"allow":["GET"]}}],"collection":[{"href":"https:\/\/physics.uwb.edu.pl\/wf\/fi-bot\/index.php?rest_route=\/wp\/v2\/pages"}],"about":[{"href":"https:\/\/physics.uwb.edu.pl\/wf\/fi-bot\/index.php?rest_route=\/wp\/v2\/types\/page"}],"author":[{"embeddable":true,"href":"https:\/\/physics.uwb.edu.pl\/wf\/fi-bot\/index.php?rest_route=\/wp\/v2\/users\/5"}],"replies":[{"embeddable":true,"href":"https:\/\/physics.uwb.edu.pl\/wf\/fi-bot\/index.php?rest_route=%2Fwp%2Fv2%2Fcomments&post=151"}],"version-history":[{"count":8,"href":"https:\/\/physics.uwb.edu.pl\/wf\/fi-bot\/index.php?rest_route=\/wp\/v2\/pages\/151\/revisions"}],"predecessor-version":[{"id":3065,"href":"https:\/\/physics.uwb.edu.pl\/wf\/fi-bot\/index.php?rest_route=\/wp\/v2\/pages\/151\/revisions\/3065"}],"wp:attachment":[{"href":"https:\/\/physics.uwb.edu.pl\/wf\/fi-bot\/index.php?rest_route=%2Fwp%2Fv2%2Fmedia&parent=151"}],"curies":[{"name":"wp","href":"https:\/\/api.w.org\/{rel}","templated":true}]}}