{"id":174,"date":"2016-05-09T10:58:38","date_gmt":"2016-05-09T10:58:38","guid":{"rendered":"http:\/\/physics.uwb.edu.pl\/wf\/fi-bot\/?page_id=174"},"modified":"2017-01-25T11:07:29","modified_gmt":"2017-01-25T11:07:29","slug":"wydzial-fizyki","status":"publish","type":"page","link":"https:\/\/physics.uwb.edu.pl\/wf\/fi-bot\/?page_id=174","title":{"rendered":"Wydzia\u0142 Fizyki"},"content":{"rendered":"<p><a href=\"http:\/\/fizyka.uwb.edu.pl\" target=\"_blank\"><img loading=\"lazy\" decoding=\"async\" class=\"alignnone wp-image-175 size-medium\" src=\"http:\/\/physics.uwb.edu.pl\/wf\/fi-bot\/wp-content\/uploads\/sites\/6\/2016\/05\/wydzial-2-300x199.jpg\" alt=\"wydzial-2\" width=\"300\" height=\"199\" srcset=\"https:\/\/physics.uwb.edu.pl\/wf\/fi-bot\/wp-content\/uploads\/sites\/6\/2016\/05\/wydzial-2-300x199.jpg 300w, https:\/\/physics.uwb.edu.pl\/wf\/fi-bot\/wp-content\/uploads\/sites\/6\/2016\/05\/wydzial-2-768x510.jpg 768w, https:\/\/physics.uwb.edu.pl\/wf\/fi-bot\/wp-content\/uploads\/sites\/6\/2016\/05\/wydzial-2-600x400.jpg 600w, https:\/\/physics.uwb.edu.pl\/wf\/fi-bot\/wp-content\/uploads\/sites\/6\/2016\/05\/wydzial-2.jpg 1000w\" sizes=\"auto, (max-width: 300px) 100vw, 300px\" \/><\/a><\/p>\n<h2>Ko\u0142o Naukowe Fizyk\u00f3w na Wydziale Fizyki UwB<\/h2>\n<p><a href=\"http:\/\/physics.uwb.edu.pl\/wf\/knf\/\"><img loading=\"lazy\" decoding=\"async\" class=\"alignnone  wp-image-566\" src=\"http:\/\/physics.uwb.edu.pl\/wf\/fi-bot\/wp-content\/uploads\/sites\/6\/2016\/05\/knf-1-300x63.png\" alt=\"\" width=\"305\" height=\"64\" srcset=\"https:\/\/physics.uwb.edu.pl\/wf\/fi-bot\/wp-content\/uploads\/sites\/6\/2016\/05\/knf-1-300x63.png 300w, https:\/\/physics.uwb.edu.pl\/wf\/fi-bot\/wp-content\/uploads\/sites\/6\/2016\/05\/knf-1-768x162.png 768w, https:\/\/physics.uwb.edu.pl\/wf\/fi-bot\/wp-content\/uploads\/sites\/6\/2016\/05\/knf-1.png 940w\" sizes=\"auto, (max-width: 305px) 100vw, 305px\" \/><\/a><\/p>\n<h2>Fizyka Gier Komputerowych i Robot\u00f3w<\/h2>\n<p><strong>nowa<\/strong> specjalno\u015b\u0107 w rekrutacji 2016\/2017!<\/p>\n<p><a href=\"http:\/\/gry.fizyka.uwb.edu.pl\" target=\"_blank\"><img loading=\"lazy\" decoding=\"async\" class=\"alignnone size-medium wp-image-176\" src=\"http:\/\/physics.uwb.edu.pl\/wf\/fi-bot\/wp-content\/uploads\/sites\/6\/2016\/05\/gry_2-300x171-300x171.png\" alt=\"gry_2-300x171\" width=\"300\" height=\"171\"><\/a><\/p>\n<p>demo:<\/p>\n<div style=\"width: 720px;\" class=\"wp-video\"><video class=\"wp-video-shortcode\" id=\"video-174-1\" width=\"720\" height=\"405\" loop autoplay preload=\"metadata\" controls=\"controls\"><source type=\"video\/ogg\" src=\"http:\/\/physics.uwb.edu.pl\/wf\/fi-bot\/wp-content\/uploads\/sites\/6\/2016\/05\/0001-0250.ogv?_=1\" \/><a href=\"http:\/\/physics.uwb.edu.pl\/wf\/fi-bot\/wp-content\/uploads\/sites\/6\/2016\/05\/0001-0250.ogv\">http:\/\/physics.uwb.edu.pl\/wf\/fi-bot\/wp-content\/uploads\/sites\/6\/2016\/05\/0001-0250.ogv<\/a><\/video><\/div>\n","protected":false},"excerpt":{"rendered":"<p>Ko\u0142o Naukowe Fizyk\u00f3w na Wydziale Fizyki UwB Fizyka Gier Komputerowych i Robot\u00f3w nowa specjalno\u015b\u0107 w rekrutacji 2016\/2017! demo:<\/p>\n","protected":false},"author":5,"featured_media":0,"parent":0,"menu_order":0,"comment_status":"closed","ping_status":"closed","template":"","meta":{"ngg_post_thumbnail":0,"footnotes":""},"class_list":["post-174","page","type-page","status-publish","hentry","post"],"_links":{"self":[{"href":"https:\/\/physics.uwb.edu.pl\/wf\/fi-bot\/index.php?rest_route=\/wp\/v2\/pages\/174","targetHints":{"allow":["GET"]}}],"collection":[{"href":"https:\/\/physics.uwb.edu.pl\/wf\/fi-bot\/index.php?rest_route=\/wp\/v2\/pages"}],"about":[{"href":"https:\/\/physics.uwb.edu.pl\/wf\/fi-bot\/index.php?rest_route=\/wp\/v2\/types\/page"}],"author":[{"embeddable":true,"href":"https:\/\/physics.uwb.edu.pl\/wf\/fi-bot\/index.php?rest_route=\/wp\/v2\/users\/5"}],"replies":[{"embeddable":true,"href":"https:\/\/physics.uwb.edu.pl\/wf\/fi-bot\/index.php?rest_route=%2Fwp%2Fv2%2Fcomments&post=174"}],"version-history":[{"count":7,"href":"https:\/\/physics.uwb.edu.pl\/wf\/fi-bot\/index.php?rest_route=\/wp\/v2\/pages\/174\/revisions"}],"predecessor-version":[{"id":2593,"href":"https:\/\/physics.uwb.edu.pl\/wf\/fi-bot\/index.php?rest_route=\/wp\/v2\/pages\/174\/revisions\/2593"}],"wp:attachment":[{"href":"https:\/\/physics.uwb.edu.pl\/wf\/fi-bot\/index.php?rest_route=%2Fwp%2Fv2%2Fmedia&parent=174"}],"curies":[{"name":"wp","href":"https:\/\/api.w.org\/{rel}","templated":true}]}}