{"id":1899,"date":"2019-07-05T17:06:12","date_gmt":"2019-07-05T17:06:12","guid":{"rendered":"http:\/\/physics.uwb.edu.pl\/wf\/fi-bot\/?page_id=1899"},"modified":"2020-08-24T09:01:54","modified_gmt":"2020-08-24T09:01:54","slug":"do-pobrania","status":"publish","type":"page","link":"https:\/\/physics.uwb.edu.pl\/wf\/fi-bot\/?page_id=1899","title":{"rendered":"Do pobrania"},"content":{"rendered":"<p>Pliki, kt\u00f3re warto mie\u0107 &#8222;pod r\u0119k\u0105&#8221; \ud83d\ude09<\/p>\n<ul>\n<li>Nota katalogowa czujki pola magnetycznego <a href=\"http:\/\/physics.uwb.edu.pl\/wf\/fi-bot\/wp-content\/uploads\/sites\/6\/2019\/05\/SS39ET-SS49E-SS59ET-Series-PS_005850-2-EN_Final_20Dec11.pdf\">SS49E<\/a>.<\/li>\n<li>Nota katalogowa czujki odbiciowej <a href=\"http:\/\/physics.uwb.edu.pl\/wf\/fi-bot\/wp-content\/uploads\/sites\/6\/2019\/07\/tcrt5000.pdf\">TCRT5000<\/a> (stosowanej w line-followerach, albo w czujkach szczelinowych).<\/li>\n<li>Nota katalogowa czujki na podczerwie\u0144 <a href=\"http:\/\/physics.uwb.edu.pl\/wf\/fi-bot\/wp-content\/uploads\/sites\/6\/2019\/07\/TSOP22.pdf\">TSOP 22xx<\/a>, biblioteka <strong>IRLib<\/strong>-master.zip&nbsp;<a href=\"http:\/\/physics.uwb.edu.pl\/wf\/fi-bot\/wp-content\/uploads\/sites\/6\/2016\/04\/IRLib.zip\">IRLib<\/a> . Je\u015bli Twoje programy si\u0119 nie kompiluj\u0105 &#8211; spr\u00f3buj <a href=\"http:\/\/physics.uwb.edu.pl\/wf\/fi-bot\/?p=1998\">tego rozwi\u0105zania<\/a>.<\/li>\n<li>Biblioteka do ekraniku nokii 5510 <a href=\"http:\/\/alpha.uwb.edu.pl\/gawryl\/LCD5110_Graph.zip\">LCD5110_Graph.zip<\/a> oraz manual <a href=\"http:\/\/alpha.uwb.edu.pl\/gawryl\/LCD5110_Graph.pdf\">LCD5110_Graph.pdf<\/a><\/li>\n<li>Opis modu\u0142u <a href=\"https:\/\/protosupplies.com\/product\/vnh2sp30-single-monster-motor-module\/\">sterownika silnika Monste<\/a>r oraz uk\u0142ad <a href=\"https:\/\/www.generationrobots.com\/media\/MonsterMotoShield\/10832.pdf\">VNH2SP30<\/a><\/li>\n<li>Opis modu\u0142u <a href=\"https:\/\/lastminuteengineers.com\/sim800l-gsm-module-arduino-tutorial\/\">SIM800L<\/a> oraz bardzo ciekawa ca\u0142a stronka<a href=\"https:\/\/lastminuteengineers.com\/\"> lastminuteengeeniers.com<\/a><\/li>\n<\/ul>\n<p>Kawa\u0142ki stron podr\u0119cznika, dla &#8222;leniwych&#8221; \ud83d\ude1b<\/p>\n<ul>\n<li>Arduino i <a href=\"https:\/\/www.arduino.cc\/reference\/en\/language\/functions\/communication\/serial\/print\/\">Serial.print()<\/a><\/li>\n<\/ul>\n\n\n<p>Spodoba\u0142o mi si\u0119, wi\u0119c polecam:<\/p>\n\n\n\n<figure class=\"wp-block-image size-large\"><img loading=\"lazy\" decoding=\"async\" width=\"303\" height=\"380\" src=\"http:\/\/physics.uwb.edu.pl\/wf\/fi-bot\/wp-content\/uploads\/sites\/6\/2019\/12\/draw-io.png\" alt=\"\" class=\"wp-image-2392\" srcset=\"https:\/\/physics.uwb.edu.pl\/wf\/fi-bot\/wp-content\/uploads\/sites\/6\/2019\/12\/draw-io.png 303w, https:\/\/physics.uwb.edu.pl\/wf\/fi-bot\/wp-content\/uploads\/sites\/6\/2019\/12\/draw-io-239x300.png 239w\" sizes=\"auto, (max-width: 303px) 100vw, 303px\" \/><figcaption><a href=\"http:\/\/draw.io\">http:\/\/draw.io<\/a><\/figcaption><\/figure>\n\n\n\n<p>Ciekawe artyku\u0142y:<\/p>\n\n\n\n<ul class=\"wp-block-list\"><li>OLED i2c czy SPI?<br><a href=\"https:\/\/msalamon.pl\/wyswietlacze-oled-ssd1306-i2c-czy-spi\/\">https:\/\/msalamon.pl\/wyswietlacze-oled-ssd1306-i2c-czy-spi\/<\/a><\/li><\/ul>\n\n\n\n<p><\/p>\n","protected":false},"excerpt":{"rendered":"<p>Pliki, kt\u00f3re warto mie\u0107 &#8222;pod r\u0119k\u0105&#8221; \ud83d\ude09 Nota katalogowa czujki pola magnetycznego SS49E. Nota katalogowa czujki odbiciowej TCRT5000 (stosowanej w line-followerach, albo w czujkach szczelinowych). Nota katalogowa czujki na podczerwie\u0144 TSOP 22xx, biblioteka IRLib-master.zip&nbsp;IRLib . Je\u015bli Twoje programy si\u0119 nie kompiluj\u0105 &#8211; spr\u00f3buj tego rozwi\u0105zania. Biblioteka do ekraniku nokii 5510 LCD5110_Graph.zip oraz manual LCD5110_Graph.pdf Opis [&hellip;]<\/p>\n","protected":false},"author":5,"featured_media":0,"parent":0,"menu_order":0,"comment_status":"closed","ping_status":"closed","template":"","meta":{"ngg_post_thumbnail":0,"footnotes":""},"class_list":["post-1899","page","type-page","status-publish","hentry","post"],"_links":{"self":[{"href":"https:\/\/physics.uwb.edu.pl\/wf\/fi-bot\/index.php?rest_route=\/wp\/v2\/pages\/1899","targetHints":{"allow":["GET"]}}],"collection":[{"href":"https:\/\/physics.uwb.edu.pl\/wf\/fi-bot\/index.php?rest_route=\/wp\/v2\/pages"}],"about":[{"href":"https:\/\/physics.uwb.edu.pl\/wf\/fi-bot\/index.php?rest_route=\/wp\/v2\/types\/page"}],"author":[{"embeddable":true,"href":"https:\/\/physics.uwb.edu.pl\/wf\/fi-bot\/index.php?rest_route=\/wp\/v2\/users\/5"}],"replies":[{"embeddable":true,"href":"https:\/\/physics.uwb.edu.pl\/wf\/fi-bot\/index.php?rest_route=%2Fwp%2Fv2%2Fcomments&post=1899"}],"version-history":[{"count":14,"href":"https:\/\/physics.uwb.edu.pl\/wf\/fi-bot\/index.php?rest_route=\/wp\/v2\/pages\/1899\/revisions"}],"predecessor-version":[{"id":2659,"href":"https:\/\/physics.uwb.edu.pl\/wf\/fi-bot\/index.php?rest_route=\/wp\/v2\/pages\/1899\/revisions\/2659"}],"wp:attachment":[{"href":"https:\/\/physics.uwb.edu.pl\/wf\/fi-bot\/index.php?rest_route=%2Fwp%2Fv2%2Fmedia&parent=1899"}],"curies":[{"name":"wp","href":"https:\/\/api.w.org\/{rel}","templated":true}]}}