{"id":2031,"date":"2019-09-17T16:21:29","date_gmt":"2019-09-17T16:21:29","guid":{"rendered":"http:\/\/physics.uwb.edu.pl\/wf\/fi-bot\/?page_id=2031"},"modified":"2021-09-17T19:05:05","modified_gmt":"2021-09-17T19:05:05","slug":"joy-radio","status":"publish","type":"page","link":"https:\/\/physics.uwb.edu.pl\/wf\/fi-bot\/?page_id=2031","title":{"rendered":"Joy-radio"},"content":{"rendered":"<p>Autorzy: studenci<br>Zaawansowanie: prace koncepcyjne,<br>Cel: do sterowania <a href=\"http:\/\/physics.uwb.edu.pl\/wf\/fi-bot\/?page_id=1856\">Maskotk\u0105<\/a>, Sterowcem \u2013 ale i innymi!<br>Materia\u0142y: plexiglass, Z-Ultrat (druk 3D), \u015brubki i nakr\u0119tki;-)<br>Sponsorzy: Wydzia\u0142 Fizyki (inni? mile widziani!); a koniec-ko\u0144c\u00f3w i tak BB wykona\u0142<\/p>\n<p>Motywacja:<br>Sterowanie bezprzewodowe &#8211; r\u00f3\u017cne sposoby (wiadomo). Od najprostszych, bazuj\u0105cych na<\/p>\n<ul>\n<li>pilocie na podczerwie\u0144 (czujka TSOP22xx) i dowolny pilot (np. od TV, radia)<\/li>\n<\/ul>\n<p><img loading=\"lazy\" decoding=\"async\" class=\"alignnone size-medium wp-image-2032\" src=\"http:\/\/physics.uwb.edu.pl\/wf\/fi-bot\/wp-content\/uploads\/sites\/6\/2019\/09\/pilotTV-300x148.png\" alt=\"\" width=\"300\" height=\"148\" srcset=\"https:\/\/physics.uwb.edu.pl\/wf\/fi-bot\/wp-content\/uploads\/sites\/6\/2019\/09\/pilotTV-300x148.png 300w, https:\/\/physics.uwb.edu.pl\/wf\/fi-bot\/wp-content\/uploads\/sites\/6\/2019\/09\/pilotTV.png 373w\" sizes=\"auto, (max-width: 300px) 100vw, 300px\" \/> <img loading=\"lazy\" decoding=\"async\" class=\"alignnone wp-image-656\" src=\"http:\/\/physics.uwb.edu.pl\/wf\/fi-bot\/wp-content\/uploads\/sites\/6\/2017\/03\/IR-arduino-300x268.png\" alt=\"\" width=\"180\" height=\"161\" srcset=\"https:\/\/physics.uwb.edu.pl\/wf\/fi-bot\/wp-content\/uploads\/sites\/6\/2017\/03\/IR-arduino-300x268.png 300w, https:\/\/physics.uwb.edu.pl\/wf\/fi-bot\/wp-content\/uploads\/sites\/6\/2017\/03\/IR-arduino-768x687.png 768w, https:\/\/physics.uwb.edu.pl\/wf\/fi-bot\/wp-content\/uploads\/sites\/6\/2017\/03\/IR-arduino.png 887w\" sizes=\"auto, (max-width: 180px) 100vw, 180px\" \/><\/p>\n<ul>\n<li>Bluetooth (<a href=\"http:\/\/physics.uwb.edu.pl\/wf\/fi-bot\/?p=1210\">XM-15B<\/a>) i Androidzie (Android RC):<\/li>\n<\/ul>\n<p><img loading=\"lazy\" decoding=\"async\" class=\"alignnone size-medium wp-image-1264\" src=\"http:\/\/physics.uwb.edu.pl\/wf\/fi-bot\/wp-content\/uploads\/sites\/6\/2018\/05\/33943942_1820375841352868_1593228048415588352_n-300x169.png\" alt=\"\" width=\"300\" height=\"169\" srcset=\"https:\/\/physics.uwb.edu.pl\/wf\/fi-bot\/wp-content\/uploads\/sites\/6\/2018\/05\/33943942_1820375841352868_1593228048415588352_n-300x169.png 300w, https:\/\/physics.uwb.edu.pl\/wf\/fi-bot\/wp-content\/uploads\/sites\/6\/2018\/05\/33943942_1820375841352868_1593228048415588352_n-768x432.png 768w, https:\/\/physics.uwb.edu.pl\/wf\/fi-bot\/wp-content\/uploads\/sites\/6\/2018\/05\/33943942_1820375841352868_1593228048415588352_n-1024x576.png 1024w, https:\/\/physics.uwb.edu.pl\/wf\/fi-bot\/wp-content\/uploads\/sites\/6\/2018\/05\/33943942_1820375841352868_1593228048415588352_n.png 1795w\" sizes=\"auto, (max-width: 300px) 100vw, 300px\" \/> <img loading=\"lazy\" decoding=\"async\" class=\"alignnone wp-image-1215\" src=\"http:\/\/physics.uwb.edu.pl\/wf\/fi-bot\/wp-content\/uploads\/sites\/6\/2018\/05\/xm-15b-300x225.jpeg\" alt=\"\" width=\"223\" height=\"167\" srcset=\"https:\/\/physics.uwb.edu.pl\/wf\/fi-bot\/wp-content\/uploads\/sites\/6\/2018\/05\/xm-15b-300x225.jpeg 300w, https:\/\/physics.uwb.edu.pl\/wf\/fi-bot\/wp-content\/uploads\/sites\/6\/2018\/05\/xm-15b.jpeg 360w\" sizes=\"auto, (max-width: 223px) 100vw, 223px\" \/><\/p>\n<ul>\n<li>radiu (nRF24) + Joy Shield + <a href=\"http:\/\/physics.uwb.edu.pl\/wf\/fi-bot\/?p=1984\">protok\u00f3\u0142 wymiany danych<\/a><\/li>\n<\/ul>\n<p><img loading=\"lazy\" decoding=\"async\" class=\"alignnone size-medium wp-image-2028\" src=\"http:\/\/physics.uwb.edu.pl\/wf\/fi-bot\/wp-content\/uploads\/sites\/6\/2019\/09\/DSC_8592-1-300x220.jpg\" alt=\"\" width=\"300\" height=\"220\" srcset=\"https:\/\/physics.uwb.edu.pl\/wf\/fi-bot\/wp-content\/uploads\/sites\/6\/2019\/09\/DSC_8592-1-300x220.jpg 300w, https:\/\/physics.uwb.edu.pl\/wf\/fi-bot\/wp-content\/uploads\/sites\/6\/2019\/09\/DSC_8592-1.jpg 671w\" sizes=\"auto, (max-width: 300px) 100vw, 300px\" \/><\/p>\n<ul>\n<li>radio nRF24 + protok\u00f3\u0142 + troch\u0119 z pleksi, \u015brubek, element\u00f3w z druku 3D &#8211; i mo\u017cemy doda\u0107 w\u0142asne przyciski, d\u017awignie prze\u0142\u0105czaj\u0105ce, potencjometry, a nawet akcelerometry! W\u0142a\u015bnie tego dotyczy ten projekt!<\/li>\n<\/ul>\n<p><img loading=\"lazy\" decoding=\"async\" class=\"alignnone wp-image-1786 size-large\" src=\"http:\/\/physics.uwb.edu.pl\/wf\/fi-bot\/wp-content\/uploads\/sites\/6\/2019\/06\/DSC_7335-1024x576.jpg\" alt=\"\" width=\"640\" height=\"360\" srcset=\"https:\/\/physics.uwb.edu.pl\/wf\/fi-bot\/wp-content\/uploads\/sites\/6\/2019\/06\/DSC_7335-1024x576.jpg 1024w, https:\/\/physics.uwb.edu.pl\/wf\/fi-bot\/wp-content\/uploads\/sites\/6\/2019\/06\/DSC_7335-300x169.jpg 300w, https:\/\/physics.uwb.edu.pl\/wf\/fi-bot\/wp-content\/uploads\/sites\/6\/2019\/06\/DSC_7335-768x432.jpg 768w, https:\/\/physics.uwb.edu.pl\/wf\/fi-bot\/wp-content\/uploads\/sites\/6\/2019\/06\/DSC_7335.jpg 1800w\" sizes=\"auto, (max-width: 640px) 100vw, 640px\" \/><\/p>\n<h2>Mini-pad<\/h2>\n<p>Mia\u0142 by\u0107 minimalistyczny &#8211; zamiast wielu przycisk\u00f3w czy d\u017awigie\u0144,&nbsp; tylko 2 przyciski na g\u00f3rze oraz dwie ga\u0142ki (takie, jak od PSP). Na dole w\u0142\u0105cznik (suwakowy), a wewn\u0105trz LED informuj\u0105cy o w\u0142\u0105czeniu. Zasilanie: popularna bateria 9V, oczywi\u015bcie najlepiej akumulator wielokrotnego u\u017cycia \ud83d\ude09 Rozmiary maj\u0105 znaczenie i w tym przypadku BB zdecydowa\u0142 si\u0119 na 12 x 6 x 3 cm (d\u0142ugo\u015b\u0107, szeroko\u015b\u0107, wysoko\u015b\u0107).<\/p>\n\n\n<figure class=\"wp-block-image size-large\"><img loading=\"lazy\" decoding=\"async\" width=\"1024\" height=\"574\" src=\"https:\/\/physics.uwb.edu.pl\/wf\/fi-bot\/wp-content\/uploads\/sites\/6\/2021\/08\/DSC_2197-1-1024x574.jpg\" alt=\"\" class=\"wp-image-3075\" srcset=\"https:\/\/physics.uwb.edu.pl\/wf\/fi-bot\/wp-content\/uploads\/sites\/6\/2021\/08\/DSC_2197-1-1024x574.jpg 1024w, https:\/\/physics.uwb.edu.pl\/wf\/fi-bot\/wp-content\/uploads\/sites\/6\/2021\/08\/DSC_2197-1-300x168.jpg 300w, https:\/\/physics.uwb.edu.pl\/wf\/fi-bot\/wp-content\/uploads\/sites\/6\/2021\/08\/DSC_2197-1-768x431.jpg 768w, https:\/\/physics.uwb.edu.pl\/wf\/fi-bot\/wp-content\/uploads\/sites\/6\/2021\/08\/DSC_2197-1.jpg 1200w\" sizes=\"auto, (max-width: 1024px) 100vw, 1024px\" \/><figcaption>Finalna wersja mini-pada. Projekt 3D i wykonanie: Bartosz Butler (BB).<\/figcaption><\/figure>\n\n\n\n<p>Jednostk\u0105 steruje Arduino Nano &#8211; ze wzgl\u0119du na rozmiar oraz fakt, \u017ce posiada standardowe wej\u015bcie do programowania (mikro USB). Komunikacja nRF24 (z dodatkowym kondensatorem filtruj\u0105cym) widoczna jest po lewej stronie. <\/p>\n\n\n\n<div class=\"wp-block-image\"><figure class=\"aligncenter size-large\"><img loading=\"lazy\" decoding=\"async\" width=\"1024\" height=\"575\" src=\"https:\/\/physics.uwb.edu.pl\/wf\/fi-bot\/wp-content\/uploads\/sites\/6\/2021\/08\/DSC_2116-1024x575.jpg\" alt=\"\" class=\"wp-image-3076\" srcset=\"https:\/\/physics.uwb.edu.pl\/wf\/fi-bot\/wp-content\/uploads\/sites\/6\/2021\/08\/DSC_2116-1024x575.jpg 1024w, https:\/\/physics.uwb.edu.pl\/wf\/fi-bot\/wp-content\/uploads\/sites\/6\/2021\/08\/DSC_2116-300x168.jpg 300w, https:\/\/physics.uwb.edu.pl\/wf\/fi-bot\/wp-content\/uploads\/sites\/6\/2021\/08\/DSC_2116-768x431.jpg 768w, https:\/\/physics.uwb.edu.pl\/wf\/fi-bot\/wp-content\/uploads\/sites\/6\/2021\/08\/DSC_2116-1536x862.jpg 1536w, https:\/\/physics.uwb.edu.pl\/wf\/fi-bot\/wp-content\/uploads\/sites\/6\/2021\/08\/DSC_2116.jpg 1800w\" sizes=\"auto, (max-width: 1024px) 100vw, 1024px\" \/><figcaption>Wn\u0119trze Mini-Pada.<\/figcaption><\/figure><\/div>\n\n\n\n<p>Panel przedni to dodatkowy &#8222;bajerek&#8221; autorstwa BB &#8211; wydruk w dw\u00f3ch kolorach cienkiej &#8222;nak\u0142adki&#8221; z odpowiednim tematycznym (wida\u0107 te\u017c numer mini-pada, tutaj: jedynka!).<\/p>\n\n\n\n<figure class=\"wp-block-image size-large\"><img loading=\"lazy\" decoding=\"async\" width=\"1024\" height=\"574\" src=\"https:\/\/physics.uwb.edu.pl\/wf\/fi-bot\/wp-content\/uploads\/sites\/6\/2021\/08\/DSC_2198-1024x574.jpg\" alt=\"\" class=\"wp-image-3077\" srcset=\"https:\/\/physics.uwb.edu.pl\/wf\/fi-bot\/wp-content\/uploads\/sites\/6\/2021\/08\/DSC_2198-1024x574.jpg 1024w, https:\/\/physics.uwb.edu.pl\/wf\/fi-bot\/wp-content\/uploads\/sites\/6\/2021\/08\/DSC_2198-300x168.jpg 300w, https:\/\/physics.uwb.edu.pl\/wf\/fi-bot\/wp-content\/uploads\/sites\/6\/2021\/08\/DSC_2198-768x431.jpg 768w, https:\/\/physics.uwb.edu.pl\/wf\/fi-bot\/wp-content\/uploads\/sites\/6\/2021\/08\/DSC_2198.jpg 1200w\" sizes=\"auto, (max-width: 1024px) 100vw, 1024px\" \/><figcaption>Nie tylko funkcjonalno\u015b\u0107 &#8211; wygl\u0105d te\u017c si\u0119 liczy!<\/figcaption><\/figure>\n\n\n\n<p>Jeszcze raz spojrzenie na rozebrany mini-pad: \u015bcianki boczne maj\u0105 grubo\u015b\u0107 5 mm, tylna pokrywa (brak na zdj\u0119ciu) ma 3 mm. Mo\u017ce wydawa\u0107 si\u0119, \u017ce 5 mm to zbyteczna rozrzutno\u015b\u0107, ale Autor przekonuje, \u017ce dzi\u0119ki temu \u015brubki monta\u017cowe dobrze pasuj\u0105 i nie ma obaw o z\u0142e trzymanie. <\/p>\n\n\n\n<figure class=\"wp-block-image size-large\"><img loading=\"lazy\" decoding=\"async\" width=\"1024\" height=\"576\" src=\"https:\/\/physics.uwb.edu.pl\/wf\/fi-bot\/wp-content\/uploads\/sites\/6\/2021\/08\/DSC_2117-1024x576.jpg\" alt=\"\" class=\"wp-image-3078\" srcset=\"https:\/\/physics.uwb.edu.pl\/wf\/fi-bot\/wp-content\/uploads\/sites\/6\/2021\/08\/DSC_2117-1024x576.jpg 1024w, https:\/\/physics.uwb.edu.pl\/wf\/fi-bot\/wp-content\/uploads\/sites\/6\/2021\/08\/DSC_2117-300x169.jpg 300w, https:\/\/physics.uwb.edu.pl\/wf\/fi-bot\/wp-content\/uploads\/sites\/6\/2021\/08\/DSC_2117-768x432.jpg 768w, https:\/\/physics.uwb.edu.pl\/wf\/fi-bot\/wp-content\/uploads\/sites\/6\/2021\/08\/DSC_2117-1536x864.jpg 1536w, https:\/\/physics.uwb.edu.pl\/wf\/fi-bot\/wp-content\/uploads\/sites\/6\/2021\/08\/DSC_2117.jpg 1800w\" sizes=\"auto, (max-width: 1024px) 100vw, 1024px\" \/><figcaption>Mini-pad w widoku sko\u015bnym &#8211; prezentacja wymiar\u00f3w.<\/figcaption><\/figure>\n\n\n\n<p>Ca\u0142o\u015b\u0107 jest faktycznie &#8222;przyjemnie mini&#8221; &#8211; a zaokr\u0105glenia na bokach dobrze pasuj\u0105 do d\u0142oni. Brawo za pomys\u0142 projektu 3D i wykonanie dla Pana Bartka!<\/p>\n","protected":false},"excerpt":{"rendered":"<p>Autorzy: studenciZaawansowanie: prace koncepcyjne,Cel: do sterowania Maskotk\u0105, Sterowcem \u2013 ale i innymi!Materia\u0142y: plexiglass, Z-Ultrat (druk 3D), \u015brubki i nakr\u0119tki;-)Sponsorzy: Wydzia\u0142 Fizyki (inni? mile widziani!); a koniec-ko\u0144c\u00f3w i tak BB wykona\u0142 Motywacja:Sterowanie bezprzewodowe &#8211; r\u00f3\u017cne sposoby (wiadomo). Od najprostszych, bazuj\u0105cych na pilocie na podczerwie\u0144 (czujka TSOP22xx) i dowolny pilot (np. od TV, radia) Bluetooth (XM-15B) i [&hellip;]<\/p>\n","protected":false},"author":5,"featured_media":3075,"parent":1715,"menu_order":0,"comment_status":"closed","ping_status":"closed","template":"","meta":{"ngg_post_thumbnail":0,"footnotes":""},"class_list":["post-2031","page","type-page","status-publish","has-post-thumbnail","hentry","post","post-with-thumbnail","post-with-thumbnail-large"],"_links":{"self":[{"href":"https:\/\/physics.uwb.edu.pl\/wf\/fi-bot\/index.php?rest_route=\/wp\/v2\/pages\/2031","targetHints":{"allow":["GET"]}}],"collection":[{"href":"https:\/\/physics.uwb.edu.pl\/wf\/fi-bot\/index.php?rest_route=\/wp\/v2\/pages"}],"about":[{"href":"https:\/\/physics.uwb.edu.pl\/wf\/fi-bot\/index.php?rest_route=\/wp\/v2\/types\/page"}],"author":[{"embeddable":true,"href":"https:\/\/physics.uwb.edu.pl\/wf\/fi-bot\/index.php?rest_route=\/wp\/v2\/users\/5"}],"replies":[{"embeddable":true,"href":"https:\/\/physics.uwb.edu.pl\/wf\/fi-bot\/index.php?rest_route=%2Fwp%2Fv2%2Fcomments&post=2031"}],"version-history":[{"count":8,"href":"https:\/\/physics.uwb.edu.pl\/wf\/fi-bot\/index.php?rest_route=\/wp\/v2\/pages\/2031\/revisions"}],"predecessor-version":[{"id":3299,"href":"https:\/\/physics.uwb.edu.pl\/wf\/fi-bot\/index.php?rest_route=\/wp\/v2\/pages\/2031\/revisions\/3299"}],"up":[{"embeddable":true,"href":"https:\/\/physics.uwb.edu.pl\/wf\/fi-bot\/index.php?rest_route=\/wp\/v2\/pages\/1715"}],"wp:featuredmedia":[{"embeddable":true,"href":"https:\/\/physics.uwb.edu.pl\/wf\/fi-bot\/index.php?rest_route=\/wp\/v2\/media\/3075"}],"wp:attachment":[{"href":"https:\/\/physics.uwb.edu.pl\/wf\/fi-bot\/index.php?rest_route=%2Fwp%2Fv2%2Fmedia&parent=2031"}],"curies":[{"name":"wp","href":"https:\/\/api.w.org\/{rel}","templated":true}]}}