{"id":2249,"date":"2019-01-17T09:19:00","date_gmt":"2019-01-17T09:19:00","guid":{"rendered":"http:\/\/physics.uwb.edu.pl\/wf\/fi-bot\/?page_id=2249"},"modified":"2019-11-30T10:20:33","modified_gmt":"2019-11-30T10:20:33","slug":"joy-radio-2-3","status":"publish","type":"page","link":"https:\/\/physics.uwb.edu.pl\/wf\/fi-bot\/?page_id=2249","title":{"rendered":"Sterowiec"},"content":{"rendered":"<p>Autorzy: studenci&nbsp;<br \/>\nZaawansowanie: prace&nbsp;<a href=\"http:\/\/physics.uwb.edu.pl\/wf\/fi-bot\/?p=1479\">koncepcyjne i testy<\/a>, aktualnie:<strong> w zawieszniu<\/strong><br \/>\nInspiracja: filmik poni\u017cej<\/p>\n<p><iframe loading=\"lazy\" title=\"Autonomous blimp detects faces and hand movements\" width=\"720\" height=\"405\" src=\"https:\/\/www.youtube.com\/embed\/7NfUU1V6jxs?feature=oembed\" frameborder=\"0\" allow=\"accelerometer; autoplay; clipboard-write; encrypted-media; gyroscope; picture-in-picture\" allowfullscreen><\/iframe><\/p>\n<p>stycze\u0144 2019: <a href=\"http:\/\/physics.uwb.edu.pl\/wf\/fi-bot\/?p=1479\">Pomiar ci\u0105gu silnika<\/a><\/p>\n<p>&nbsp;<\/p>\n","protected":false},"excerpt":{"rendered":"<p>Autorzy: studenci&nbsp; Zaawansowanie: prace&nbsp;koncepcyjne i testy, aktualnie: w zawieszniu Inspiracja: filmik poni\u017cej stycze\u0144 2019: Pomiar ci\u0105gu silnika &nbsp;<\/p>\n","protected":false},"author":5,"featured_media":2250,"parent":1715,"menu_order":0,"comment_status":"closed","ping_status":"closed","template":"","meta":{"ngg_post_thumbnail":0,"footnotes":""},"class_list":["post-2249","page","type-page","status-publish","has-post-thumbnail","hentry","post","post-with-thumbnail","post-with-thumbnail-large"],"_links":{"self":[{"href":"https:\/\/physics.uwb.edu.pl\/wf\/fi-bot\/index.php?rest_route=\/wp\/v2\/pages\/2249","targetHints":{"allow":["GET"]}}],"collection":[{"href":"https:\/\/physics.uwb.edu.pl\/wf\/fi-bot\/index.php?rest_route=\/wp\/v2\/pages"}],"about":[{"href":"https:\/\/physics.uwb.edu.pl\/wf\/fi-bot\/index.php?rest_route=\/wp\/v2\/types\/page"}],"author":[{"embeddable":true,"href":"https:\/\/physics.uwb.edu.pl\/wf\/fi-bot\/index.php?rest_route=\/wp\/v2\/users\/5"}],"replies":[{"embeddable":true,"href":"https:\/\/physics.uwb.edu.pl\/wf\/fi-bot\/index.php?rest_route=%2Fwp%2Fv2%2Fcomments&post=2249"}],"version-history":[{"count":3,"href":"https:\/\/physics.uwb.edu.pl\/wf\/fi-bot\/index.php?rest_route=\/wp\/v2\/pages\/2249\/revisions"}],"predecessor-version":[{"id":2310,"href":"https:\/\/physics.uwb.edu.pl\/wf\/fi-bot\/index.php?rest_route=\/wp\/v2\/pages\/2249\/revisions\/2310"}],"up":[{"embeddable":true,"href":"https:\/\/physics.uwb.edu.pl\/wf\/fi-bot\/index.php?rest_route=\/wp\/v2\/pages\/1715"}],"wp:featuredmedia":[{"embeddable":true,"href":"https:\/\/physics.uwb.edu.pl\/wf\/fi-bot\/index.php?rest_route=\/wp\/v2\/media\/2250"}],"wp:attachment":[{"href":"https:\/\/physics.uwb.edu.pl\/wf\/fi-bot\/index.php?rest_route=%2Fwp%2Fv2%2Fmedia&parent=2249"}],"curies":[{"name":"wp","href":"https:\/\/api.w.org\/{rel}","templated":true}]}}