{"id":894,"date":"2017-11-22T20:25:12","date_gmt":"2017-11-22T20:25:12","guid":{"rendered":"http:\/\/physics.uwb.edu.pl\/wf\/fi-bot\/?page_id=894"},"modified":"2025-05-23T09:24:15","modified_gmt":"2025-05-23T09:24:15","slug":"ludzie","status":"publish","type":"page","link":"https:\/\/physics.uwb.edu.pl\/wf\/fi-bot\/?page_id=894","title":{"rendered":"Ludzie"},"content":{"rendered":"<p>To w\u0142a\u015bnie ludzie &#8211;&nbsp;<strong>nie roboty &#8211;&nbsp;<\/strong>s\u0105 najwa\u017cniejsi \ud83d\ude09 W\u0142adze sprowadzone s\u0105 do minimum (i oby tak pozosta\u0142o). Za pe\u0142nienie funkcji serdecznie dzi\u0119kuj\u0119 &#8211; KG.<\/p>\n<h2>Prezesi<\/h2>\n<p>To w\u0142a\u015bnie ludzie &#8211;&nbsp;<strong>nie roboty &#8211;&nbsp;<\/strong>s\u0105 najwa\u017cniejsi \ud83d\ude09 W\u0142adze sprowadzone s\u0105 do minimum (i oby tak pozosta\u0142o). Za pe\u0142nienie funkcji serdecznie dzi\u0119kuj\u0119 &#8211; KG.<\/p>\n<h2>Prezesi<\/h2>\n<p>2024 &#8211; Bartosz Bielawiec (FGKiR)<br \/>\n2021 &#8211; 2022 -2023 &#8211; Stanis\u0142aw Jakimowicz (FGKiR)<br \/>\n2019 &#8211; 2020 -2021 &#8211; Bartosz Butler (FGKiR)<br \/>\n2018 &#8211; 2019 Pawe\u0142 Butkiewicz (FO)<br \/>\n2017 &#8211; Pawe\u0142 Butkiewicz (FO)<br \/>\n2016 &#8211; 2017 Kamil \u0141api\u0144ski (FO)<br \/>\n2015 &#8211; 2016 Noemi Cie\u015bli\u0144ska (FO)<\/p>\n<h2>Autorzy post\u00f3w na www<\/h2>\n<p>2024 &#8211; Przemys\u0142aw Baj (ju\u017c nie student, zatrudnienie: xxx)<br \/>\n2018 &#8211; Bartosz Butler (FGKiR) + kto ch\u0119tny? \u015bmia\u0142o!<br \/>\n2018 &#8211; Przemys\u0142aw Baj (Wydzia\u0142 Matematyki i Informatyki UwB, 1 rok)<br \/>\n2017 &#8211; Ewelina Czarniecka (FGKiR), Maciej Patej (FGKiR)<\/p>\n","protected":false},"excerpt":{"rendered":"<p>To w\u0142a\u015bnie ludzie &#8211;&nbsp;nie roboty &#8211;&nbsp;s\u0105 najwa\u017cniejsi \ud83d\ude09 W\u0142adze sprowadzone s\u0105 do minimum (i oby tak pozosta\u0142o). Za pe\u0142nienie funkcji serdecznie dzi\u0119kuj\u0119 &#8211; KG. Prezesi To w\u0142a\u015bnie ludzie &#8211;&nbsp;nie roboty &#8211;&nbsp;s\u0105 najwa\u017cniejsi \ud83d\ude09 W\u0142adze sprowadzone s\u0105 do minimum (i oby tak pozosta\u0142o). Za pe\u0142nienie funkcji serdecznie dzi\u0119kuj\u0119 &#8211; KG. Prezesi 2024 &#8211; Bartosz Bielawiec (FGKiR) [&hellip;]<\/p>\n","protected":false},"author":5,"featured_media":0,"parent":0,"menu_order":0,"comment_status":"closed","ping_status":"closed","template":"","meta":{"ngg_post_thumbnail":0,"footnotes":""},"class_list":["post-894","page","type-page","status-publish","hentry","post"],"_links":{"self":[{"href":"https:\/\/physics.uwb.edu.pl\/wf\/fi-bot\/index.php?rest_route=\/wp\/v2\/pages\/894","targetHints":{"allow":["GET"]}}],"collection":[{"href":"https:\/\/physics.uwb.edu.pl\/wf\/fi-bot\/index.php?rest_route=\/wp\/v2\/pages"}],"about":[{"href":"https:\/\/physics.uwb.edu.pl\/wf\/fi-bot\/index.php?rest_route=\/wp\/v2\/types\/page"}],"author":[{"embeddable":true,"href":"https:\/\/physics.uwb.edu.pl\/wf\/fi-bot\/index.php?rest_route=\/wp\/v2\/users\/5"}],"replies":[{"embeddable":true,"href":"https:\/\/physics.uwb.edu.pl\/wf\/fi-bot\/index.php?rest_route=%2Fwp%2Fv2%2Fcomments&post=894"}],"version-history":[{"count":21,"href":"https:\/\/physics.uwb.edu.pl\/wf\/fi-bot\/index.php?rest_route=\/wp\/v2\/pages\/894\/revisions"}],"predecessor-version":[{"id":3679,"href":"https:\/\/physics.uwb.edu.pl\/wf\/fi-bot\/index.php?rest_route=\/wp\/v2\/pages\/894\/revisions\/3679"}],"wp:attachment":[{"href":"https:\/\/physics.uwb.edu.pl\/wf\/fi-bot\/index.php?rest_route=%2Fwp%2Fv2%2Fmedia&parent=894"}],"curies":[{"name":"wp","href":"https:\/\/api.w.org\/{rel}","templated":true}]}}