{"id":2,"date":"2017-05-16T07:40:48","date_gmt":"2017-05-16T07:40:48","guid":{"rendered":"http:\/\/physics.uwb.edu.pl\/wf\/figiel\/?page_id=2"},"modified":"2024-12-04T11:11:17","modified_gmt":"2024-12-04T11:11:17","slug":"sample-page","status":"publish","type":"page","link":"https:\/\/physics.uwb.edu.pl\/wf\/figiel\/","title":{"rendered":"Ko\u0142o Programowania Gier Fi-Gie(r)L"},"content":{"rendered":"<p>Ko\u0142o programowania gier Fi-Gie(r)L rozpocz\u0119\u0142o swoj\u0105 dzia\u0142alno\u015b\u0107 23-02-2017. Od tego czasu spotykamy si\u0119 na Wydziale Fizyki (ul. Cio\u0142kowskiego 1L, 15-245 Bia\u0142ystok). Dodatkowe zaj\u0119cia kierowane s\u0105 przede wszystkim do student\u00f3w nowej specjalno\u015bci czyli &#8222;Fizyki Gier i Robot\u00f3w&#8221;. Jednakowo\u017c zaproszeni s\u0105 wszyscy zainteresowani \u017cacy, zar\u00f3wno z innych specjalno\u015bci fizyki jak i kierunk\u00f3w studi\u00f3w. Zapraszamy r\u00f3wnie\u017c zainteresowanych uczni\u00f3w szk\u00f3\u0142 ponadgimnazjalnych.<\/p>\n<p>Generaln\u0105 ide\u0105 jest by pracowa\u0107 nad projektami, kt\u00f3re b\u0119d\u0105 oparte na silniku fizycznym tak by tworz\u0105c gr\u0119 uczy\u0107 si\u0119 jak symulowa\u0107 rzeczywisto\u015b\u0107 za pomoc\u0105 praw fizyki. Jest to oczywi\u015bcie jaka\u015b propozycja z naszej strony i nic nie stoi na przeszkodzie by ten pomys\u0142 ewoluowa\u0142 w mniej fizycznym kierunku.<\/p>\n<p>U zainteresowanych mile widziana jest znajomo\u015b\u0107 j\u0119zyka C++, a co za tym idzie podstawowa znajomo\u015b\u0107 programowania obiektowego.<\/p>\n","protected":false},"excerpt":{"rendered":"<p>Ko\u0142o programowania gier Fi-Gie(r)L rozpocz\u0119\u0142o swoj\u0105 dzia\u0142alno\u015b\u0107 23-02-2017. Od tego czasu spotykamy si\u0119 na Wydziale Fizyki (ul. Cio\u0142kowskiego 1L, 15-245 Bia\u0142ystok). Dodatkowe zaj\u0119cia kierowane s\u0105 przede wszystkim do student\u00f3w nowej specjalno\u015bci czyli &#8222;Fizyki Gier i Robot\u00f3w&#8221;. Jednakowo\u017c zaproszeni s\u0105 wszyscy zainteresowani \u017cacy, zar\u00f3wno z innych specjalno\u015bci fizyki jak i kierunk\u00f3w studi\u00f3w. Zapraszamy r\u00f3wnie\u017c zainteresowanych uczni\u00f3w &hellip; <a href=\"https:\/\/physics.uwb.edu.pl\/wf\/figiel\/\" class=\"more-link\">Czytaj dalej <span class=\"screen-reader-text\">Ko\u0142o Programowania Gier Fi-Gie(r)L<\/span><\/a><\/p>\n","protected":false},"author":6,"featured_media":0,"parent":0,"menu_order":0,"comment_status":"closed","ping_status":"closed","template":"","meta":{"ngg_post_thumbnail":0,"footnotes":""},"class_list":["post-2","page","type-page","status-publish","hentry"],"_links":{"self":[{"href":"https:\/\/physics.uwb.edu.pl\/wf\/figiel\/wp-json\/wp\/v2\/pages\/2","targetHints":{"allow":["GET"]}}],"collection":[{"href":"https:\/\/physics.uwb.edu.pl\/wf\/figiel\/wp-json\/wp\/v2\/pages"}],"about":[{"href":"https:\/\/physics.uwb.edu.pl\/wf\/figiel\/wp-json\/wp\/v2\/types\/page"}],"author":[{"embeddable":true,"href":"https:\/\/physics.uwb.edu.pl\/wf\/figiel\/wp-json\/wp\/v2\/users\/6"}],"replies":[{"embeddable":true,"href":"https:\/\/physics.uwb.edu.pl\/wf\/figiel\/wp-json\/wp\/v2\/comments?post=2"}],"version-history":[{"count":6,"href":"https:\/\/physics.uwb.edu.pl\/wf\/figiel\/wp-json\/wp\/v2\/pages\/2\/revisions"}],"predecessor-version":[{"id":79,"href":"https:\/\/physics.uwb.edu.pl\/wf\/figiel\/wp-json\/wp\/v2\/pages\/2\/revisions\/79"}],"wp:attachment":[{"href":"https:\/\/physics.uwb.edu.pl\/wf\/figiel\/wp-json\/wp\/v2\/media?parent=2"}],"curies":[{"name":"wp","href":"https:\/\/api.w.org\/{rel}","templated":true}]}}