{"id":10085,"date":"2019-09-09T20:54:46","date_gmt":"2019-09-09T18:54:46","guid":{"rendered":"http:\/\/physics.uwb.edu.pl\/wf\/?page_id=10085"},"modified":"2019-09-11T09:16:57","modified_gmt":"2019-09-11T07:16:57","slug":"salon-maturzystow-perspektywy-2-2","status":"publish","type":"page","link":"https:\/\/physics.uwb.edu.pl\/wf\/?page_id=10085","title":{"rendered":"Salon Maturzyst\u00f3w &#8220;Perspektywy&#8221; 2019 r. ponownie w Kampusie UwB"},"content":{"rendered":"<p>Po raz kolejny odby\u0142y si\u0119 targi edukacyjne Salon Maturzyst\u00f3w &#8211; organizowane przez &#8220;Perspektywy&#8221; (9 wrze\u015bnia 2019 r.).<\/p>\n<p>ngg_shortcode_0_placeholderPodczas targ\u00f3w mo\u017cna by\u0142o porozmawia\u0107 o studiowaniu fizyki z dr. Wojciechem Olszewskim, dr. Krzysztofem Gawrylukiem a tak\u017ce z naszym studentem Bartoszem Butlerem (specjalno\u015b\u0107 <a href=\"http:\/\/gry.fizyka.uwb.edu.pl\">Fizyka Gier Komputerowych i Robot\u00f3w<\/a>, uko\u0144czony 1szy rok). Pan Bartek prezentowa\u0142 sw\u00f3j projekt realizowany w ramach ko\u0142a naukowego Fi-BOT pod tytu\u0142em &#8220;<em>Wielozadaniowa, programowalna maszyna 2D\/3D do zada\u0144 precyzyjnych&#8221;. <\/em>Ta d\u0142uga nazwa nie odstraszy\u0142a go\u015bci Wydzia\u0142u Fizyki &#8211; jest to ciekawa konstrukcja, kt\u00f3ra <a href=\"http:\/\/physics.uwb.edu.pl\/wf\/fi-bot\/?page_id=1734\">wykonuje precyzyjne rysunki.<\/a> Warte podkre\u015blenia jest to, \u017ce zosta\u0142a zaprojektowana, wykonana i oprogramowana &#8220;od zera&#8221; przez naszego studenta &#8211; w\u0142a\u015bnie tego uczymy na naszej <a href=\"http:\/\/gry.fizyka.uwb.edu.pl\">nowej specjalno\u015bci<\/a>.<\/p>\n<p>&nbsp;<\/p>\n<p>Dzi\u0119kujemy za zainteresowanie m\u0142odzie\u017cy fizyk\u0105, naszym Wydzia\u0142em oraz studiowaniem u nas. <strong>\u017byczymy udanej matury 2020<\/strong> r &#8211; a potem (mo\u017ce?) spotkania na naszym Wydziale. Zapraszamy do nas!<\/p>\n","protected":false},"excerpt":{"rendered":"<p>Po raz kolejny odby\u0142y si\u0119 targi edukacyjne Salon Maturzyst\u00f3w &#8211; organizowane przez &#8220;Perspektywy&#8221; (9 wrze\u015bnia 2019 r.). Podczas targ\u00f3w mo\u017cna by\u0142o porozmawia\u0107 o studiowaniu fizyki z dr. Wojciechem Olszewskim, dr. <a href=\"https:\/\/physics.uwb.edu.pl\/wf\/?page_id=10085\" class=\"more-link\">[&hellip;]<\/a><\/p>\n","protected":false},"author":5,"featured_media":10086,"parent":2744,"menu_order":0,"comment_status":"closed","ping_status":"closed","template":"","meta":{"ngg_post_thumbnail":0,"Layout":"1c","footnotes":""},"categories":[166,131],"tags":[],"class_list":["entry","author-gawryl","post-10085","page","type-page","status-publish","has-post-thumbnail","category-edukacyjne","category-galeria_foto"],"jetpack_sharing_enabled":true,"jetpack_shortlink":"https:\/\/wp.me\/P7nvcn-2CF","_links":{"self":[{"href":"https:\/\/physics.uwb.edu.pl\/wf\/index.php?rest_route=\/wp\/v2\/pages\/10085","targetHints":{"allow":["GET"]}}],"collection":[{"href":"https:\/\/physics.uwb.edu.pl\/wf\/index.php?rest_route=\/wp\/v2\/pages"}],"about":[{"href":"https:\/\/physics.uwb.edu.pl\/wf\/index.php?rest_route=\/wp\/v2\/types\/page"}],"author":[{"embeddable":true,"href":"https:\/\/physics.uwb.edu.pl\/wf\/index.php?rest_route=\/wp\/v2\/users\/5"}],"replies":[{"embeddable":true,"href":"https:\/\/physics.uwb.edu.pl\/wf\/index.php?rest_route=%2Fwp%2Fv2%2Fcomments&post=10085"}],"version-history":[{"count":9,"href":"https:\/\/physics.uwb.edu.pl\/wf\/index.php?rest_route=\/wp\/v2\/pages\/10085\/revisions"}],"predecessor-version":[{"id":10115,"href":"https:\/\/physics.uwb.edu.pl\/wf\/index.php?rest_route=\/wp\/v2\/pages\/10085\/revisions\/10115"}],"up":[{"embeddable":true,"href":"https:\/\/physics.uwb.edu.pl\/wf\/index.php?rest_route=\/wp\/v2\/pages\/2744"}],"wp:featuredmedia":[{"embeddable":true,"href":"https:\/\/physics.uwb.edu.pl\/wf\/index.php?rest_route=\/wp\/v2\/media\/10086"}],"wp:attachment":[{"href":"https:\/\/physics.uwb.edu.pl\/wf\/index.php?rest_route=%2Fwp%2Fv2%2Fmedia&parent=10085"}],"wp:term":[{"taxonomy":"category","embeddable":true,"href":"https:\/\/physics.uwb.edu.pl\/wf\/index.php?rest_route=%2Fwp%2Fv2%2Fcategories&post=10085"},{"taxonomy":"post_tag","embeddable":true,"href":"https:\/\/physics.uwb.edu.pl\/wf\/index.php?rest_route=%2Fwp%2Fv2%2Ftags&post=10085"}],"curies":[{"name":"wp","href":"https:\/\/api.w.org\/{rel}","templated":true}]}}