{"id":10252,"date":"2019-10-09T14:27:01","date_gmt":"2019-10-09T12:27:01","guid":{"rendered":"http:\/\/physics.uwb.edu.pl\/wf\/?page_id=10252"},"modified":"2019-10-09T14:27:01","modified_gmt":"2019-10-09T12:27:01","slug":"o-marianie-smoluchowskim-w-setna-rocznice-smierci-2-2-2-2-2-4-3-2-2-2-2-2-2-2-3-3-2-3-2-2-2-2-3-2-2-2-2-2-2-3-2-2-2-2-2-2-2-2-2-3-3-2-2-2-3-3","status":"publish","type":"page","link":"https:\/\/physics.uwb.edu.pl\/wf\/?page_id=10252","title":{"rendered":"Syntetyczne hamiltoniany: pole magnetyczne i spin-orbita dla masywnych foton\u00f3w."},"content":{"rendered":"<h3><strong>Seminarium wydzia\u0142owe<br \/>\n<\/strong><\/h3>\n<p align=\"justify\">Dnia 2019-10-15 o godzinie 12:15 w sali 2011 Wydzia\u0142u Fizyki UwB odb\u0119dzie si\u0119 wyk\u0142ad, na kt\u00f3rym <strong>dr hab. Jacek Szczytko z Wydzia\u0142u Fizyki Uniwersytetu Warszawskiego, <\/strong>wyg\u0142osi wyk\u0142ad pt:<\/p>\n<h3 style=\"text-align: center\"><span style=\"font-size: 36px\">&#8220;Syntetyczne hamiltoniany: pole magnetyczne i spin-orbita dla masywnych foton\u00f3w. <\/span><span style=\"font-size: 28px\"><span style=\"font-size: 36px\">&#8220;<\/span> <\/span><\/h3>\n<p style=\"text-align: right\">Serdecznie zapraszamy<\/p>\n<p style=\"text-align: right\">Andrzej Maziewski<\/p>\n<p style=\"text-align: right\">Jerzy Przeszowski<\/p>\n<p>[mla_gallery size=full ids=&#8221;10253&#8243; post_mime_type=application\/pdf post_parent=all link=file mla_viewer=true columns=1 mla_rollover_text='{+description+}&#8217; ]<\/p>\n","protected":false},"excerpt":{"rendered":"<p>Seminarium wydzia\u0142owe Dnia 2019-10-15 o godzinie 12:15 w sali 2011 Wydzia\u0142u Fizyki UwB odb\u0119dzie si\u0119 wyk\u0142ad, na kt\u00f3rym dr hab. Jacek Szczytko z Wydzia\u0142u Fizyki Uniwersytetu Warszawskiego, wyg\u0142osi wyk\u0142ad pt: <a href=\"https:\/\/physics.uwb.edu.pl\/wf\/?page_id=10252\" class=\"more-link\">[&hellip;]<\/a><\/p>\n","protected":false},"author":14,"featured_media":3366,"parent":822,"menu_order":0,"comment_status":"closed","ping_status":"closed","template":"","meta":{"ngg_post_thumbnail":0,"Layout":"1c","footnotes":""},"categories":[69],"tags":[],"class_list":["entry","author-ulag","post-10252","page","type-page","status-publish","has-post-thumbnail","category-seminarium_pl"],"jetpack_sharing_enabled":true,"jetpack_shortlink":"https:\/\/wp.me\/P7nvcn-2Fm","_links":{"self":[{"href":"https:\/\/physics.uwb.edu.pl\/wf\/index.php?rest_route=\/wp\/v2\/pages\/10252","targetHints":{"allow":["GET"]}}],"collection":[{"href":"https:\/\/physics.uwb.edu.pl\/wf\/index.php?rest_route=\/wp\/v2\/pages"}],"about":[{"href":"https:\/\/physics.uwb.edu.pl\/wf\/index.php?rest_route=\/wp\/v2\/types\/page"}],"author":[{"embeddable":true,"href":"https:\/\/physics.uwb.edu.pl\/wf\/index.php?rest_route=\/wp\/v2\/users\/14"}],"replies":[{"embeddable":true,"href":"https:\/\/physics.uwb.edu.pl\/wf\/index.php?rest_route=%2Fwp%2Fv2%2Fcomments&post=10252"}],"version-history":[{"count":1,"href":"https:\/\/physics.uwb.edu.pl\/wf\/index.php?rest_route=\/wp\/v2\/pages\/10252\/revisions"}],"predecessor-version":[{"id":10255,"href":"https:\/\/physics.uwb.edu.pl\/wf\/index.php?rest_route=\/wp\/v2\/pages\/10252\/revisions\/10255"}],"up":[{"embeddable":true,"href":"https:\/\/physics.uwb.edu.pl\/wf\/index.php?rest_route=\/wp\/v2\/pages\/822"}],"wp:featuredmedia":[{"embeddable":true,"href":"https:\/\/physics.uwb.edu.pl\/wf\/index.php?rest_route=\/wp\/v2\/media\/3366"}],"wp:attachment":[{"href":"https:\/\/physics.uwb.edu.pl\/wf\/index.php?rest_route=%2Fwp%2Fv2%2Fmedia&parent=10252"}],"wp:term":[{"taxonomy":"category","embeddable":true,"href":"https:\/\/physics.uwb.edu.pl\/wf\/index.php?rest_route=%2Fwp%2Fv2%2Fcategories&post=10252"},{"taxonomy":"post_tag","embeddable":true,"href":"https:\/\/physics.uwb.edu.pl\/wf\/index.php?rest_route=%2Fwp%2Fv2%2Ftags&post=10252"}],"curies":[{"name":"wp","href":"https:\/\/api.w.org\/{rel}","templated":true}]}}