{"id":10264,"date":"2019-10-15T08:38:44","date_gmt":"2019-10-15T06:38:44","guid":{"rendered":"http:\/\/physics.uwb.edu.pl\/wf\/?page_id=10264"},"modified":"2019-10-16T12:17:35","modified_gmt":"2019-10-16T10:17:35","slug":"wyklad-ptf-promieniowanie-jonizujace-jest-cool-2-3-2-2-2-2-2-2-2-2-2","status":"publish","type":"page","link":"https:\/\/physics.uwb.edu.pl\/wf\/?page_id=10264","title":{"rendered":"Wyk\u0142ady PTF: Czy zdo\u0142amy zahamowa\u0107 globalne ocieplenie?"},"content":{"rendered":"<p><em><strong>Wyk\u0142ady PTF o\/Bia\u0142ystok &#8211; zapowiedzi<\/strong><\/em><\/p>\n<p style=\"text-align: center\">W sobot\u0119 26 pa\u017adziernika 2019 roku o godz. 11.00<br \/>\nw sali 2011 Wydzia\u0142u Fizyki przy ul. Konstantego Cio\u0142kowskiego 1L<br \/>\n<strong>Prof. dr hab. in\u017c. Kazimierz R\u00f3\u017ca\u0144ski<\/strong><br \/>\nz Wydzia\u0142u Fizyki i Informatyki Stosowanej Akademii G\u00f3rniczo-Hutniczej<br \/>\nim. Stanis\u0142awa Staszica w Krakowie<br \/>\nwyg\u0142osi wyk\u0142ad pt.<br \/>\n<strong>Czy zdo\u0142amy zahamowa\u0107 globalne ocieplenie?<\/strong><\/p>\n<p><strong>\u00a0<\/strong><\/p>\n<p style=\"text-align: justify\">W referacie przedstawione zostan\u0105 dane obserwacyjne ilustruj\u0105ce ewolucj\u0119 klimatu Ziemi w ostatnich dziesi\u0119cioleciach. Przedyskutowane zostan\u0105 fizyczne aspekty ingerencji cz\u0142owieka w ziemski system klimatyczny oraz mo\u017cliwo\u015bci zahamowania dalszego wzrostu temperatury globalnej poprzez r\u00f3\u017cne warianty modyfikacji bilansu radiacyjnego Ziemi, w tym projekty bezpo\u015bredniej kontroli strumienia promieniowania s\u0142onecznego docieraj\u0105cego do powierzchni Ziemi oraz sposoby kontroli strumienia promieniowania d\u0142ugofalowego (podczerwonego) emitowanego przez system Ziemia-atmosfera. Przedstawione zostan\u0105 g\u0142\u00f3wne tezy Raportu Specjalnego Mi\u0119dzyrz\u0105dowego Zespo\u0142u ds. Zmian Klimatu (IPCC) dotycz\u0105ce niezb\u0119dnych dzia\u0142a\u0144 kt\u00f3re nale\u017cy podj\u0105\u0107 aby utrzyma\u0107 wzrost temperatury globalnej Ziemi poni\u017cej 1.5 st. C\u00a0do ko\u0144ca XXI wieku.<\/p>\n<p style=\"text-align: justify\"><em>Dzia\u0142alno\u015b\u0107 naukowa prelegenta koncentruje si\u0119 wok\u00f3\u0142 zagadnie\u0144 zwi\u0105zanych z wykorzystywaniem metod i narz\u0119dzi fizycznych, w tym metod izotopowych, w naukach o Ziemi. Warto tutaj wymieni\u0107 prace zwi\u0105zane z wykorzystaniem metod znacznik\u00f3w \u015brodowiskowych, w szczeg\u00f3lno\u015bci izotop\u00f3w \u015brodowiska, w hydrologii i badaniach obiegu wody w przyrodzie. Prof. R\u00f3\u017ca\u0144ski ma znacz\u0105cy udzia\u0142 w rozwoju hydrologii izotopowej, zar\u00f3wno na gruncie krajowym jak i zagranicznym. W kontek\u015bcie post\u0119puj\u0105cych zmian klimatycznych istotne s\u0105\u00a0prace Zespo\u0142u Fizyki \u015arodowiska kt\u00f3rym kieruje prelegent, zwi\u0105zane z badaniem dynamiki obiegu w\u0119gla w przyrodzie, w szczeg\u00f3lno\u015bci badania zmienno\u015bci czasowo-przestrzennej st\u0119\u017cenia i sk\u0142adu izotopowego g\u0142\u00f3wnych gaz\u00f3w cieplarnianych (CO2, CH4) w atmosferze, dynamiki wymiany tych gaz\u00f3w mi\u0119dzy atmosfer\u0105 i powierzchni\u0105 Ziemi i wp\u0142ywu cz\u0142owieka na obieg w\u0119gla.. Zesp\u00f3\u0142 Fizyki \u015arodowiska WFiIS AGH prowadzi od dwudziestu pi\u0119ciu lat systematyczne pomiary st\u0119\u017cenia dwutlenku w\u0119gla i metanu na stacji pomiarowej zlokalizowanej na szczycie Kasprowego Wierchu w Tatrach. Stacja ta dostarcza wysokiej jako\u015bci danych pomiarowych dotycz\u0105cych atmosferycznych st\u0119\u017ce\u0144 tych gaz\u00f3w w Europie \u015brodkowo-wschodniej.<\/em><\/p>\n<p>Wszystkie osoby zainteresowane serdecznie zapraszamy!<br \/>\nZarz\u0105d OB PTF<\/p>\n","protected":false},"excerpt":{"rendered":"<p>Wyk\u0142ady PTF o\/Bia\u0142ystok &#8211; zapowiedzi W sobot\u0119 26 pa\u017adziernika 2019 roku o godz. 11.00 w sali 2011 Wydzia\u0142u Fizyki przy ul. Konstantego Cio\u0142kowskiego 1L Prof. dr hab. in\u017c. Kazimierz R\u00f3\u017ca\u0144ski <a href=\"https:\/\/physics.uwb.edu.pl\/wf\/?page_id=10264\" class=\"more-link\">[&hellip;]<\/a><\/p>\n","protected":false},"author":10,"featured_media":1879,"parent":789,"menu_order":0,"comment_status":"closed","ping_status":"closed","template":"","meta":{"ngg_post_thumbnail":0,"Layout":"","footnotes":""},"categories":[40],"tags":[],"class_list":["entry","author-pzaleski","post-10264","page","type-page","status-publish","has-post-thumbnail","category-ptf_wyklad"],"jetpack_sharing_enabled":true,"jetpack_shortlink":"https:\/\/wp.me\/P7nvcn-2Fy","_links":{"self":[{"href":"https:\/\/physics.uwb.edu.pl\/wf\/index.php?rest_route=\/wp\/v2\/pages\/10264","targetHints":{"allow":["GET"]}}],"collection":[{"href":"https:\/\/physics.uwb.edu.pl\/wf\/index.php?rest_route=\/wp\/v2\/pages"}],"about":[{"href":"https:\/\/physics.uwb.edu.pl\/wf\/index.php?rest_route=\/wp\/v2\/types\/page"}],"author":[{"embeddable":true,"href":"https:\/\/physics.uwb.edu.pl\/wf\/index.php?rest_route=\/wp\/v2\/users\/10"}],"replies":[{"embeddable":true,"href":"https:\/\/physics.uwb.edu.pl\/wf\/index.php?rest_route=%2Fwp%2Fv2%2Fcomments&post=10264"}],"version-history":[{"count":1,"href":"https:\/\/physics.uwb.edu.pl\/wf\/index.php?rest_route=\/wp\/v2\/pages\/10264\/revisions"}],"predecessor-version":[{"id":10265,"href":"https:\/\/physics.uwb.edu.pl\/wf\/index.php?rest_route=\/wp\/v2\/pages\/10264\/revisions\/10265"}],"up":[{"embeddable":true,"href":"https:\/\/physics.uwb.edu.pl\/wf\/index.php?rest_route=\/wp\/v2\/pages\/789"}],"wp:featuredmedia":[{"embeddable":true,"href":"https:\/\/physics.uwb.edu.pl\/wf\/index.php?rest_route=\/wp\/v2\/media\/1879"}],"wp:attachment":[{"href":"https:\/\/physics.uwb.edu.pl\/wf\/index.php?rest_route=%2Fwp%2Fv2%2Fmedia&parent=10264"}],"wp:term":[{"taxonomy":"category","embeddable":true,"href":"https:\/\/physics.uwb.edu.pl\/wf\/index.php?rest_route=%2Fwp%2Fv2%2Fcategories&post=10264"},{"taxonomy":"post_tag","embeddable":true,"href":"https:\/\/physics.uwb.edu.pl\/wf\/index.php?rest_route=%2Fwp%2Fv2%2Ftags&post=10264"}],"curies":[{"name":"wp","href":"https:\/\/api.w.org\/{rel}","templated":true}]}}