{"id":10304,"date":"2019-10-21T11:09:14","date_gmt":"2019-10-21T09:09:14","guid":{"rendered":"http:\/\/physics.uwb.edu.pl\/wf\/?page_id=10304"},"modified":"2019-10-21T11:49:02","modified_gmt":"2019-10-21T09:49:02","slug":"salon-maturzystow-perspektywy-2-2-2-2","status":"publish","type":"page","link":"https:\/\/physics.uwb.edu.pl\/wf\/?page_id=10304","title":{"rendered":"Pozna\u0144 Game Arena (PGA), GIC i godotcon"},"content":{"rendered":"<p>W dniach 15-20 pa\u017adziernika 2019 r. pracownicy naszego Wydzia\u0142u (dr hab. Tomasz Karpiuk oraz dr Krzysztof Gawryluk) uczestniczyli w najwi\u0119kszej imprezie gameingowej w Polsce &#8211; PGA. Ich pobyt podyktowany by\u0142 obserwowaniem bran\u017cy gier komputerowych, a tak\u017ce tworzenia gier (konferencja godotcon oraz GIC). Wszystko to zwi\u0105zane by\u0142o z prowadzeniem specjalno\u015bci <a href=\"http:\/\/gry.fizyka.uwb.edu.pl\">Fizyka Gier Komputerowych i Robot\u00f3w<\/a> na Wydziale Fizyki.<\/p>\nngg_shortcode_0_placeholder\n<p style=\"text-align: center;\"><em><span style=\"font-size: 12px;\">(autor zdj\u0119\u0107: K. Gawryluk)<\/span><\/em><\/p>\n<p>O ile PGA to targi &#8220;konsumpcyjne&#8221;, skierowane g\u0142\u00f3wnie do graczy (cho\u0107 tak\u017ce i do fan\u00f3w sprz\u0119tu komputerowego), to w ramach tej imprezy odby\u0142y si\u0119 towarzysz\u0105ce konferencje: godotcon &#8211; po\u015bwi\u0119cona projektowaniu gier z wykorzystaniem silnika <a href=\"https:\/\/godotengine.org\/\">GoDOT<\/a> (opensourcowa alternatywa dla Unreala czy Unity), a tak\u017ce GIC (Game Industry Conference), na kt\u00f3rej mo\u017cna by\u0142o zdoby\u0107 wiedz\u0119 o projektowaniu gier (od wiedzy specjalistycznej zdobywanej na warsztatach, do wiedzy og\u00f3lnej &#8211; wyk\u0142adach dotycz\u0105cych opowiadaniu historii w grach, tworzeniu poziom\u00f3w trudno\u015bci, czy te\u017c ubieganiu si\u0119 o finansowaniu projekt\u00f3w). GIC odbywa\u0142 si\u0119 jednocze\u015bnie w kilku salach, dlatego trzeba by\u0142o wybiera\u0107 z licznych wyk\u0142ad\u00f3w &#8211; wyb\u00f3r nie by\u0142 wcale \u0142atwy!<\/p>\n<p>Targi okaza\u0142y si\u0119 \u015bwietn\u0105 inspiracj\u0105 a tak\u017ce &#8220;wywiadem&#8221; z gamedev-em, czyli lud\u017ami zatrudnionymi w firmach zawodowo tworz\u0105cymi profesjonalne gry (zar\u00f3wno z polski, jak i z ca\u0142ej Europy). W wi\u0119kszo\u015bci do m\u0142odzi ludzie zatrudnieni w ma\u0142ych studiach (5-10 os\u00f3b, w wieku 23-30 lat!) od kt\u00f3rych dowiedzieli\u015bmy si\u0119 o trendach w bran\u017cy (np. stosowanych narz\u0119dziach), kt\u00f3re b\u0119dziemy starali si\u0119 wdra\u017ca\u0107 na naszych zaj\u0119ciach. Targi by\u0142y bardzo inspiruj\u0105ce, a o ich wielko\u015bci i rozmachu mo\u017cna przekona\u0107 si\u0119 ogl\u0105daj\u0105c fotorelacj\u0119.<\/p>\n","protected":false},"excerpt":{"rendered":"<p>W dniach 15-20 pa\u017adziernika 2019 r. pracownicy naszego Wydzia\u0142u (dr hab. Tomasz Karpiuk oraz dr Krzysztof Gawryluk) uczestniczyli w najwi\u0119kszej imprezie gameingowej w Polsce &#8211; PGA. Ich pobyt podyktowany by\u0142 <a href=\"https:\/\/physics.uwb.edu.pl\/wf\/?page_id=10304\" class=\"more-link\">[&hellip;]<\/a><\/p>\n","protected":false},"author":5,"featured_media":10306,"parent":2744,"menu_order":0,"comment_status":"closed","ping_status":"closed","template":"","meta":{"ngg_post_thumbnail":0,"Layout":"1c","footnotes":""},"categories":[166,131],"tags":[],"class_list":["entry","author-gawryl","post-10304","page","type-page","status-publish","has-post-thumbnail","category-edukacyjne","category-galeria_foto"],"jetpack_sharing_enabled":true,"jetpack_shortlink":"https:\/\/wp.me\/P7nvcn-2Gc","_links":{"self":[{"href":"https:\/\/physics.uwb.edu.pl\/wf\/index.php?rest_route=\/wp\/v2\/pages\/10304","targetHints":{"allow":["GET"]}}],"collection":[{"href":"https:\/\/physics.uwb.edu.pl\/wf\/index.php?rest_route=\/wp\/v2\/pages"}],"about":[{"href":"https:\/\/physics.uwb.edu.pl\/wf\/index.php?rest_route=\/wp\/v2\/types\/page"}],"author":[{"embeddable":true,"href":"https:\/\/physics.uwb.edu.pl\/wf\/index.php?rest_route=\/wp\/v2\/users\/5"}],"replies":[{"embeddable":true,"href":"https:\/\/physics.uwb.edu.pl\/wf\/index.php?rest_route=%2Fwp%2Fv2%2Fcomments&post=10304"}],"version-history":[{"count":3,"href":"https:\/\/physics.uwb.edu.pl\/wf\/index.php?rest_route=\/wp\/v2\/pages\/10304\/revisions"}],"predecessor-version":[{"id":10308,"href":"https:\/\/physics.uwb.edu.pl\/wf\/index.php?rest_route=\/wp\/v2\/pages\/10304\/revisions\/10308"}],"up":[{"embeddable":true,"href":"https:\/\/physics.uwb.edu.pl\/wf\/index.php?rest_route=\/wp\/v2\/pages\/2744"}],"wp:featuredmedia":[{"embeddable":true,"href":"https:\/\/physics.uwb.edu.pl\/wf\/index.php?rest_route=\/wp\/v2\/media\/10306"}],"wp:attachment":[{"href":"https:\/\/physics.uwb.edu.pl\/wf\/index.php?rest_route=%2Fwp%2Fv2%2Fmedia&parent=10304"}],"wp:term":[{"taxonomy":"category","embeddable":true,"href":"https:\/\/physics.uwb.edu.pl\/wf\/index.php?rest_route=%2Fwp%2Fv2%2Fcategories&post=10304"},{"taxonomy":"post_tag","embeddable":true,"href":"https:\/\/physics.uwb.edu.pl\/wf\/index.php?rest_route=%2Fwp%2Fv2%2Ftags&post=10304"}],"curies":[{"name":"wp","href":"https:\/\/api.w.org\/{rel}","templated":true}]}}