{"id":10406,"date":"2019-11-14T11:05:04","date_gmt":"2019-11-14T10:05:04","guid":{"rendered":"http:\/\/physics.uwb.edu.pl\/wf\/?page_id=10406"},"modified":"2021-03-15T13:32:28","modified_gmt":"2021-03-15T12:32:28","slug":"zaklad-fizyki-nieliniowej-2","status":"publish","type":"page","link":"https:\/\/physics.uwb.edu.pl\/wf\/?page_id=10406","title":{"rendered":"Katedra Metod Matematycznych Fizyki"},"content":{"rendered":"<div id=\"pl-10406\"  class=\"panel-layout\" ><div id=\"pg-10406-0\"  class=\"panel-grid panel-no-style\" ><div id=\"pgc-10406-0-0\"  class=\"panel-grid-cell\" ><div id=\"panel-10406-0-0-0\" class=\"so-panel widget widget_sow-editor panel-first-child panel-last-child\" data-index=\"0\" ><div\n\t\t\t\n\t\t\tclass=\"so-widget-sow-editor so-widget-sow-editor-base\"\n\t\t\t\n\t\t>\n<div class=\"siteorigin-widget-tinymce textwidget\">\n\t<h2>Katedra Metod Matematycznych Fizyki<\/h2>\n<\/div>\n<\/div><\/div><\/div><\/div><div id=\"pg-10406-1\"  class=\"panel-grid panel-no-style\" ><div id=\"pgc-10406-1-0\"  class=\"panel-grid-cell\" ><div id=\"panel-10406-1-0-0\" class=\"so-panel widget widget_sow-editor panel-first-child panel-last-child\" data-index=\"1\" ><div\n\t\t\t\n\t\t\tclass=\"so-widget-sow-editor so-widget-sow-editor-base\"\n\t\t\t\n\t\t>\n<div class=\"siteorigin-widget-tinymce textwidget\">\n\t<img loading=\"lazy\" decoding=\"async\" class=\"alignleft wp-image-5567 size-thumbnail\" src=\"http:\/\/physics.uwb.edu.pl\/wf\/wp-content\/uploads\/2017\/05\/zfn3-janek-150x124.jpg\" alt=\"\" width=\"150\" height=\"124\" srcset=\"https:\/\/physics.uwb.edu.pl\/wf\/wp-content\/uploads\/2017\/05\/zfn3-janek-150x124.jpg 150w, https:\/\/physics.uwb.edu.pl\/wf\/wp-content\/uploads\/2017\/05\/zfn3-janek-300x249.jpg 300w, https:\/\/physics.uwb.edu.pl\/wf\/wp-content\/uploads\/2017\/05\/zfn3-janek-603x500.jpg 603w, https:\/\/physics.uwb.edu.pl\/wf\/wp-content\/uploads\/2017\/05\/zfn3-janek.jpg 861w\" sizes=\"auto, (max-width: 150px) 100vw, 150px\" \/><\/div>\n<\/div><\/div><\/div><div id=\"pgc-10406-1-1\"  class=\"panel-grid-cell\" ><div id=\"panel-10406-1-1-0\" class=\"so-panel widget widget_sow-editor panel-first-child panel-last-child\" data-index=\"2\" ><div\n\t\t\t\n\t\t\tclass=\"so-widget-sow-editor so-widget-sow-editor-base\"\n\t\t\t\n\t\t>\n<div class=\"siteorigin-widget-tinymce textwidget\">\n\t<p>Kierownik: <strong>prof. dr hab. Jan L. Cie\u015bli\u0144ski<\/strong><br \/>\nPok\u00f3j: 2037<br \/>\nTelefon: 48-85-738-8195<br \/>\nE-mail:<u><a href=\"mailto:j.cieslinski@uwb.edu.pl\">j.cieslinski@uwb.edu.pl<\/a><\/u><\/p>\n<\/div>\n<\/div><\/div><\/div><\/div><div id=\"pg-10406-2\"  class=\"panel-grid panel-no-style\" ><div id=\"pgc-10406-2-0\"  class=\"panel-grid-cell\" ><div id=\"panel-10406-2-0-0\" class=\"so-panel widget widget_sow-editor panel-first-child panel-last-child\" data-index=\"3\" ><div\n\t\t\t\n\t\t\tclass=\"so-widget-sow-editor so-widget-sow-editor-base\"\n\t\t\t\n\t\t>\n<div class=\"siteorigin-widget-tinymce textwidget\">\n\t<div class=\"sekcja\">\n<h2>Pracownicy<\/h2>\n<\/div>\n<div class=\"sekcja_tytul\"><a href=\"https:\/\/physics.uwb.edu.pl\/wf\/?pracownik=jan-l-cieslinski\">\r\nprof. dr hab. <strong> Jan L. Cie\u015bli\u0144ski<\/strong>  \r\n <\/a>\r\n\r\n<br><a href=\"https:\/\/physics.uwb.edu.pl\/wf\/?pracownik=edward-piotrowski\">\r\nprof. dr hab. <strong> Edward Piotrowski<\/strong>  \r\n <\/a>\r\n\r\n<br><a href=\"https:\/\/physics.uwb.edu.pl\/wf\/?pracownik=zbigniew-hasiewicz\">\r\ndr hab. <strong> Zbigniew Hasiewicz<\/strong>  \r\n <\/a>\r\n\r\n<br><a href=\"https:\/\/physics.uwb.edu.pl\/wf\/?pracownik=marcin-makowski\">\r\ndr <strong> Marcin Makowski<\/strong>  \r\n <\/a>\r\n\r\n<br><a href=\"https:\/\/physics.uwb.edu.pl\/wf\/?pracownik=cezary-walczyk\">\r\ndr <strong> Cezary Walczyk<\/strong>  \r\n <\/a>\r\n\r\n<br><a href=\"https:\/\/physics.uwb.edu.pl\/wf\/?pracownik=mgr-artur-kobus\">\r\nmgr <strong> Artur Kobus<\/strong>  \r\n <\/a>\r\n\r\n<br><\/div>\n<div class=\"sekcja_tytul\">&nbsp;<\/div>\n<h2>Tematyka bada\u0144<\/h2>\n<p>&nbsp;<\/p>\n<h2>Publikacje<\/h2>\n<p>&nbsp;<\/p>\n<h2>Wsp\u00f3\u0142praca<\/h2>\n<div class=\"sekcja\">\n<div class=\"tresc\">\n<p>&nbsp;<\/p>\n<\/div>\n<\/div>\n<\/div>\n<\/div><\/div><\/div><\/div><\/div>","protected":false},"excerpt":{"rendered":"<p>Katedra Metod Matematycznych Fizyki Kierownik: prof. dr hab. Jan L. Cie\u015bli\u0144ski Pok\u00f3j: 2037 Telefon: 48-85-738-8195 E-mail:j.cieslinski@uwb.edu.pl<\/p>\n","protected":false},"author":14,"featured_media":0,"parent":214,"menu_order":40,"comment_status":"closed","ping_status":"closed","template":"","meta":{"ngg_post_thumbnail":0,"Layout":"","footnotes":""},"categories":[3],"tags":[],"class_list":["entry","author-ulag","post-10406","page","type-page","status-publish","category-wydzialowe_pl"],"jetpack_sharing_enabled":true,"jetpack_shortlink":"https:\/\/wp.me\/P7nvcn-2HQ","_links":{"self":[{"href":"https:\/\/physics.uwb.edu.pl\/wf\/index.php?rest_route=\/wp\/v2\/pages\/10406","targetHints":{"allow":["GET"]}}],"collection":[{"href":"https:\/\/physics.uwb.edu.pl\/wf\/index.php?rest_route=\/wp\/v2\/pages"}],"about":[{"href":"https:\/\/physics.uwb.edu.pl\/wf\/index.php?rest_route=\/wp\/v2\/types\/page"}],"author":[{"embeddable":true,"href":"https:\/\/physics.uwb.edu.pl\/wf\/index.php?rest_route=\/wp\/v2\/users\/14"}],"replies":[{"embeddable":true,"href":"https:\/\/physics.uwb.edu.pl\/wf\/index.php?rest_route=%2Fwp%2Fv2%2Fcomments&post=10406"}],"version-history":[{"count":7,"href":"https:\/\/physics.uwb.edu.pl\/wf\/index.php?rest_route=\/wp\/v2\/pages\/10406\/revisions"}],"predecessor-version":[{"id":11946,"href":"https:\/\/physics.uwb.edu.pl\/wf\/index.php?rest_route=\/wp\/v2\/pages\/10406\/revisions\/11946"}],"up":[{"embeddable":true,"href":"https:\/\/physics.uwb.edu.pl\/wf\/index.php?rest_route=\/wp\/v2\/pages\/214"}],"wp:attachment":[{"href":"https:\/\/physics.uwb.edu.pl\/wf\/index.php?rest_route=%2Fwp%2Fv2%2Fmedia&parent=10406"}],"wp:term":[{"taxonomy":"category","embeddable":true,"href":"https:\/\/physics.uwb.edu.pl\/wf\/index.php?rest_route=%2Fwp%2Fv2%2Fcategories&post=10406"},{"taxonomy":"post_tag","embeddable":true,"href":"https:\/\/physics.uwb.edu.pl\/wf\/index.php?rest_route=%2Fwp%2Fv2%2Ftags&post=10406"}],"curies":[{"name":"wp","href":"https:\/\/api.w.org\/{rel}","templated":true}]}}