{"id":10438,"date":"2019-11-15T14:18:40","date_gmt":"2019-11-15T13:18:40","guid":{"rendered":"http:\/\/physics.uwb.edu.pl\/wf\/?page_id=10438"},"modified":"2019-11-27T12:40:04","modified_gmt":"2019-11-27T11:40:04","slug":"o-marianie-smoluchowskim-w-setna-rocznice-smierci-2-2-2-2-2-4-3-2-2-2-2-2-2-2-3-3-2-3-2-2-2-2-3-2-2-2-2-2-2-3-2-2-2-2-2-2-2-2-2-3-3-2-2-2-3-3-2-2-2-2-2","status":"publish","type":"page","link":"https:\/\/physics.uwb.edu.pl\/wf\/?page_id=10438","title":{"rendered":"Geometryczne ca\u0142kowanie numeryczne i uk\u0142ady dyssypatywne"},"content":{"rendered":"<h3><strong>Seminarium wydzia\u0142owe<br \/>\n<\/strong><\/h3>\n<p align=\"justify\">Dnia 2019-11-19 o godzinie 12:15 w sali 2011 Wydzia\u0142u Fizyki UwB odb\u0119dzie si\u0119 wyk\u0142ad, na kt\u00f3rym&nbsp;<strong>mgr Artur Kobus z Katedry Fizyki Matematycznej, Wydzia\u0142 Fizyki, Uniwersytetu w Bia\u0142ymstoku <\/strong>wyg\u0142osi wyk\u0142ad pt:<\/p>\n<h3 style=\"text-align: center;\"><span style=\"font-size: 36px;\">&#8220;Geometryczne ca\u0142kowanie numeryczne i uk\u0142ady dyssypatywne &#8220;<\/span><\/h3>\n<p style=\"text-align: right;\">Serdecznie zapraszamy<\/p>\n<p style=\"text-align: right;\">Jerzy Przeszowski<\/p>\n<p>&nbsp;<\/p>\n<p style=\"text-align: justify;\">Celem powzi\u0119tym przez autora jest dostosowanie uk\u0142ad\u00f3w dyssypatywnych do spe\u0142nienia wymog\u00f3w geometrycznego ca\u0142kowania numerycznego (GNI). W tym celu wprowadzamy proste poj\u0119cia rezerwuaru energetycznego i wielko\u015bci efektywnie zachowanej. Numeryczne aspekty takiego podej\u015bcia ukazane zostan\u0105 na przyk\u0142adzie zmodyfikowanej metody dyskretnych gradient\u00f3w.<br \/>\nCa\u0142o\u015b\u0107 rozumowania jest silnie oparta na podstawach formalizmu Hamiltona mechaniki klasycznej, lecz w trakcie rozwa\u017ca\u0144 porzucone zistan\u0105 za\u0142o\u017cenia prowadz\u0105ce do np. twierdzenia Liouville&#8217;a i lematu Poincare&#8217;go. W referacie om\u00f3wione zostan\u0105 tak\u017ce dalsze kierunki rozwoju b\u0119d\u0105ce konsekwencj\u0105 nowego sformu\u0142owania metody gradientowej.<\/p>\n","protected":false},"excerpt":{"rendered":"<p>Seminarium wydzia\u0142owe Dnia 2019-11-19 o godzinie 12:15 w sali 2011 Wydzia\u0142u Fizyki UwB odb\u0119dzie si\u0119 wyk\u0142ad, na kt\u00f3rym&nbsp;mgr Artur Kobus z Katedry Fizyki Matematycznej, Wydzia\u0142 Fizyki, Uniwersytetu w Bia\u0142ymstoku wyg\u0142osi <a href=\"https:\/\/physics.uwb.edu.pl\/wf\/?page_id=10438\" class=\"more-link\">[&hellip;]<\/a><\/p>\n","protected":false},"author":14,"featured_media":3366,"parent":822,"menu_order":0,"comment_status":"closed","ping_status":"closed","template":"","meta":{"ngg_post_thumbnail":0,"Layout":"1c","footnotes":""},"categories":[69],"tags":[],"class_list":["entry","author-ulag","post-10438","page","type-page","status-publish","has-post-thumbnail","category-seminarium_pl"],"jetpack_sharing_enabled":true,"jetpack_shortlink":"https:\/\/wp.me\/P7nvcn-2Im","_links":{"self":[{"href":"https:\/\/physics.uwb.edu.pl\/wf\/index.php?rest_route=\/wp\/v2\/pages\/10438","targetHints":{"allow":["GET"]}}],"collection":[{"href":"https:\/\/physics.uwb.edu.pl\/wf\/index.php?rest_route=\/wp\/v2\/pages"}],"about":[{"href":"https:\/\/physics.uwb.edu.pl\/wf\/index.php?rest_route=\/wp\/v2\/types\/page"}],"author":[{"embeddable":true,"href":"https:\/\/physics.uwb.edu.pl\/wf\/index.php?rest_route=\/wp\/v2\/users\/14"}],"replies":[{"embeddable":true,"href":"https:\/\/physics.uwb.edu.pl\/wf\/index.php?rest_route=%2Fwp%2Fv2%2Fcomments&post=10438"}],"version-history":[{"count":4,"href":"https:\/\/physics.uwb.edu.pl\/wf\/index.php?rest_route=\/wp\/v2\/pages\/10438\/revisions"}],"predecessor-version":[{"id":10463,"href":"https:\/\/physics.uwb.edu.pl\/wf\/index.php?rest_route=\/wp\/v2\/pages\/10438\/revisions\/10463"}],"up":[{"embeddable":true,"href":"https:\/\/physics.uwb.edu.pl\/wf\/index.php?rest_route=\/wp\/v2\/pages\/822"}],"wp:featuredmedia":[{"embeddable":true,"href":"https:\/\/physics.uwb.edu.pl\/wf\/index.php?rest_route=\/wp\/v2\/media\/3366"}],"wp:attachment":[{"href":"https:\/\/physics.uwb.edu.pl\/wf\/index.php?rest_route=%2Fwp%2Fv2%2Fmedia&parent=10438"}],"wp:term":[{"taxonomy":"category","embeddable":true,"href":"https:\/\/physics.uwb.edu.pl\/wf\/index.php?rest_route=%2Fwp%2Fv2%2Fcategories&post=10438"},{"taxonomy":"post_tag","embeddable":true,"href":"https:\/\/physics.uwb.edu.pl\/wf\/index.php?rest_route=%2Fwp%2Fv2%2Ftags&post=10438"}],"curies":[{"name":"wp","href":"https:\/\/api.w.org\/{rel}","templated":true}]}}