{"id":10464,"date":"2019-11-27T12:58:35","date_gmt":"2019-11-27T11:58:35","guid":{"rendered":"http:\/\/physics.uwb.edu.pl\/wf\/?page_id=10464"},"modified":"2019-12-03T13:05:57","modified_gmt":"2019-12-03T12:05:57","slug":"o-marianie-smoluchowskim-w-setna-rocznice-smierci-2-2-2-2-2-4-3-2-2-2-2-2-2-2-3-3-2-3-2-2-2-2-3-2-2-2-2-2-2-3-2-2-2-2-2-2-2-2-2-3-3-2-2-2-3-3-2-2-2-2-2-2-2","status":"publish","type":"page","link":"https:\/\/physics.uwb.edu.pl\/wf\/?page_id=10464","title":{"rendered":"Obliczenia ab initio struktury elektronowej i w\u0142asno\u015bci optycznych ferromagnetycznych stop\u00f3w Heuslera z pami\u0119ci\u0105 kszta\u0142tu."},"content":{"rendered":"<h3><strong>Seminarium wydzia\u0142owe<br \/>\n<\/strong><\/h3>\n<p align=\"justify\">Dnia 2019-12-03 o godzinie 14:15 w sali 2011 Wydzia\u0142u Fizyki UwB odb\u0119dzie si\u0119 wyk\u0142ad, na kt\u00f3rym <strong>dr hab. Stanis\u0142aw Uba, prof.UwB, Wydzia\u0142 Fizyki, Uniwersytetu w Bia\u0142ymstoku<\/strong>wyg\u0142osi wyk\u0142ad pt:<\/p>\n<h3 style=\"text-align: center;\"><span style=\"font-size: 36px;\">&#8220;Obliczenia ab initio struktury elektronowej i w\u0142asno\u015bci optycznych ferromagnetycznych stop\u00f3w Heuslera z pami\u0119ci\u0105 kszta\u0142tu.&#8221;<\/span><\/h3>\n<p style=\"text-align: right;\">Serdecznie zapraszamy<\/p>\n<p style=\"text-align: right;\">Andrzej Maziewski<\/p>\n<p>&nbsp;<\/p>\n<p style=\"text-align: justify;\"><em>Obliczenia ab initio struktury elektronowej i w\u0142asno\u015bci optycznych ferromagnetycznych stop\u00f3w Heuslera z pami\u0119ci\u0105 kszta\u0142tu<\/em><br \/>\n<strong>Stanis\u0142aw Uba, Wydzia\u0142 Fizyki, Uniwersytet w Bia\u0142ymstoku<\/strong><\/p>\n<p style=\"text-align: justify;\">\nW ostatnich latach obserwuje si\u0119 wzrost aktywno\u015bci badawczej po\u015bwi\u0119conej ferromagnetycznym stopom z pami\u0119ci\u0105 kszta\u0142tu, kt\u00f3re wykazuj\u0105 zar\u00f3wno magnetyczne jak i strukturalne przej\u015bcia fazowe oraz atrakcyjne ze wzgl\u0119d\u00f3w aplikacyjnych w\u0142asno\u015bci takie jak odwrotny efekt magnetokaloryczny, gigantyczny magnetoop\u00f3r i odkszta\u0142cenia indukowane polem magnetycznych [1]. Materia\u0142ami tego typu s\u0105 m.in. ferromagnetyczne stopy Heuslera Ni-Mn-Z, gdzie Z jest metalem nieferromagnetycznym. Klasycznym reprezentantami s\u0105 zwi\u0105zki Ni2MnGa i Ni2MnSn, wa\u017cne z powod\u00f3w aplikacyjnych i odgrywaj\u0105ce du\u017c\u0105 rol\u0119 w badaniach podstawowych ze wzgl\u0119du na bogactwo zjawisk w nich wyst\u0119puj\u0105cych. Materia\u0142om tym po\u015bwi\u0119cono znacz\u0105 liczb\u0119 prac zar\u00f3wno eksperymentalnych jak i teoretycznych, w kt\u00f3rych badano w\u0142asno\u015bci stanu podstawowego magnetyczne i strukturalne r\u00f3\u017cnymi metodami eksperymentalnymi i teoretycznymi [1, 2]. Niewiele prac po\u015bwi\u0119conych jest natomiast badaniom stan\u00f3w wzbudzonych w stopach Heuslera oraz badaniom, jak zmiana struktury tych stan\u00f3w pod wp\u0142ywem martenzytowego przej\u015bcia fazowego, zmiany struktury krystalicznej, magnetycznej i sk\u0142adu chemicznego stopu wp\u0142ywa na w\u0142asno\u015bci mierzone eksperymentalnie. Na seminarium skupi\u0119 si\u0119 na przedstawieniu, jak zastosowanie oblicze\u0144 teoretycznych z pierwszych zasad struktury elektronowej i magnetycznej umo\u017cliwia przewidywanie w\u0142asno\u015bci optycznych i magnetooptycznych w stopach Heuslera Ni-Mn-Ga [3] i Ni-Mn-Sn [4]. Wyniki oblicze\u0144 zostan\u0105 por\u00f3wnane z wynikami pomiar\u00f3w widm optycznych i magnetooptycznych oraz zostan\u0105 przedstawione mikroskopowe mechanizmy pochodzenia badanych w\u0142asno\u015bci.<br \/>\n[1] <a href=\"https:\/\/iopscience.iop.org\/article\/10.1088\/0953-8984\/21\/23\/233201\/meta\">A. Planes, L. Manosa and M. Acet, \u201cTopical review: Magnetocaloric effect and its relation to shape-memory properties in ferromagnetic Heusler alloys\u201d, J. Phys.: Condens. Matter 21, 233201 (2009)<\/a><br \/>\n[2] <a href=\"https:\/\/onlinelibrary.wiley.com\/doi\/abs\/10.1002\/pssb.201870108\">P. Entel, M. Gruner, S. F\u00e4hler, et al. \u201cProbing Structural and Magnetic Instabilities and Hysteresis in Heuslers by Density Functional Theory Calculations\u201d, Phys. Status Solidi B 255, 1700296 (2018)<\/a><br \/>\n[3]<a href=\"https:\/\/journals.aps.org\/prb\/abstract\/10.1103\/PhysRevB.94.054427\"> S. Uba, A. Bonda, L. Uba, L.V. Bekenov, V.N. Antonov, A. Ernst, \u201cElectronic structure and magneto-optical Kerr effect spectra of ferromagnetic shape-memory Ni-Mn-Ga alloys: Experiment and density functional theory calculations\u201d, Phys. Rev. B 94, 054427-1- 054427-12 (2016)<\/a><br \/>\n[4] <a href=\"https:\/\/iopscience.iop.org\/article\/10.1088\/1361-648X\/aa7035\/meta\">L. Uba, A. Bonda, S. Uba, L.V. Bekenov, V.N. Antonov, \u201cElectronic structure and magneto-optical Kerr spectra of an epitaxial Ni54.3Mn31.9Sn13.8 Heusler alloy film\u201d, J. Phys. Condens. Matter 29, 275801-275810 (2017)<\/a><\/p>\n","protected":false},"excerpt":{"rendered":"<p>Seminarium wydzia\u0142owe Dnia 2019-12-03 o godzinie 14:15 w sali 2011 Wydzia\u0142u Fizyki UwB odb\u0119dzie si\u0119 wyk\u0142ad, na kt\u00f3rym dr hab. Stanis\u0142aw Uba, prof.UwB, Wydzia\u0142 Fizyki, Uniwersytetu w Bia\u0142ymstokuwyg\u0142osi wyk\u0142ad pt: <a href=\"https:\/\/physics.uwb.edu.pl\/wf\/?page_id=10464\" class=\"more-link\">[&hellip;]<\/a><\/p>\n","protected":false},"author":14,"featured_media":3366,"parent":822,"menu_order":0,"comment_status":"closed","ping_status":"closed","template":"","meta":{"ngg_post_thumbnail":0,"Layout":"1c","footnotes":""},"categories":[69],"tags":[],"class_list":["entry","author-ulag","post-10464","page","type-page","status-publish","has-post-thumbnail","category-seminarium_pl"],"jetpack_sharing_enabled":true,"jetpack_shortlink":"https:\/\/wp.me\/P7nvcn-2IM","_links":{"self":[{"href":"https:\/\/physics.uwb.edu.pl\/wf\/index.php?rest_route=\/wp\/v2\/pages\/10464","targetHints":{"allow":["GET"]}}],"collection":[{"href":"https:\/\/physics.uwb.edu.pl\/wf\/index.php?rest_route=\/wp\/v2\/pages"}],"about":[{"href":"https:\/\/physics.uwb.edu.pl\/wf\/index.php?rest_route=\/wp\/v2\/types\/page"}],"author":[{"embeddable":true,"href":"https:\/\/physics.uwb.edu.pl\/wf\/index.php?rest_route=\/wp\/v2\/users\/14"}],"replies":[{"embeddable":true,"href":"https:\/\/physics.uwb.edu.pl\/wf\/index.php?rest_route=%2Fwp%2Fv2%2Fcomments&post=10464"}],"version-history":[{"count":2,"href":"https:\/\/physics.uwb.edu.pl\/wf\/index.php?rest_route=\/wp\/v2\/pages\/10464\/revisions"}],"predecessor-version":[{"id":10484,"href":"https:\/\/physics.uwb.edu.pl\/wf\/index.php?rest_route=\/wp\/v2\/pages\/10464\/revisions\/10484"}],"up":[{"embeddable":true,"href":"https:\/\/physics.uwb.edu.pl\/wf\/index.php?rest_route=\/wp\/v2\/pages\/822"}],"wp:featuredmedia":[{"embeddable":true,"href":"https:\/\/physics.uwb.edu.pl\/wf\/index.php?rest_route=\/wp\/v2\/media\/3366"}],"wp:attachment":[{"href":"https:\/\/physics.uwb.edu.pl\/wf\/index.php?rest_route=%2Fwp%2Fv2%2Fmedia&parent=10464"}],"wp:term":[{"taxonomy":"category","embeddable":true,"href":"https:\/\/physics.uwb.edu.pl\/wf\/index.php?rest_route=%2Fwp%2Fv2%2Fcategories&post=10464"},{"taxonomy":"post_tag","embeddable":true,"href":"https:\/\/physics.uwb.edu.pl\/wf\/index.php?rest_route=%2Fwp%2Fv2%2Ftags&post=10464"}],"curies":[{"name":"wp","href":"https:\/\/api.w.org\/{rel}","templated":true}]}}