{"id":10476,"date":"2019-11-26T18:00:20","date_gmt":"2019-11-26T17:00:20","guid":{"rendered":"http:\/\/physics.uwb.edu.pl\/wf\/?page_id=10476"},"modified":"2019-12-02T09:00:38","modified_gmt":"2019-12-02T08:00:38","slug":"xvii-gielda-pomyslow-na-zycie-lomza-2-2-2-2-2-2-2","status":"publish","type":"page","link":"https:\/\/physics.uwb.edu.pl\/wf\/?page_id=10476","title":{"rendered":"Gram off on &#8211; czyli w kawiarni o nauce"},"content":{"rendered":"<p>26 listopada 2019 r. dr hab. Marek Niko\u0142ajuk, prof. UwB zainaugurowa\u0142 cykl spotka\u0144 popularnonaukowych w kawiarni naukowo-spo\u0142ecznej <a href=\"https:\/\/www.facebook.com\/kawiarnia.gramoffon\/?__tn__=K-R&amp;eid=ARCfYbOjxxY33JAtnJCsGc-gwnCCMK-oWkFIlJIwRLF7rwnLOemak_ogM4ieT0aFPpOUsf-4ypTW3Xg9&amp;fref=mentions&amp;__xts__[0]=68.ARDOXcWtZBevP0rr2mAye7A-K97nCTucWM4Nh4LHXlsj4TbwdSv6IR7x2Dj5KG3km-ePUYaGJUvM2oTrW0Pb9SzuZq2Ox9uzII934nG2FN0KewjNZXVjzsbsduslGwle7lf_6aTo0gxFLVSQC8jPtw3jd4G5OQDyzMzRlLToLneyHIrILJti7rhkc5VC58G04yZd3J9Y9Yb6HekvpYjuMXJUTJT_sxS0Ti9aqImEnA_9o2KFyHnFHNeWftz8i3lli3iAfMtgBOag7mgTQv74N4Fy_yy_yC7-mLFnBWbWv_MDgsXP-lo-P9kQygZbB8Mv-AcI\">Gram off on<\/a>. Idea spotka\u0144 polega na przedstawianiu&nbsp; nauk \u015bcis\u0142ych oraz spo\u0142ecznych poza murami uczelni.<\/p>\n<p><img loading=\"lazy\" decoding=\"async\" class=\"alignnone size-large wp-image-10477\" src=\"http:\/\/physics.uwb.edu.pl\/wf\/wp-content\/uploads\/2019\/12\/gramm-off-3-1024x768.jpg\" alt=\"\" width=\"1024\" height=\"768\" srcset=\"https:\/\/physics.uwb.edu.pl\/wf\/wp-content\/uploads\/2019\/12\/gramm-off-3-1024x768.jpg 1024w, https:\/\/physics.uwb.edu.pl\/wf\/wp-content\/uploads\/2019\/12\/gramm-off-3-300x225.jpg 300w, https:\/\/physics.uwb.edu.pl\/wf\/wp-content\/uploads\/2019\/12\/gramm-off-3-150x113.jpg 150w, https:\/\/physics.uwb.edu.pl\/wf\/wp-content\/uploads\/2019\/12\/gramm-off-3-1536x1152.jpg 1536w, https:\/\/physics.uwb.edu.pl\/wf\/wp-content\/uploads\/2019\/12\/gramm-off-3-175x131.jpg 175w, https:\/\/physics.uwb.edu.pl\/wf\/wp-content\/uploads\/2019\/12\/gramm-off-3-667x500.jpg 667w, https:\/\/physics.uwb.edu.pl\/wf\/wp-content\/uploads\/2019\/12\/gramm-off-3.jpg 2048w\" sizes=\"auto, (max-width: 1024px) 100vw, 1024px\" \/><\/p>\n<p>Na &#8220;pierwszy ogie\u0144&#8221; posz\u0142a astronomia &#8211; czarne dziury, ich powstawanie oraz zjawisko rozrywania przez nie gwiazd i planet. Profesor Marek Niko\u0142ajuk w &#8220;lu\u017anej&#8221;, kawiarnianej atmosferze, stara\u0142 si\u0119 przedstawi\u0107 kosmos. Mo\u017cna by\u0142o zada\u0107 pytania, bra\u0107 udzia\u0142 w dyskusji, albo po prostu napi\u0107 si\u0119 kawy &#8211; wst\u0119p by\u0142 wolny, a publika dopisa\u0142a. <a href=\"https:\/\/www.facebook.com\/events\/2537350899691262\/permalink\/2582124525213899\/\">Wspieramy inicjatyw\u0119<\/a> i z zaciekawieniem obserwujemy, jak b\u0119dzie si\u0119 dalej rozwija\u0107. Dzi\u0119kujemy za zaproszenie a zebranej publiczno\u015bci za zainteresowanie i pytania.&nbsp;<\/p>\n","protected":false},"excerpt":{"rendered":"<p>26 listopada 2019 r. dr hab. Marek Niko\u0142ajuk, prof. UwB zainaugurowa\u0142 cykl spotka\u0144 popularnonaukowych w kawiarni naukowo-spo\u0142ecznej Gram off on. Idea spotka\u0144 polega na przedstawianiu&nbsp; nauk \u015bcis\u0142ych oraz spo\u0142ecznych poza <a href=\"https:\/\/physics.uwb.edu.pl\/wf\/?page_id=10476\" class=\"more-link\">[&hellip;]<\/a><\/p>\n","protected":false},"author":5,"featured_media":10478,"parent":2744,"menu_order":0,"comment_status":"closed","ping_status":"closed","template":"","meta":{"ngg_post_thumbnail":0,"Layout":"1c","footnotes":""},"categories":[166,131],"tags":[],"class_list":["entry","author-gawryl","post-10476","page","type-page","status-publish","has-post-thumbnail","category-edukacyjne","category-galeria_foto"],"jetpack_sharing_enabled":true,"jetpack_shortlink":"https:\/\/wp.me\/P7nvcn-2IY","_links":{"self":[{"href":"https:\/\/physics.uwb.edu.pl\/wf\/index.php?rest_route=\/wp\/v2\/pages\/10476","targetHints":{"allow":["GET"]}}],"collection":[{"href":"https:\/\/physics.uwb.edu.pl\/wf\/index.php?rest_route=\/wp\/v2\/pages"}],"about":[{"href":"https:\/\/physics.uwb.edu.pl\/wf\/index.php?rest_route=\/wp\/v2\/types\/page"}],"author":[{"embeddable":true,"href":"https:\/\/physics.uwb.edu.pl\/wf\/index.php?rest_route=\/wp\/v2\/users\/5"}],"replies":[{"embeddable":true,"href":"https:\/\/physics.uwb.edu.pl\/wf\/index.php?rest_route=%2Fwp%2Fv2%2Fcomments&post=10476"}],"version-history":[{"count":4,"href":"https:\/\/physics.uwb.edu.pl\/wf\/index.php?rest_route=\/wp\/v2\/pages\/10476\/revisions"}],"predecessor-version":[{"id":10482,"href":"https:\/\/physics.uwb.edu.pl\/wf\/index.php?rest_route=\/wp\/v2\/pages\/10476\/revisions\/10482"}],"up":[{"embeddable":true,"href":"https:\/\/physics.uwb.edu.pl\/wf\/index.php?rest_route=\/wp\/v2\/pages\/2744"}],"wp:featuredmedia":[{"embeddable":true,"href":"https:\/\/physics.uwb.edu.pl\/wf\/index.php?rest_route=\/wp\/v2\/media\/10478"}],"wp:attachment":[{"href":"https:\/\/physics.uwb.edu.pl\/wf\/index.php?rest_route=%2Fwp%2Fv2%2Fmedia&parent=10476"}],"wp:term":[{"taxonomy":"category","embeddable":true,"href":"https:\/\/physics.uwb.edu.pl\/wf\/index.php?rest_route=%2Fwp%2Fv2%2Fcategories&post=10476"},{"taxonomy":"post_tag","embeddable":true,"href":"https:\/\/physics.uwb.edu.pl\/wf\/index.php?rest_route=%2Fwp%2Fv2%2Ftags&post=10476"}],"curies":[{"name":"wp","href":"https:\/\/api.w.org\/{rel}","templated":true}]}}