{"id":10501,"date":"2019-12-12T10:51:18","date_gmt":"2019-12-12T09:51:18","guid":{"rendered":"http:\/\/physics.uwb.edu.pl\/wf\/?page_id=10501"},"modified":"2020-01-09T13:20:09","modified_gmt":"2020-01-09T12:20:09","slug":"o-marianie-smoluchowskim-w-setna-rocznice-smierci-2-2-2-2-2-4-3-2-2-2-2-2-2-2-3-3-2-3-2-2-2-2-3-2-2-2-2-2-2-3-2-2-2-2-2-2-2-2-2-2-2-2-2-2-2-2","status":"publish","type":"page","link":"https:\/\/physics.uwb.edu.pl\/wf\/?page_id=10501","title":{"rendered":"WIELKA KLAPA czyli Jak zepsu\u0107 swoj\u0105 prezentacj\u0119?"},"content":{"rendered":"\r\n<h3 class=\"wp-block-heading\"><strong>Konwersatorium wydzia\u0142owe<br><\/strong><\/h3>\r\n\r\n\r\n\r\n<p style=\"text-align: justify;\">Dnia 2019-12-17 o godzinie 14:15 w sali 2011 Wydzia\u0142u Fizyki UwB odb\u0119dzie si\u0119 wyk\u0142ad, na kt\u00f3rym <strong> redaktor Wiktor Niedzicki<\/strong> wyg\u0142osi wyk\u0142ad pt:<\/p>\r\n\r\n\r\n\r\n<p class=\"has-large-font-size\" style=\"text-align: center;\"><span style=\"font-size: 24px;\">&#8220;<strong> WIELKA KLAPA czyli Jak zepsu\u0107 swoj\u0105 prezentacj\u0119?<\/strong>&#8220;<\/span><\/p>\r\n\r\n<p>&nbsp;<\/p>\r\n\r\n<p style=\"text-align: right;\">Serdecznie zapraszamy<\/p>\r\n\r\n\r\n\r\n<p style=\"text-align: right;\">Andrzej Maziewski<\/p>\r\n<p style=\"text-align: right;\">Jerzy Przeszowski<\/p>\r\n\r\n\r\n\r\n<p>WIELKA KLAPA czyli Jak zepsu\u0107 swoj\u0105 prezentacj\u0119?<\/p>\r\n<p style=\"text-align: justify;\">Ca\u0142e \u017cycie prezentujemy si\u0119 innym. Kolegom, kole\u017cankom, rodzinie. A potem&#8230; wchodzimy na scen\u0119 lub egzamin i&#8230; widz\u00f3w ogarnia zdumienie. Niemo\u017cliwe, by kto\u015b tak zepsu\u0142 swoj\u0105 prezentacj\u0119! Musia\u0142 to zaplanowa\u0107! Jak zaplanowa\u0107 swoj\u0105 pora\u017ck\u0119 to lekko zabawna opowie\u015b\u0107 o sztuce prezentacji. Dla wi\u0119kszo\u015bci ludzi najwi\u0119kszym stresem s\u0105 wyst\u0105pienia publiczne. Boimy si\u0119 kompromitacji. Poc\u0105 nam si\u0119 d\u0142onie, g\u0142os wi\u0119\u017anie w gardle. Co zrobi\u0107 z r\u0119kami? Na co patrze\u0107? Jak nie zapomnie\u0107, o czym mamy m\u00f3wi\u0107? Jak przygotowa\u0107 prezentacj\u0119 komputerow\u0105? Popatrzmy, jakie b\u0142\u0119dy spotykamy najcz\u0119\u015bciej i starajmy si\u0119 ich unika\u0107.<\/p>\r\n<p style=\"text-align: justify;\"><strong>Wiktor Niedzicki<\/strong>, popularyzator, dziennikarz radia i TV, prezenter, wyk\u0142adowca akademicki opowie o do\u015bwiadczeniach w prezentacji nauki. W\u0142asnych, zdobytych w ci\u0105gu ponad 44 lat pracy i podpatrzonych u innych. Uczestnicy spotkania dowiedz\u0105 si\u0119, co decyduje o powodzeniu (lub niepowodzeniu) prezentacji? Czym jest wizerunek, czyli jak zrobi\u0107 dobre (lub z\u0142e) wra\u017cenie? Co oznacza tak zwana mowa cia\u0142a? Dlaczego zra\u017camy sobie odbiorc\u00f3w? Jak wywo\u0142ujemy z\u0142o\u015bliwe u\u015bmieszki i komentarze? Gdzie czyhaj\u0105 pu\u0142apki?<\/p>\r\n","protected":false},"excerpt":{"rendered":"<p>Konwersatorium wydzia\u0142owe Dnia 2019-12-17 o godzinie 14:15 w sali 2011 Wydzia\u0142u Fizyki UwB odb\u0119dzie si\u0119 wyk\u0142ad, na kt\u00f3rym redaktor Wiktor Niedzicki wyg\u0142osi wyk\u0142ad pt: &#8220; WIELKA KLAPA czyli Jak zepsu\u0107 <a href=\"https:\/\/physics.uwb.edu.pl\/wf\/?page_id=10501\" class=\"more-link\">[&hellip;]<\/a><\/p>\n","protected":false},"author":14,"featured_media":8413,"parent":822,"menu_order":0,"comment_status":"closed","ping_status":"closed","template":"","meta":{"ngg_post_thumbnail":0,"Layout":"1c","footnotes":""},"categories":[69],"tags":[],"class_list":["entry","author-ulag","post-10501","page","type-page","status-publish","has-post-thumbnail","category-seminarium_pl"],"jetpack_sharing_enabled":true,"jetpack_shortlink":"https:\/\/wp.me\/P7nvcn-2Jn","_links":{"self":[{"href":"https:\/\/physics.uwb.edu.pl\/wf\/index.php?rest_route=\/wp\/v2\/pages\/10501","targetHints":{"allow":["GET"]}}],"collection":[{"href":"https:\/\/physics.uwb.edu.pl\/wf\/index.php?rest_route=\/wp\/v2\/pages"}],"about":[{"href":"https:\/\/physics.uwb.edu.pl\/wf\/index.php?rest_route=\/wp\/v2\/types\/page"}],"author":[{"embeddable":true,"href":"https:\/\/physics.uwb.edu.pl\/wf\/index.php?rest_route=\/wp\/v2\/users\/14"}],"replies":[{"embeddable":true,"href":"https:\/\/physics.uwb.edu.pl\/wf\/index.php?rest_route=%2Fwp%2Fv2%2Fcomments&post=10501"}],"version-history":[{"count":1,"href":"https:\/\/physics.uwb.edu.pl\/wf\/index.php?rest_route=\/wp\/v2\/pages\/10501\/revisions"}],"predecessor-version":[{"id":10502,"href":"https:\/\/physics.uwb.edu.pl\/wf\/index.php?rest_route=\/wp\/v2\/pages\/10501\/revisions\/10502"}],"up":[{"embeddable":true,"href":"https:\/\/physics.uwb.edu.pl\/wf\/index.php?rest_route=\/wp\/v2\/pages\/822"}],"wp:featuredmedia":[{"embeddable":true,"href":"https:\/\/physics.uwb.edu.pl\/wf\/index.php?rest_route=\/wp\/v2\/media\/8413"}],"wp:attachment":[{"href":"https:\/\/physics.uwb.edu.pl\/wf\/index.php?rest_route=%2Fwp%2Fv2%2Fmedia&parent=10501"}],"wp:term":[{"taxonomy":"category","embeddable":true,"href":"https:\/\/physics.uwb.edu.pl\/wf\/index.php?rest_route=%2Fwp%2Fv2%2Fcategories&post=10501"},{"taxonomy":"post_tag","embeddable":true,"href":"https:\/\/physics.uwb.edu.pl\/wf\/index.php?rest_route=%2Fwp%2Fv2%2Ftags&post=10501"}],"curies":[{"name":"wp","href":"https:\/\/api.w.org\/{rel}","templated":true}]}}