{"id":10504,"date":"2019-12-06T12:44:06","date_gmt":"2019-12-06T11:44:06","guid":{"rendered":"http:\/\/physics.uwb.edu.pl\/wf\/?page_id=10504"},"modified":"2019-12-12T12:51:39","modified_gmt":"2019-12-12T11:51:39","slug":"targi-edukacyjne-w-grajewie-2-2-3-3-2","status":"publish","type":"page","link":"https:\/\/physics.uwb.edu.pl\/wf\/?page_id=10504","title":{"rendered":"Nauka w polsce &#8211; audycja w Radiu Bia\u0142ystok"},"content":{"rendered":"<p>W dniu 6 grudnia 2019 r. go\u015b\u0107mi audycji <a href=\"https:\/\/www.radio.bialystok.pl\/radioskop\/index\/id\/176849\">Radioskop w Radiu Bia\u0142ystok<\/a> byli prof. Piotr Jaranowski (Dziekan Wydzia\u0142u Fizyki) oraz prof. Ewa Schmeidel (Instytut Informatyki UwB). Temat audycji by\u0142 do\u015b\u0107 przewrotny &#8220;Jak rozwija\u0107 badania naukowe na polskich uczelniach?&#8221; &#8211; rozmowa dotyczy\u0142a polskich reali\u00f3w, w odniesieniu do ostatnich reform w nauce i szkolnictwie wy\u017cszym.<\/p>\n<p><img loading=\"lazy\" decoding=\"async\" class=\"alignnone wp-image-10505 size-large\" src=\"http:\/\/physics.uwb.edu.pl\/wf\/wp-content\/uploads\/2019\/12\/radioskop-2019-grudzien-1024x576.jpeg\" alt=\"\" width=\"1024\" height=\"576\" srcset=\"https:\/\/physics.uwb.edu.pl\/wf\/wp-content\/uploads\/2019\/12\/radioskop-2019-grudzien-1024x576.jpeg 1024w, https:\/\/physics.uwb.edu.pl\/wf\/wp-content\/uploads\/2019\/12\/radioskop-2019-grudzien-300x169.jpeg 300w, https:\/\/physics.uwb.edu.pl\/wf\/wp-content\/uploads\/2019\/12\/radioskop-2019-grudzien-150x84.jpeg 150w, https:\/\/physics.uwb.edu.pl\/wf\/wp-content\/uploads\/2019\/12\/radioskop-2019-grudzien-1536x864.jpeg 1536w, https:\/\/physics.uwb.edu.pl\/wf\/wp-content\/uploads\/2019\/12\/radioskop-2019-grudzien-889x500.jpeg 889w, https:\/\/physics.uwb.edu.pl\/wf\/wp-content\/uploads\/2019\/12\/radioskop-2019-grudzien.jpeg 1920w\" sizes=\"auto, (max-width: 1024px) 100vw, 1024px\" \/><\/p>\n<p>Zapraszamy do <a href=\"https:\/\/www.radio.bialystok.pl\/radioskop\/index\/id\/176849\">ods\u0142uchania ca\u0142o\u015bci<\/a>.<\/p>\n","protected":false},"excerpt":{"rendered":"<p>W dniu 6 grudnia 2019 r. go\u015b\u0107mi audycji Radioskop w Radiu Bia\u0142ystok byli prof. Piotr Jaranowski (Dziekan Wydzia\u0142u Fizyki) oraz prof. Ewa Schmeidel (Instytut Informatyki UwB). Temat audycji by\u0142 do\u015b\u0107 <a href=\"https:\/\/physics.uwb.edu.pl\/wf\/?page_id=10504\" class=\"more-link\">[&hellip;]<\/a><\/p>\n","protected":false},"author":5,"featured_media":10505,"parent":2744,"menu_order":0,"comment_status":"closed","ping_status":"closed","template":"","meta":{"ngg_post_thumbnail":0,"Layout":"1c","footnotes":""},"categories":[166,131],"tags":[],"class_list":["entry","author-gawryl","post-10504","page","type-page","status-publish","has-post-thumbnail","category-edukacyjne","category-galeria_foto"],"jetpack_sharing_enabled":true,"jetpack_shortlink":"https:\/\/wp.me\/P7nvcn-2Jq","_links":{"self":[{"href":"https:\/\/physics.uwb.edu.pl\/wf\/index.php?rest_route=\/wp\/v2\/pages\/10504","targetHints":{"allow":["GET"]}}],"collection":[{"href":"https:\/\/physics.uwb.edu.pl\/wf\/index.php?rest_route=\/wp\/v2\/pages"}],"about":[{"href":"https:\/\/physics.uwb.edu.pl\/wf\/index.php?rest_route=\/wp\/v2\/types\/page"}],"author":[{"embeddable":true,"href":"https:\/\/physics.uwb.edu.pl\/wf\/index.php?rest_route=\/wp\/v2\/users\/5"}],"replies":[{"embeddable":true,"href":"https:\/\/physics.uwb.edu.pl\/wf\/index.php?rest_route=%2Fwp%2Fv2%2Fcomments&post=10504"}],"version-history":[{"count":1,"href":"https:\/\/physics.uwb.edu.pl\/wf\/index.php?rest_route=\/wp\/v2\/pages\/10504\/revisions"}],"predecessor-version":[{"id":10506,"href":"https:\/\/physics.uwb.edu.pl\/wf\/index.php?rest_route=\/wp\/v2\/pages\/10504\/revisions\/10506"}],"up":[{"embeddable":true,"href":"https:\/\/physics.uwb.edu.pl\/wf\/index.php?rest_route=\/wp\/v2\/pages\/2744"}],"wp:featuredmedia":[{"embeddable":true,"href":"https:\/\/physics.uwb.edu.pl\/wf\/index.php?rest_route=\/wp\/v2\/media\/10505"}],"wp:attachment":[{"href":"https:\/\/physics.uwb.edu.pl\/wf\/index.php?rest_route=%2Fwp%2Fv2%2Fmedia&parent=10504"}],"wp:term":[{"taxonomy":"category","embeddable":true,"href":"https:\/\/physics.uwb.edu.pl\/wf\/index.php?rest_route=%2Fwp%2Fv2%2Fcategories&post=10504"},{"taxonomy":"post_tag","embeddable":true,"href":"https:\/\/physics.uwb.edu.pl\/wf\/index.php?rest_route=%2Fwp%2Fv2%2Ftags&post=10504"}],"curies":[{"name":"wp","href":"https:\/\/api.w.org\/{rel}","templated":true}]}}