{"id":10511,"date":"2019-12-19T12:45:44","date_gmt":"2019-12-19T11:45:44","guid":{"rendered":"http:\/\/physics.uwb.edu.pl\/wf\/?page_id=10511"},"modified":"2019-12-19T12:45:44","modified_gmt":"2019-12-19T11:45:44","slug":"wyklad-ptf-promieniowanie-jonizujace-jest-cool-2-3-2-2-2-2-2-2-2-2-2-2","status":"publish","type":"page","link":"https:\/\/physics.uwb.edu.pl\/wf\/?page_id=10511","title":{"rendered":"Wyk\u0142ady PTF: Fizyka w Gwiezdnych Wojnach"},"content":{"rendered":"<p><em><strong>Wyk\u0142ady PTF o\/Bia\u0142ystok &#8211; zapowiedzi<\/strong><\/em><\/p>\n<p style=\"text-align: center\">W sobot\u0119 11 stycznia 2020 roku o godz. 11.00<br \/>\nw sali 2011 Wydzia\u0142u Fizyki przy ul. Konstantego Cio\u0142kowskiego 1L<br \/>\n<strong>Dr Witold Zawadzki<\/strong><br \/>\nz Instytutu Fizyki Uniwersytetu Jagiello\u0144skiego<br \/>\nwyg\u0142osi wyk\u0142ad pt.<br \/>\n<strong>Fizyka w Gwiezdnych Wojnach<\/strong><\/p>\n<p><strong>\u00a0<\/strong><\/p>\n<p style=\"text-align: justify\">Fantastyczny \u015bwiat przedstawiony w &#8220;Gwiezdnych Wojnach&#8221; jest pe\u0142en niezwyk\u0142ych technologii i urz\u0105dze\u0144, o kt\u00f3rych dzisiaj mo\u017cna tylko pomarzy\u0107: unosz\u0105ce si\u0119 w powietrzu pojazdy, podr\u00f3\u017ce w hiperprzestrzeni, miecze \u015bwietlne, supermocne lasery. Wiele z tych koncepcji uznaje si\u0119 obecnie za sprzeczne z prawami fizyki. Niekt\u00f3re natomiast, cho\u0107 dzisiaj niewykonalne, wydaj\u0105 si\u0119 mo\u017cliwe<br \/>\ndo realizacji. Podczas wyk\u0142adu dokonamy analizy \u015bwiata &#8220;Gwiezdnych Wojen&#8221; pod k\u0105tem zgodno\u015bci z prawami fizyki.<\/p>\n<p style=\"text-align: justify\">Dr Witold Zawadzki &#8211; pracownik naukowo-dydaktyczny na Wydziale Fizyki, Astronomii i Informatyki Stosowanej UJ, popularyzator i dydaktyk fizyki. W Zak\u0142adzie Fotoniki w Instytucie Fizyki UJ zajmuje si\u0119 plazm\u0105 oraz ultraszybk\u0105 spektroskopi\u0105 laserow\u0105. Jak sam m\u00f3wi, w pracy &#8220;strzela z lasera w plazm\u0119&#8221;. Jego zainteresowania badawcze obejmuj\u0105 optyk\u0119 atomow\u0105, fotonik\u0119 i technik\u0119 laserow\u0105. Anga\u017cuje si\u0119 r\u00f3wnie\u017c w popularyzacj\u0119 fizyki (wyk\u0142ady popularnonaukowe, warsztaty przyrodnicze, organizuje Konkurs Fizyczny &#8220;Lwi\u0105tko&#8221;.Jest wsp\u00f3\u0142redaktorem czasopism &#8220;Foton&#8221; i &#8220;Neutrino&#8221;. Poza tym interesuje si\u0119 lotnictwem cywilnym i awionik\u0105..<\/p>\n<p>Wszystkie osoby zainteresowane serdecznie zapraszamy!<br \/>\nZarz\u0105d OB PTF<\/p>\n","protected":false},"excerpt":{"rendered":"<p>Wyk\u0142ady PTF o\/Bia\u0142ystok &#8211; zapowiedzi W sobot\u0119 11 stycznia 2020 roku o godz. 11.00 w sali 2011 Wydzia\u0142u Fizyki przy ul. Konstantego Cio\u0142kowskiego 1L Dr Witold Zawadzki z Instytutu Fizyki <a href=\"https:\/\/physics.uwb.edu.pl\/wf\/?page_id=10511\" class=\"more-link\">[&hellip;]<\/a><\/p>\n","protected":false},"author":10,"featured_media":1879,"parent":789,"menu_order":0,"comment_status":"closed","ping_status":"closed","template":"","meta":{"ngg_post_thumbnail":0,"Layout":"","footnotes":""},"categories":[40],"tags":[],"class_list":["entry","author-pzaleski","post-10511","page","type-page","status-publish","has-post-thumbnail","category-ptf_wyklad"],"jetpack_sharing_enabled":true,"jetpack_shortlink":"https:\/\/wp.me\/P7nvcn-2Jx","_links":{"self":[{"href":"https:\/\/physics.uwb.edu.pl\/wf\/index.php?rest_route=\/wp\/v2\/pages\/10511","targetHints":{"allow":["GET"]}}],"collection":[{"href":"https:\/\/physics.uwb.edu.pl\/wf\/index.php?rest_route=\/wp\/v2\/pages"}],"about":[{"href":"https:\/\/physics.uwb.edu.pl\/wf\/index.php?rest_route=\/wp\/v2\/types\/page"}],"author":[{"embeddable":true,"href":"https:\/\/physics.uwb.edu.pl\/wf\/index.php?rest_route=\/wp\/v2\/users\/10"}],"replies":[{"embeddable":true,"href":"https:\/\/physics.uwb.edu.pl\/wf\/index.php?rest_route=%2Fwp%2Fv2%2Fcomments&post=10511"}],"version-history":[{"count":1,"href":"https:\/\/physics.uwb.edu.pl\/wf\/index.php?rest_route=\/wp\/v2\/pages\/10511\/revisions"}],"predecessor-version":[{"id":10512,"href":"https:\/\/physics.uwb.edu.pl\/wf\/index.php?rest_route=\/wp\/v2\/pages\/10511\/revisions\/10512"}],"up":[{"embeddable":true,"href":"https:\/\/physics.uwb.edu.pl\/wf\/index.php?rest_route=\/wp\/v2\/pages\/789"}],"wp:featuredmedia":[{"embeddable":true,"href":"https:\/\/physics.uwb.edu.pl\/wf\/index.php?rest_route=\/wp\/v2\/media\/1879"}],"wp:attachment":[{"href":"https:\/\/physics.uwb.edu.pl\/wf\/index.php?rest_route=%2Fwp%2Fv2%2Fmedia&parent=10511"}],"wp:term":[{"taxonomy":"category","embeddable":true,"href":"https:\/\/physics.uwb.edu.pl\/wf\/index.php?rest_route=%2Fwp%2Fv2%2Fcategories&post=10511"},{"taxonomy":"post_tag","embeddable":true,"href":"https:\/\/physics.uwb.edu.pl\/wf\/index.php?rest_route=%2Fwp%2Fv2%2Ftags&post=10511"}],"curies":[{"name":"wp","href":"https:\/\/api.w.org\/{rel}","templated":true}]}}