{"id":10523,"date":"2020-01-08T13:52:51","date_gmt":"2020-01-08T12:52:51","guid":{"rendered":"http:\/\/physics.uwb.edu.pl\/wf\/?page_id=10523"},"modified":"2020-01-08T13:52:51","modified_gmt":"2020-01-08T12:52:51","slug":"ogloszenie-2-2-2-2-2-2-2-2-3-2","status":"publish","type":"page","link":"https:\/\/physics.uwb.edu.pl\/wf\/?page_id=10523","title":{"rendered":"Prof. Andrzej Maziewski odznaczony Krzy\u017cem Kawalerskim Orderu Odrodzenia Polski"},"content":{"rendered":"<p style=\"text-align: justify;\"><strong><img loading=\"lazy\" decoding=\"async\" class=\"aligncenter wp-image-10524 size-large\" src=\"http:\/\/physics.uwb.edu.pl\/wf\/wp-content\/uploads\/2020\/01\/prof-maziewski-order-1024x683.jpg\" alt=\"\" width=\"1024\" height=\"683\" srcset=\"https:\/\/physics.uwb.edu.pl\/wf\/wp-content\/uploads\/2020\/01\/prof-maziewski-order-1024x683.jpg 1024w, https:\/\/physics.uwb.edu.pl\/wf\/wp-content\/uploads\/2020\/01\/prof-maziewski-order-300x200.jpg 300w, https:\/\/physics.uwb.edu.pl\/wf\/wp-content\/uploads\/2020\/01\/prof-maziewski-order-150x100.jpg 150w, https:\/\/physics.uwb.edu.pl\/wf\/wp-content\/uploads\/2020\/01\/prof-maziewski-order-600x400.jpg 600w, https:\/\/physics.uwb.edu.pl\/wf\/wp-content\/uploads\/2020\/01\/prof-maziewski-order-1536x1024.jpg 1536w, https:\/\/physics.uwb.edu.pl\/wf\/wp-content\/uploads\/2020\/01\/prof-maziewski-order-750x500.jpg 750w, https:\/\/physics.uwb.edu.pl\/wf\/wp-content\/uploads\/2020\/01\/prof-maziewski-order-272x182.jpg 272w, https:\/\/physics.uwb.edu.pl\/wf\/wp-content\/uploads\/2020\/01\/prof-maziewski-order.jpg 1980w\" sizes=\"auto, (max-width: 1024px) 100vw, 1024px\" \/><\/strong><\/p>\n<p style=\"text-align: justify;\"><strong>Prof. dr hab. Andrzej Maziewski z Wydzia\u0142u Fizyki UwB otrzyma\u0142 Krzy\u017c Kawalerski Orderu Odrodzenia Polski. Zosta\u0142 uhonorowany za wybitne zas\u0142ugi dla rozwoju polskiej nauki, za osi\u0105gni\u0119cia w pracy naukowo-badawczej, dydaktycznej i organizacyjnej oraz promowanie polskiej my\u015bli naukowej na \u015bwiecie. Odznaczenie wr\u0119czy\u0142a mu minister Halina Szyma\u0144ska &#8211; Szef Kancelarii Prezydenta RP. Uroczysto\u015b\u0107 odby\u0142a si\u0119 19 grudnia 2019 r. w Pa\u0142acu Prezydenckim w Warszawie.<\/strong><\/p>\n<div class=\"wcag-font\">\n<p style=\"text-align: justify;\">Prof. dr hab. Andrzej Maziewski jest zwi\u0105zany z najwi\u0119ksz\u0105 podlask\u0105 uczelni\u0105 od czterdziestu lat. Kieruje Katedr\u0105 Fizyki Magnetyk\u00f3w, jest tak\u017ce jej za\u0142o\u017cycielem. Zajmuje si\u0119 m.in. badaniami w\u0142a\u015bciwo\u015bci magnetycznych i magnetooptycznych r\u00f3\u017cnych materia\u0142\u00f3w (zw\u0142aszcza cienkich warstw oraz nanostruktur). W obszarze jego zainteresowa\u0144 jest te\u017c rozw\u00f3j magnetooptycznej magnetometrii wspieranej cyfrow\u0105 analiz\u0105 obraz\u00f3w. W swoim dorobku (jako autor i wsp\u00f3\u0142autor) ma blisko 200 publikacji z dziedziny magnetyzmu przygotowanych w szerokiej wsp\u00f3\u0142pracy mi\u0119dzynarodowej i opublikowanych w presti\u017cowych czasopismach zagranicznych.<\/p>\n<p style=\"text-align: justify;\">Kierowa\u0142 projektami realizowanymi w ramach grant\u00f3w badawczych, promotorskich i aparaturowych o \u0142\u0105cznej warto\u015bci kilkunastu mln z\u0142 (dzi\u0119ki temu na UwB powsta\u0142y m.in. nowoczesne laboratoria do bada\u0144 ultraszybkich proces\u00f3w oraz magnetycznych nanostruktur, b\u0119d\u0105ce istotn\u0105 cz\u0119\u015bci\u0105 Krajowego Centrum Nanofizyki i Spintroniki \u2013 SPINLAB). Uczestniczy\u0142 w kilku mi\u0119dzynarodowych projektach naukowych.<\/p>\n<p style=\"text-align: justify;\">Prof. dr hab. Andrzej Maziewski pe\u0142ni\u0142 funkcj\u0119 prorektora UwB ds. nauki (1998-1999) oraz dyrektora Instytutu Fizyki Do\u015bwiadczalnej (2005-2007). Jest cz\u0142onkiem Komitetu Fizyki PAN. Profesor jest r\u00f3wnie\u017c zaanga\u017cowany w akcje popularyzuj\u0105ce fizyk\u0119. Przez 10 lat (do 2004 r.) pe\u0142ni\u0142 funkcj\u0119 przewodnicz\u0105cego Oddzia\u0142u Bia\u0142ostockiego Polskiego Towarzystwa Fizycznego. Zorganizowa\u0142 i wyposa\u017cy\u0142 ze \u015brodk\u00f3w zewn\u0119trznych Regionalne Laboratorium Komputerowe do Nauczania Przedmiot\u00f3w Przyrodniczych wykorzystywane przez student\u00f3w oraz m\u0142odzie\u017c szkoln\u0105.<\/p>\n<p><a href=\"http:\/\/physics.uwb.edu.pl\/wf\/magnet\/pracownik\/andrzej-maziewski-2\/\" target=\"_blank\" rel=\"noopener noreferrer\">Wi\u0119cej informacji o prof. Andrzeju Maziewskim.<\/a><\/p>\n<p>Relacja z uroczysto\u015bci: <strong><a href=\"https:\/\/www.prezydent.pl\/aktualnosci\/ordery-i-odznaczenia\/art,513,ordery-odrodzenia-polski-dla-osob-zasluzonych-w-sluzbie-panstwu-i-spoleczenstwu.html\" target=\"_blank\" rel=\"noopener noreferrer\">https:\/\/www.prezydent.pl<\/a><\/strong><\/p>\n<p><em>Fot. Igor Smirnow \/ KPRP, \u017ar\u00f3d\u0142o &#8211; Kancelaria Prezydenta RP<\/em><\/p>\n<\/div>\n","protected":false},"excerpt":{"rendered":"<p>Prof. dr hab. Andrzej Maziewski z Wydzia\u0142u Fizyki UwB otrzyma\u0142 Krzy\u017c Kawalerski Orderu Odrodzenia Polski. Zosta\u0142 uhonorowany za wybitne zas\u0142ugi dla rozwoju polskiej nauki, za osi\u0105gni\u0119cia w pracy naukowo-badawczej, dydaktycznej <a href=\"https:\/\/physics.uwb.edu.pl\/wf\/?page_id=10523\" class=\"more-link\">[&hellip;]<\/a><\/p>\n","protected":false},"author":14,"featured_media":10524,"parent":713,"menu_order":0,"comment_status":"closed","ping_status":"closed","template":"","meta":{"ngg_post_thumbnail":0,"Layout":"","footnotes":""},"categories":[27,23],"tags":[],"class_list":["entry","author-ulag","post-10523","page","type-page","status-publish","has-post-thumbnail","category-post_news_pl","category-student_pl"],"jetpack_sharing_enabled":true,"jetpack_shortlink":"https:\/\/wp.me\/P7nvcn-2JJ","_links":{"self":[{"href":"https:\/\/physics.uwb.edu.pl\/wf\/index.php?rest_route=\/wp\/v2\/pages\/10523","targetHints":{"allow":["GET"]}}],"collection":[{"href":"https:\/\/physics.uwb.edu.pl\/wf\/index.php?rest_route=\/wp\/v2\/pages"}],"about":[{"href":"https:\/\/physics.uwb.edu.pl\/wf\/index.php?rest_route=\/wp\/v2\/types\/page"}],"author":[{"embeddable":true,"href":"https:\/\/physics.uwb.edu.pl\/wf\/index.php?rest_route=\/wp\/v2\/users\/14"}],"replies":[{"embeddable":true,"href":"https:\/\/physics.uwb.edu.pl\/wf\/index.php?rest_route=%2Fwp%2Fv2%2Fcomments&post=10523"}],"version-history":[{"count":3,"href":"https:\/\/physics.uwb.edu.pl\/wf\/index.php?rest_route=\/wp\/v2\/pages\/10523\/revisions"}],"predecessor-version":[{"id":10527,"href":"https:\/\/physics.uwb.edu.pl\/wf\/index.php?rest_route=\/wp\/v2\/pages\/10523\/revisions\/10527"}],"up":[{"embeddable":true,"href":"https:\/\/physics.uwb.edu.pl\/wf\/index.php?rest_route=\/wp\/v2\/pages\/713"}],"wp:featuredmedia":[{"embeddable":true,"href":"https:\/\/physics.uwb.edu.pl\/wf\/index.php?rest_route=\/wp\/v2\/media\/10524"}],"wp:attachment":[{"href":"https:\/\/physics.uwb.edu.pl\/wf\/index.php?rest_route=%2Fwp%2Fv2%2Fmedia&parent=10523"}],"wp:term":[{"taxonomy":"category","embeddable":true,"href":"https:\/\/physics.uwb.edu.pl\/wf\/index.php?rest_route=%2Fwp%2Fv2%2Fcategories&post=10523"},{"taxonomy":"post_tag","embeddable":true,"href":"https:\/\/physics.uwb.edu.pl\/wf\/index.php?rest_route=%2Fwp%2Fv2%2Ftags&post=10523"}],"curies":[{"name":"wp","href":"https:\/\/api.w.org\/{rel}","templated":true}]}}