{"id":10572,"date":"2020-01-15T13:29:13","date_gmt":"2020-01-15T12:29:13","guid":{"rendered":"http:\/\/physics.uwb.edu.pl\/wf\/?page_id=10572"},"modified":"2020-01-16T13:46:13","modified_gmt":"2020-01-16T12:46:13","slug":"east-games-united-2-2-4","status":"publish","type":"page","link":"https:\/\/physics.uwb.edu.pl\/wf\/?page_id=10572","title":{"rendered":"XV Targi Edukacyjne w 2LO w Bia\u0142ymstoku"},"content":{"rendered":"<p>W dniu 15-01-2020 r. uczestniczyli\u015bmy w XV Targach Edukacyjnych zorganizowanych przez <a href=\"http:\/\/zso2bialystok.pl\/\">2LO w Bia\u0142ystoku<\/a>. W promocji Wydzia\u0142u Fizyki udzia\u0142 wzi\u0119li: dr Cezary Walczyk (kt\u00f3ry przygotowa\u0142 prezentacj\u0119 &#8220;Internet Rzeczy z uk\u0142adami Arduino i ESP8266&#8221; ), doktoranci Wydzia\u0142u Fizyki: mgr Jaros\u0142aw Ryszkiewicz, mgr Micha\u0142 Miszczy\u0144ski oraz mgr Antoni Frej, a tak\u017ce studenci specjalno\u015bci <a href=\"http:\/\/gry.fizyka.uwb.edu.pl\">Fizyka Gier Komputerowych i Robot\u00f3w <\/a>wraz z dr. K. Gawrylukiem prezentuj\u0105cy ko\u0142o naukowe Fi-BOT.<\/p>\n<p>ngg_shortcode_0_placeholder<br \/>\nPan Bartek Butler, student 2-go roku specjalno\u015bci <a href=\"http:\/\/gry.fizyka.uwb.edu.pl\">Fizyka Gier Komputerowych i Robot\u00f3w<\/a> prezentowa\u0142 swoj\u0105 <a href=\"http:\/\/physics.uwb.edu.pl\/wf\/fi-bot\/?page_id=1734\">Precyzyjn\u0105 Maszyn\u0119 2D3D<\/a> wykonan\u0105 w ramch ko\u0142a naukowego <a href=\"http:\/\/fibot.fizyka.uwb.edu.pl\">Fi-BOT<\/a>. By\u0142a to wi\u0119c okazja aby podejrze\u0107, podpyta\u0107 jak jest to wszystko po\u0142\u0105czone i zrobione. Dodatkowo Pan Bartek prezentowa\u0142 swoj\u0105 prac\u0119 nad uczeniem maszynowym. Z kolei Pan Przemek Pytel (tak\u017ce student 2-go roku) prezentowa\u0142 <a href=\"http:\/\/physics.uwb.edu.pl\/wf\/fi-bot\/?page_id=1856\">robota Maskotk\u0119<\/a> (nad kt\u00f3rym prace ci\u0105gle trwaj\u0105).&nbsp;<\/p>\n<p>&nbsp;<\/p>\n<p>Zach\u0119camy do polubienia naszego <a href=\"https:\/\/www.facebook.com\/WydzialFizykiUwB\/\">profilu na Facebooku<\/a>&nbsp; i wypatrywania dodatkowych okazji do spotkania &#8211; nied\u0142ugo odb\u0119d\u0105 si\u0119 <strong>Dni Wydzia\u0142u<\/strong> (w ramach Dni Kampusu) wi\u0119c warto tego nie przeoczy\u0107. Zapraszamy uczni\u00f3w ca\u0142ymi klasami do odwiedzenia naszego Wydzia\u0142u w ramach lekcji fizyki (cykl <a href=\"http:\/\/physics.uwb.edu.pl\/wf\/?page_id=745\">Pokazy z fizyki<\/a>), lub te\u017c <strong>indywidualnie<\/strong> na wyk\u0142adach <a href=\"http:\/\/physics.uwb.edu.pl\/wf\/?page_id=789\">Polskiego Towarzystwa Fizycznego<\/a>.&nbsp;<\/p>\n<p>Dzi\u0119kujemy wszystkim uczestnikom targ\u00f3w za zainteresowanie nasz\u0105 ofert\u0105 edukacyjn\u0105 i zapraszamy do odwiedzania nas.<\/p>\n","protected":false},"excerpt":{"rendered":"<p>W dniu 15-01-2020 r. uczestniczyli\u015bmy w XV Targach Edukacyjnych zorganizowanych przez 2LO w Bia\u0142ystoku. W promocji Wydzia\u0142u Fizyki udzia\u0142 wzi\u0119li: dr Cezary Walczyk (kt\u00f3ry przygotowa\u0142 prezentacj\u0119 &#8220;Internet Rzeczy z uk\u0142adami <a href=\"https:\/\/physics.uwb.edu.pl\/wf\/?page_id=10572\" class=\"more-link\">[&hellip;]<\/a><\/p>\n","protected":false},"author":5,"featured_media":10573,"parent":2744,"menu_order":0,"comment_status":"closed","ping_status":"closed","template":"","meta":{"ngg_post_thumbnail":0,"Layout":"1c","footnotes":""},"categories":[131,35],"tags":[],"class_list":["entry","author-gawryl","post-10572","page","type-page","status-publish","has-post-thumbnail","category-galeria_foto","category-popularyzacja_pl"],"jetpack_sharing_enabled":true,"jetpack_shortlink":"https:\/\/wp.me\/P7nvcn-2Kw","_links":{"self":[{"href":"https:\/\/physics.uwb.edu.pl\/wf\/index.php?rest_route=\/wp\/v2\/pages\/10572","targetHints":{"allow":["GET"]}}],"collection":[{"href":"https:\/\/physics.uwb.edu.pl\/wf\/index.php?rest_route=\/wp\/v2\/pages"}],"about":[{"href":"https:\/\/physics.uwb.edu.pl\/wf\/index.php?rest_route=\/wp\/v2\/types\/page"}],"author":[{"embeddable":true,"href":"https:\/\/physics.uwb.edu.pl\/wf\/index.php?rest_route=\/wp\/v2\/users\/5"}],"replies":[{"embeddable":true,"href":"https:\/\/physics.uwb.edu.pl\/wf\/index.php?rest_route=%2Fwp%2Fv2%2Fcomments&post=10572"}],"version-history":[{"count":3,"href":"https:\/\/physics.uwb.edu.pl\/wf\/index.php?rest_route=\/wp\/v2\/pages\/10572\/revisions"}],"predecessor-version":[{"id":10576,"href":"https:\/\/physics.uwb.edu.pl\/wf\/index.php?rest_route=\/wp\/v2\/pages\/10572\/revisions\/10576"}],"up":[{"embeddable":true,"href":"https:\/\/physics.uwb.edu.pl\/wf\/index.php?rest_route=\/wp\/v2\/pages\/2744"}],"wp:featuredmedia":[{"embeddable":true,"href":"https:\/\/physics.uwb.edu.pl\/wf\/index.php?rest_route=\/wp\/v2\/media\/10573"}],"wp:attachment":[{"href":"https:\/\/physics.uwb.edu.pl\/wf\/index.php?rest_route=%2Fwp%2Fv2%2Fmedia&parent=10572"}],"wp:term":[{"taxonomy":"category","embeddable":true,"href":"https:\/\/physics.uwb.edu.pl\/wf\/index.php?rest_route=%2Fwp%2Fv2%2Fcategories&post=10572"},{"taxonomy":"post_tag","embeddable":true,"href":"https:\/\/physics.uwb.edu.pl\/wf\/index.php?rest_route=%2Fwp%2Fv2%2Ftags&post=10572"}],"curies":[{"name":"wp","href":"https:\/\/api.w.org\/{rel}","templated":true}]}}