{"id":10577,"date":"2020-01-17T10:07:09","date_gmt":"2020-01-17T09:07:09","guid":{"rendered":"http:\/\/physics.uwb.edu.pl\/wf\/?page_id=10577"},"modified":"2020-01-17T10:07:09","modified_gmt":"2020-01-17T09:07:09","slug":"o-marianie-smoluchowskim-w-setna-rocznice-smierci-2-2-2-2-2-4-3-2-2-2-2-2-2-2-3-3-2-3-2-2-2-2-3-2-2-2-2-2-2-3-2-2-2-2-2-2-2-2-2-3-3-2-2-2-3-3-2-2-2-2-2-3-2-2","status":"publish","type":"page","link":"https:\/\/physics.uwb.edu.pl\/wf\/?page_id=10577","title":{"rendered":"Struktury domenowe w ta\u015bmach amorficznych"},"content":{"rendered":"<h3><strong>Seminarium wydzia\u0142owe<br \/>\n<\/strong><\/h3>\n<p align=\"justify\">Dnia 2020-01-21 o godzinie 14:15 w sali 2011 Wydzia\u0142u Fizyki UwB odb\u0119dzie si\u0119 wyk\u0142ad, na kt\u00f3rym <strong>dr hab. Marek Kisielewski, prof.UwB z Katedry Fizyki Magnetyk\u00f3w, Wydzia\u0142 Fizyki, Uniwersytetu w Bia\u0142ymstoku <\/strong>wyg\u0142osi wyk\u0142ad pt:<\/p>\n<h3 style=\"text-align: center;\"><span style=\"font-size: 36px;\">&#8220;Struktury domenowe w ta\u015bmach amorficznych&#8221;<\/span><\/h3>\n<p style=\"text-align: right;\">Serdecznie zapraszamy<\/p>\n<p style=\"text-align: right;\">Andrzej Maziewski<\/p>\n<p>&nbsp;Struktury domenowe w ta\u015bmach amorficznych<\/p>\n<p style=\"text-align: justify;\">Om\u00f3wione zostan\u0105 metody wytwarzania i w\u0142a\u015bciwo\u015bci magnetyczne ta\u015bm amorficznych, wykorzystywanych obecnie na \u015bwiecie w wielu aplikacjach technicznych. Materia\u0142y takie badane s\u0105 aktualnie w Katedrze Fizyki Magnetyk\u00f3w w ramach realizacji finansowanego przez NCBiR projektu TECHMATSTRATEG zatytu\u0142owanego: \u201eOpracowanie wysokowydajnej i bezodpadowej technologii wytwarzania nanokompozyt\u00f3w magnetycznie mi\u0119kkich dla wysokocz\u0119stotliwo\u015bciowego przetwarzania du\u017cych mocy\u201d. W KFM badane jest uporz\u0105dkowanie magnetyczne w pr\u00f3bkach wytworzonych przez partner\u00f3w projektu TECHMATSTRATEG, z wykorzystaniem metod magnetooptycznych, a zw\u0142aszcza optycznej mikroskopii z wektorow\u0105 analiz\u0105 przestrzennego rozk\u0142adu magnetyzacji. Zaobserwowano r\u00f3\u017cne magnetyczne struktury domenowe w zale\u017cno\u015bci od warunk\u00f3w preparatyki pr\u00f3bek. Struktury domenowe r\u00f3\u017cni\u0142y si\u0119 rozmiarami, preferencj\u0105 ustawienia \u015bcian domenowych oraz sk\u0142adowymi magnetyzacji w p\u0142aszczy\u017anie i w kierunku prostopad\u0142ym do powierzchni ta\u015bm.<\/p>\n","protected":false},"excerpt":{"rendered":"<p>Seminarium wydzia\u0142owe Dnia 2020-01-21 o godzinie 14:15 w sali 2011 Wydzia\u0142u Fizyki UwB odb\u0119dzie si\u0119 wyk\u0142ad, na kt\u00f3rym dr hab. Marek Kisielewski, prof.UwB z Katedry Fizyki Magnetyk\u00f3w, Wydzia\u0142 Fizyki, Uniwersytetu <a href=\"https:\/\/physics.uwb.edu.pl\/wf\/?page_id=10577\" class=\"more-link\">[&hellip;]<\/a><\/p>\n","protected":false},"author":14,"featured_media":3366,"parent":822,"menu_order":0,"comment_status":"closed","ping_status":"closed","template":"","meta":{"ngg_post_thumbnail":0,"Layout":"1c","footnotes":""},"categories":[69],"tags":[],"class_list":["entry","author-ulag","post-10577","page","type-page","status-publish","has-post-thumbnail","category-seminarium_pl"],"jetpack_sharing_enabled":true,"jetpack_shortlink":"https:\/\/wp.me\/P7nvcn-2KB","_links":{"self":[{"href":"https:\/\/physics.uwb.edu.pl\/wf\/index.php?rest_route=\/wp\/v2\/pages\/10577","targetHints":{"allow":["GET"]}}],"collection":[{"href":"https:\/\/physics.uwb.edu.pl\/wf\/index.php?rest_route=\/wp\/v2\/pages"}],"about":[{"href":"https:\/\/physics.uwb.edu.pl\/wf\/index.php?rest_route=\/wp\/v2\/types\/page"}],"author":[{"embeddable":true,"href":"https:\/\/physics.uwb.edu.pl\/wf\/index.php?rest_route=\/wp\/v2\/users\/14"}],"replies":[{"embeddable":true,"href":"https:\/\/physics.uwb.edu.pl\/wf\/index.php?rest_route=%2Fwp%2Fv2%2Fcomments&post=10577"}],"version-history":[{"count":1,"href":"https:\/\/physics.uwb.edu.pl\/wf\/index.php?rest_route=\/wp\/v2\/pages\/10577\/revisions"}],"predecessor-version":[{"id":10578,"href":"https:\/\/physics.uwb.edu.pl\/wf\/index.php?rest_route=\/wp\/v2\/pages\/10577\/revisions\/10578"}],"up":[{"embeddable":true,"href":"https:\/\/physics.uwb.edu.pl\/wf\/index.php?rest_route=\/wp\/v2\/pages\/822"}],"wp:featuredmedia":[{"embeddable":true,"href":"https:\/\/physics.uwb.edu.pl\/wf\/index.php?rest_route=\/wp\/v2\/media\/3366"}],"wp:attachment":[{"href":"https:\/\/physics.uwb.edu.pl\/wf\/index.php?rest_route=%2Fwp%2Fv2%2Fmedia&parent=10577"}],"wp:term":[{"taxonomy":"category","embeddable":true,"href":"https:\/\/physics.uwb.edu.pl\/wf\/index.php?rest_route=%2Fwp%2Fv2%2Fcategories&post=10577"},{"taxonomy":"post_tag","embeddable":true,"href":"https:\/\/physics.uwb.edu.pl\/wf\/index.php?rest_route=%2Fwp%2Fv2%2Ftags&post=10577"}],"curies":[{"name":"wp","href":"https:\/\/api.w.org\/{rel}","templated":true}]}}