{"id":10640,"date":"2020-02-16T13:38:11","date_gmt":"2020-02-16T12:38:11","guid":{"rendered":"http:\/\/physics.uwb.edu.pl\/wf\/?page_id=10640"},"modified":"2020-02-16T13:38:11","modified_gmt":"2020-02-16T12:38:11","slug":"o-marianie-smoluchowskim-w-setna-rocznice-smierci-2-2-2-2-2-4-3-2-2-2-2-2-2-2-3-3-2-3-2-2-2-2-3-2-2-2-2-2-2-3-2-2-2-2-2-2-2-2-2-2-2-2-2-2-2-3","status":"publish","type":"page","link":"https:\/\/physics.uwb.edu.pl\/wf\/?page_id=10640","title":{"rendered":"Bia\u0142ka inherentnie nieuporz\u0105dkowane"},"content":{"rendered":"\r\n<h3 class=\"wp-block-heading\"><strong>Konwersatorium wydzia\u0142owe<br><\/strong><\/h3>\r\n\r\n\r\n\r\n<p style=\"text-align: justify;\">Dnia 2020-02-18 o godzinie 13:15 w sali 2011 Wydzia\u0142u Fizyki UwB odb\u0119dzie si\u0119 wyk\u0142ad, na kt\u00f3rym <strong>prof. dr hab. Marek Cieplak z Instytutu Fizyki PAN<\/strong> wyg\u0142osi wyk\u0142ad pt:<\/p>\r\n\r\n\r\n\r\n<p class=\"has-large-font-size\" style=\"text-align: center;\"><span style=\"font-size: 24px;\">&#8220;<strong> Bia\u0142ka inherentnie nieuporz\u0105dkowane<\/strong>&#8220;<\/span><\/p>\r\n\r\n<p>&nbsp;<\/p>\r\n\r\n<p style=\"text-align: right;\">Serdecznie zapraszamy<\/p>\r\n\r\n\r\n\r\n<p style=\"text-align: right;\">Andrzej Maziewski<\/p>\r\n\r\n\r\n\r\n<p style=\"text-align: right;\">Jerzy Przeszowski<\/p>\r\n\r\n\r\n\r\n<p>&nbsp;&nbsp;&nbsp;&nbsp;<\/p>\r\n<p style=\"text-align: justify;\">Bia\u0142ka inherentnie nieuporz\u0105dkowane<br>Marek Cieplak<br>Instytut of &nbsp;Fizyki PAN, Warszawa<br><br><br>Przez dekady s\u0105dzono, \u017ce bia\u0142ka mog\u0105 wykonywa\u0107 swoje zadania, na przyk\u0142ad wi\u0105za\u0107 okre\u015blone cz\u0105steczki, tylko po zwini\u0119ciu si\u0119 w konkretny kszta\u0142t natywny. Konformacja natywna jest &nbsp;zazwyczaj globularna. W ostatnich latach okaza\u0142o si\u0119, \u017ce oko\u0142o 30% ludzkich bia\u0142ek jest albo ca\u0142kowicie, albo cz\u0119\u015bciowo strukturalnie nieuporz\u0105dkowanych. Wiele z tych bia\u0142ek wi\u0105\u017ce si\u0119 z wyst\u0119powaniem chor\u00f3b neurozwyrodnieniowych. Jednak stanowi\u0105 one r\u00f3wnie\u017c &nbsp;sk\u0142adnik bezb\u0142onowych organelli \u2013 kropelek cieczy bia\u0142kowych \u2013 potrzebnych do funkcjonowania kom\u00f3rki. W wyk\u0142adzie przedstawi\u0119 jako\u015bciowe r\u00f3\u017cnice wyst\u0119puj\u0105ce w ewolucji dynamicznej bia\u0142ek ustrukturyzowanych i inherentnie nieuporz\u0105dkowanych. &nbsp;R\u00f3\u017cnice te mo\u017cna przedstawi\u0107 na diagramach sieci po\u0142\u0105cze\u0144 pomi\u0119dzy basenami przyci\u0105gania. Bia\u0142ka nieuporzadkowane mog\u0105 tworzy\u0107 przej\u015bciowe struktury zaw\u0119\u017alone, co wyka\u017c\u0119 dla alfa-synukleiny i dostatecznie d\u0142ugich \u0142a\u0144cuch\u00f3w poliglutaminowych. Pojawienie si\u0119 w\u0119z\u0142\u00f3w w konformacjach poliglutaminy mo\u017ce utrudnia\u0107 dedgradacj\u0119 tych \u0142a\u0144cuch\u00f3w w proteasomie i st\u0105d powodowa\u0107 ich akumulacj\u0119. Ten mechanizm mo\u017ce wyja\u015bnia\u0107 wyst\u0119powanie choroby Huntingtona. Przedstawi\u0119 konstrukcj\u0119 modelu gruboziarnistego pozwalaj\u0105cego bada\u0107 uk\u0142ady wielu bia\u0142ek nieuporz\u0105dkowanych na du\u017co d\u0142u\u017cszych skalach czasowych ni\u017c na tych dost\u0119pnych w pe\u0142noatomowej dynamice molekularnej. Ten uproszczony model pozwala por\u00f3wnywa\u0107 w\u0142a\u015bciwo\u015bci kropelek r\u00f3\u017cnych bia\u0142ek.<\/p>\r\n<p>&nbsp;<\/p>\r\n","protected":false},"excerpt":{"rendered":"<p>Konwersatorium wydzia\u0142owe Dnia 2020-02-18 o godzinie 13:15 w sali 2011 Wydzia\u0142u Fizyki UwB odb\u0119dzie si\u0119 wyk\u0142ad, na kt\u00f3rym prof. dr hab. Marek Cieplak z Instytutu Fizyki PAN wyg\u0142osi wyk\u0142ad pt: <a href=\"https:\/\/physics.uwb.edu.pl\/wf\/?page_id=10640\" class=\"more-link\">[&hellip;]<\/a><\/p>\n","protected":false},"author":14,"featured_media":8413,"parent":822,"menu_order":0,"comment_status":"closed","ping_status":"closed","template":"","meta":{"ngg_post_thumbnail":0,"Layout":"1c","footnotes":""},"categories":[69],"tags":[],"class_list":["entry","author-ulag","post-10640","page","type-page","status-publish","has-post-thumbnail","category-seminarium_pl"],"jetpack_sharing_enabled":true,"jetpack_shortlink":"https:\/\/wp.me\/P7nvcn-2LC","_links":{"self":[{"href":"https:\/\/physics.uwb.edu.pl\/wf\/index.php?rest_route=\/wp\/v2\/pages\/10640","targetHints":{"allow":["GET"]}}],"collection":[{"href":"https:\/\/physics.uwb.edu.pl\/wf\/index.php?rest_route=\/wp\/v2\/pages"}],"about":[{"href":"https:\/\/physics.uwb.edu.pl\/wf\/index.php?rest_route=\/wp\/v2\/types\/page"}],"author":[{"embeddable":true,"href":"https:\/\/physics.uwb.edu.pl\/wf\/index.php?rest_route=\/wp\/v2\/users\/14"}],"replies":[{"embeddable":true,"href":"https:\/\/physics.uwb.edu.pl\/wf\/index.php?rest_route=%2Fwp%2Fv2%2Fcomments&post=10640"}],"version-history":[{"count":1,"href":"https:\/\/physics.uwb.edu.pl\/wf\/index.php?rest_route=\/wp\/v2\/pages\/10640\/revisions"}],"predecessor-version":[{"id":10641,"href":"https:\/\/physics.uwb.edu.pl\/wf\/index.php?rest_route=\/wp\/v2\/pages\/10640\/revisions\/10641"}],"up":[{"embeddable":true,"href":"https:\/\/physics.uwb.edu.pl\/wf\/index.php?rest_route=\/wp\/v2\/pages\/822"}],"wp:featuredmedia":[{"embeddable":true,"href":"https:\/\/physics.uwb.edu.pl\/wf\/index.php?rest_route=\/wp\/v2\/media\/8413"}],"wp:attachment":[{"href":"https:\/\/physics.uwb.edu.pl\/wf\/index.php?rest_route=%2Fwp%2Fv2%2Fmedia&parent=10640"}],"wp:term":[{"taxonomy":"category","embeddable":true,"href":"https:\/\/physics.uwb.edu.pl\/wf\/index.php?rest_route=%2Fwp%2Fv2%2Fcategories&post=10640"},{"taxonomy":"post_tag","embeddable":true,"href":"https:\/\/physics.uwb.edu.pl\/wf\/index.php?rest_route=%2Fwp%2Fv2%2Ftags&post=10640"}],"curies":[{"name":"wp","href":"https:\/\/api.w.org\/{rel}","templated":true}]}}