{"id":10650,"date":"2020-02-11T08:53:09","date_gmt":"2020-02-11T07:53:09","guid":{"rendered":"http:\/\/physics.uwb.edu.pl\/wf\/?page_id=10650"},"modified":"2020-02-24T09:10:36","modified_gmt":"2020-02-24T08:10:36","slug":"east-games-united-2-2-4-2","status":"publish","type":"page","link":"https:\/\/physics.uwb.edu.pl\/wf\/?page_id=10650","title":{"rendered":"Dni Astronomii w Elektryku 2020"},"content":{"rendered":"<p>W dniu 11-02-2020 r. odwiedzili\u015bmy Zesp\u00f3\u0142 Szk\u00f3\u0142 Elektrycznych w Bia\u0142ostoku. Z inicjatywy nauczycieli fizyki tej\u017ce szko\u0142y zorganizowano Dzie\u0144 Astronomii, na kt\u00f3ry zaproszono dr. hab. Marka Niko\u0142ajuka, prof. UwB. Nasz pracownik wyg\u0142osi\u0142 wyk\u0142ad pt. \u201ePierwsze zdj\u0119cie czarnej dziury\u201d, kt\u00f3ry cieszy\u0142 si\u0119 du\u017cym zainteresowaniem.<\/p>\n<p><img loading=\"lazy\" decoding=\"async\" class=\"alignnone wp-image-10652 \" src=\"http:\/\/physics.uwb.edu.pl\/wf\/wp-content\/uploads\/2020\/02\/IMG_20200211_105308311-300x169.jpg\" alt=\"\" width=\"532\" height=\"299\" srcset=\"https:\/\/physics.uwb.edu.pl\/wf\/wp-content\/uploads\/2020\/02\/IMG_20200211_105308311-300x169.jpg 300w, https:\/\/physics.uwb.edu.pl\/wf\/wp-content\/uploads\/2020\/02\/IMG_20200211_105308311-1024x576.jpg 1024w, https:\/\/physics.uwb.edu.pl\/wf\/wp-content\/uploads\/2020\/02\/IMG_20200211_105308311-150x84.jpg 150w, https:\/\/physics.uwb.edu.pl\/wf\/wp-content\/uploads\/2020\/02\/IMG_20200211_105308311-1536x864.jpg 1536w, https:\/\/physics.uwb.edu.pl\/wf\/wp-content\/uploads\/2020\/02\/IMG_20200211_105308311-2048x1152.jpg 2048w, https:\/\/physics.uwb.edu.pl\/wf\/wp-content\/uploads\/2020\/02\/IMG_20200211_105308311-889x500.jpg 889w\" sizes=\"auto, (max-width: 532px) 100vw, 532px\" \/> <img loading=\"lazy\" decoding=\"async\" class=\"alignnone wp-image-10653 size-medium\" src=\"http:\/\/physics.uwb.edu.pl\/wf\/wp-content\/uploads\/2020\/02\/IMG_20200211_105224488_HDR-169x300.jpg\" alt=\"\" width=\"169\" height=\"300\" srcset=\"https:\/\/physics.uwb.edu.pl\/wf\/wp-content\/uploads\/2020\/02\/IMG_20200211_105224488_HDR-169x300.jpg 169w, https:\/\/physics.uwb.edu.pl\/wf\/wp-content\/uploads\/2020\/02\/IMG_20200211_105224488_HDR-576x1024.jpg 576w, https:\/\/physics.uwb.edu.pl\/wf\/wp-content\/uploads\/2020\/02\/IMG_20200211_105224488_HDR-84x150.jpg 84w, https:\/\/physics.uwb.edu.pl\/wf\/wp-content\/uploads\/2020\/02\/IMG_20200211_105224488_HDR-864x1536.jpg 864w, https:\/\/physics.uwb.edu.pl\/wf\/wp-content\/uploads\/2020\/02\/IMG_20200211_105224488_HDR-1152x2048.jpg 1152w, https:\/\/physics.uwb.edu.pl\/wf\/wp-content\/uploads\/2020\/02\/IMG_20200211_105224488_HDR-281x500.jpg 281w, https:\/\/physics.uwb.edu.pl\/wf\/wp-content\/uploads\/2020\/02\/IMG_20200211_105224488_HDR-scaled.jpg 1440w\" sizes=\"auto, (max-width: 169px) 100vw, 169px\" \/><\/p>\n<p>Profesor Marek Niko\u0142ajuk zosta\u0142 tak\u017ce zaproszony do jury V edycji Konkursu Astronomicznego. Tegoroczne rozgrywki wzbudzi\u0142y du\u017co emocji z uwagi na bardzo dobre przygotowanie merytoryczne uczni\u00f3w. Pierwszy raz od pi\u0119ciu lat odby\u0142a si\u0119 \u201edogrywka\u201d, kt\u00f3ra zadecydowa\u0142a o ostatecznych wynikach.&nbsp;<\/p>\n<p><img loading=\"lazy\" decoding=\"async\" class=\"alignnone size-large wp-image-10651\" src=\"http:\/\/physics.uwb.edu.pl\/wf\/wp-content\/uploads\/2020\/02\/IMG_20200211_130140807-576x1024.jpg\" alt=\"\" width=\"576\" height=\"1024\" srcset=\"https:\/\/physics.uwb.edu.pl\/wf\/wp-content\/uploads\/2020\/02\/IMG_20200211_130140807-576x1024.jpg 576w, https:\/\/physics.uwb.edu.pl\/wf\/wp-content\/uploads\/2020\/02\/IMG_20200211_130140807-169x300.jpg 169w, https:\/\/physics.uwb.edu.pl\/wf\/wp-content\/uploads\/2020\/02\/IMG_20200211_130140807-84x150.jpg 84w, https:\/\/physics.uwb.edu.pl\/wf\/wp-content\/uploads\/2020\/02\/IMG_20200211_130140807-864x1536.jpg 864w, https:\/\/physics.uwb.edu.pl\/wf\/wp-content\/uploads\/2020\/02\/IMG_20200211_130140807-1152x2048.jpg 1152w, https:\/\/physics.uwb.edu.pl\/wf\/wp-content\/uploads\/2020\/02\/IMG_20200211_130140807-281x500.jpg 281w, https:\/\/physics.uwb.edu.pl\/wf\/wp-content\/uploads\/2020\/02\/IMG_20200211_130140807-scaled.jpg 1440w\" sizes=\"auto, (max-width: 576px) 100vw, 576px\" \/><\/p>\n<p>Gratulujemy nauczycielom pomys\u0142u i zaanga\u017cowania w organizowanie tego typu imprez, a uczniom &#8211; zainteresowania i naprawd\u0119 wysokiego poziomu wiedzy z dziedziny astronomii.<\/p>\n","protected":false},"excerpt":{"rendered":"<p>W dniu 11-02-2020 r. odwiedzili\u015bmy Zesp\u00f3\u0142 Szk\u00f3\u0142 Elektrycznych w Bia\u0142ostoku. Z inicjatywy nauczycieli fizyki tej\u017ce szko\u0142y zorganizowano Dzie\u0144 Astronomii, na kt\u00f3ry zaproszono dr. hab. Marka Niko\u0142ajuka, prof. UwB. Nasz pracownik <a href=\"https:\/\/physics.uwb.edu.pl\/wf\/?page_id=10650\" class=\"more-link\">[&hellip;]<\/a><\/p>\n","protected":false},"author":5,"featured_media":10655,"parent":2744,"menu_order":0,"comment_status":"closed","ping_status":"closed","template":"","meta":{"ngg_post_thumbnail":0,"Layout":"1c","footnotes":""},"categories":[131,35],"tags":[],"class_list":["entry","author-gawryl","post-10650","page","type-page","status-publish","has-post-thumbnail","category-galeria_foto","category-popularyzacja_pl"],"jetpack_sharing_enabled":true,"jetpack_shortlink":"https:\/\/wp.me\/P7nvcn-2LM","_links":{"self":[{"href":"https:\/\/physics.uwb.edu.pl\/wf\/index.php?rest_route=\/wp\/v2\/pages\/10650","targetHints":{"allow":["GET"]}}],"collection":[{"href":"https:\/\/physics.uwb.edu.pl\/wf\/index.php?rest_route=\/wp\/v2\/pages"}],"about":[{"href":"https:\/\/physics.uwb.edu.pl\/wf\/index.php?rest_route=\/wp\/v2\/types\/page"}],"author":[{"embeddable":true,"href":"https:\/\/physics.uwb.edu.pl\/wf\/index.php?rest_route=\/wp\/v2\/users\/5"}],"replies":[{"embeddable":true,"href":"https:\/\/physics.uwb.edu.pl\/wf\/index.php?rest_route=%2Fwp%2Fv2%2Fcomments&post=10650"}],"version-history":[{"count":1,"href":"https:\/\/physics.uwb.edu.pl\/wf\/index.php?rest_route=\/wp\/v2\/pages\/10650\/revisions"}],"predecessor-version":[{"id":10654,"href":"https:\/\/physics.uwb.edu.pl\/wf\/index.php?rest_route=\/wp\/v2\/pages\/10650\/revisions\/10654"}],"up":[{"embeddable":true,"href":"https:\/\/physics.uwb.edu.pl\/wf\/index.php?rest_route=\/wp\/v2\/pages\/2744"}],"wp:featuredmedia":[{"embeddable":true,"href":"https:\/\/physics.uwb.edu.pl\/wf\/index.php?rest_route=\/wp\/v2\/media\/10655"}],"wp:attachment":[{"href":"https:\/\/physics.uwb.edu.pl\/wf\/index.php?rest_route=%2Fwp%2Fv2%2Fmedia&parent=10650"}],"wp:term":[{"taxonomy":"category","embeddable":true,"href":"https:\/\/physics.uwb.edu.pl\/wf\/index.php?rest_route=%2Fwp%2Fv2%2Fcategories&post=10650"},{"taxonomy":"post_tag","embeddable":true,"href":"https:\/\/physics.uwb.edu.pl\/wf\/index.php?rest_route=%2Fwp%2Fv2%2Ftags&post=10650"}],"curies":[{"name":"wp","href":"https:\/\/api.w.org\/{rel}","templated":true}]}}