{"id":10662,"date":"2020-02-25T11:31:30","date_gmt":"2020-02-25T10:31:30","guid":{"rendered":"http:\/\/physics.uwb.edu.pl\/wf\/?page_id=10662"},"modified":"2020-03-04T13:11:34","modified_gmt":"2020-03-04T12:11:34","slug":"east-games-united-2-2-3-4","status":"publish","type":"page","link":"https:\/\/physics.uwb.edu.pl\/wf\/?page_id=10662","title":{"rendered":"Prezentacje Edukacyjno \u2013 Doradcze \u201eUczelnie w powiecie\u201d &#8212; Sok\u00f3\u0142ka"},"content":{"rendered":"<p>W dniu 25-02-2020 r. uczestniczyli\u015bmy w Prezentacjach Edukacyjno \u2013 Doradczych \u201eUczelnie w powiecie\u201d &#8211; odwiedzili\u015bmy Sok\u00f3\u0142k\u0119.<\/p>\n<p>&#8220;Uczelnie w powiecie&#8221; to impreza kierowana do uczni\u00f3w szk\u00f3\u0142 ponadpodstawowych, g\u0142\u00f3wnie maturzyst\u00f3w, dostarczaj\u0105ca wyczerpuj\u0105cej informacji o warunkach i mo\u017cliwo\u015bciach kontynuowania nauki po uko\u0144czeniu szko\u0142y \u015bredniej. Na stoisku Wydzia\u0142u Fizyki UwB mo\u017cna by\u0142o obejrze\u0107 proste &#8220;zabawki&#8221; elektroniczne, kt\u00f3re zaprojektowali, zrobili i zaprogramowali sami studenci naszego Wydzia\u0142u.&nbsp;<\/p>\n<p><img loading=\"lazy\" decoding=\"async\" class=\"alignnone size-large wp-image-10663\" src=\"http:\/\/physics.uwb.edu.pl\/wf\/wp-content\/uploads\/2020\/02\/20200225_104842-1024x576.jpg\" alt=\"\" width=\"1024\" height=\"576\" srcset=\"https:\/\/physics.uwb.edu.pl\/wf\/wp-content\/uploads\/2020\/02\/20200225_104842-1024x576.jpg 1024w, https:\/\/physics.uwb.edu.pl\/wf\/wp-content\/uploads\/2020\/02\/20200225_104842-300x169.jpg 300w, https:\/\/physics.uwb.edu.pl\/wf\/wp-content\/uploads\/2020\/02\/20200225_104842-150x84.jpg 150w, https:\/\/physics.uwb.edu.pl\/wf\/wp-content\/uploads\/2020\/02\/20200225_104842-1536x864.jpg 1536w, https:\/\/physics.uwb.edu.pl\/wf\/wp-content\/uploads\/2020\/02\/20200225_104842-2048x1152.jpg 2048w, https:\/\/physics.uwb.edu.pl\/wf\/wp-content\/uploads\/2020\/02\/20200225_104842-889x500.jpg 889w\" sizes=\"auto, (max-width: 1024px) 100vw, 1024px\" \/><\/p>\n<p>&nbsp;<\/p>\n<p>Stoisko informacyjne Wydzia\u0142u Fizyki obs\u0142ugiwa\u0142 mgr Marcin Marculewicz (doktorant 4-ciego roku), kt\u00f3ry razem z Dzia\u0142em Rekrutacji UwB prezentowa\u0142 Wydzia\u0142 i Uniwersytet w Bia\u0142ymstoku. Mi\u0142o nam poinformowa\u0107, \u017ce otrzymali\u015bmy wyr\u00f3\u017cnienie i puchar za <strong>najciekawsz\u0105 prezentacj\u0119 uczelni<\/strong>. Dzi\u0119kujemy wszystkim uczestnikom targ\u00f3w za zainteresowanie nasz\u0105 ofert\u0105 edukacyjn\u0105 i zapraszamy do odwiedzania nas.<\/p>\n","protected":false},"excerpt":{"rendered":"<p>W dniu 25-02-2020 r. uczestniczyli\u015bmy w Prezentacjach Edukacyjno \u2013 Doradczych \u201eUczelnie w powiecie\u201d &#8211; odwiedzili\u015bmy Sok\u00f3\u0142k\u0119. &#8220;Uczelnie w powiecie&#8221; to impreza kierowana do uczni\u00f3w szk\u00f3\u0142 ponadpodstawowych, g\u0142\u00f3wnie maturzyst\u00f3w, dostarczaj\u0105ca wyczerpuj\u0105cej <a href=\"https:\/\/physics.uwb.edu.pl\/wf\/?page_id=10662\" class=\"more-link\">[&hellip;]<\/a><\/p>\n","protected":false},"author":5,"featured_media":10663,"parent":2744,"menu_order":0,"comment_status":"closed","ping_status":"closed","template":"","meta":{"ngg_post_thumbnail":0,"Layout":"1c","footnotes":""},"categories":[131,35],"tags":[],"class_list":["entry","author-gawryl","post-10662","page","type-page","status-publish","has-post-thumbnail","category-galeria_foto","category-popularyzacja_pl"],"jetpack_sharing_enabled":true,"jetpack_shortlink":"https:\/\/wp.me\/P7nvcn-2LY","_links":{"self":[{"href":"https:\/\/physics.uwb.edu.pl\/wf\/index.php?rest_route=\/wp\/v2\/pages\/10662","targetHints":{"allow":["GET"]}}],"collection":[{"href":"https:\/\/physics.uwb.edu.pl\/wf\/index.php?rest_route=\/wp\/v2\/pages"}],"about":[{"href":"https:\/\/physics.uwb.edu.pl\/wf\/index.php?rest_route=\/wp\/v2\/types\/page"}],"author":[{"embeddable":true,"href":"https:\/\/physics.uwb.edu.pl\/wf\/index.php?rest_route=\/wp\/v2\/users\/5"}],"replies":[{"embeddable":true,"href":"https:\/\/physics.uwb.edu.pl\/wf\/index.php?rest_route=%2Fwp%2Fv2%2Fcomments&post=10662"}],"version-history":[{"count":2,"href":"https:\/\/physics.uwb.edu.pl\/wf\/index.php?rest_route=\/wp\/v2\/pages\/10662\/revisions"}],"predecessor-version":[{"id":10690,"href":"https:\/\/physics.uwb.edu.pl\/wf\/index.php?rest_route=\/wp\/v2\/pages\/10662\/revisions\/10690"}],"up":[{"embeddable":true,"href":"https:\/\/physics.uwb.edu.pl\/wf\/index.php?rest_route=\/wp\/v2\/pages\/2744"}],"wp:featuredmedia":[{"embeddable":true,"href":"https:\/\/physics.uwb.edu.pl\/wf\/index.php?rest_route=\/wp\/v2\/media\/10663"}],"wp:attachment":[{"href":"https:\/\/physics.uwb.edu.pl\/wf\/index.php?rest_route=%2Fwp%2Fv2%2Fmedia&parent=10662"}],"wp:term":[{"taxonomy":"category","embeddable":true,"href":"https:\/\/physics.uwb.edu.pl\/wf\/index.php?rest_route=%2Fwp%2Fv2%2Fcategories&post=10662"},{"taxonomy":"post_tag","embeddable":true,"href":"https:\/\/physics.uwb.edu.pl\/wf\/index.php?rest_route=%2Fwp%2Fv2%2Ftags&post=10662"}],"curies":[{"name":"wp","href":"https:\/\/api.w.org\/{rel}","templated":true}]}}