{"id":10683,"date":"2020-03-03T10:35:45","date_gmt":"2020-03-03T09:35:45","guid":{"rendered":"http:\/\/physics.uwb.edu.pl\/wf\/?page_id=10683"},"modified":"2020-03-03T10:35:45","modified_gmt":"2020-03-03T09:35:45","slug":"wydzial-fizyki-uwb-uruchamia-studia-doktoranckie-2-3","status":"publish","type":"page","link":"https:\/\/physics.uwb.edu.pl\/wf\/?page_id=10683","title":{"rendered":"Szko\u0142a Doktorska Nauk \u015acis\u0142ych i Przyrodniczych"},"content":{"rendered":"<div class=\"body\">\n<p>Szanowni Pa\u0144stwo,<br \/>\nZach\u0119cam do zapoznania si\u0119 z informacjami dotycz\u0105cymi Szko\u0142y Doktorskiej Nauk \u015acis\u0142ych i Przyrodniczych Uniwersytetu w Bia\u0142ymstoku, dost\u0119pnymi w nowej zak\u0142adce na stronie internetowej naszego Uniwersytetu: <a href=\"https:\/\/uwb.edu.pl\/aktualnosci-4444\" target=\"_blank\" rel=\"noopener noreferrer\">https:\/\/uwb.edu.pl\/aktualnosci-4444<\/a><\/p>\n<p>&nbsp;<\/p>\n<p>dr hab. Monika Naumowicz, prof. UwB<\/p>\n<p>Dyrektor Szko\u0142y Doktorskiej Nauk \u015acis\u0142ych i Przyrodniczych<br \/>\nUniwersytetu w Bia\u0142ymstoku<\/p>\n<\/div>\n","protected":false},"excerpt":{"rendered":"<p>Szanowni Pa\u0144stwo, Zach\u0119cam do zapoznania si\u0119 z informacjami dotycz\u0105cymi Szko\u0142y Doktorskiej Nauk \u015acis\u0142ych i Przyrodniczych Uniwersytetu w Bia\u0142ymstoku, dost\u0119pnymi w nowej zak\u0142adce na stronie internetowej naszego Uniwersytetu: https:\/\/uwb.edu.pl\/aktualnosci-4444 &nbsp; dr <a href=\"https:\/\/physics.uwb.edu.pl\/wf\/?page_id=10683\" class=\"more-link\">[&hellip;]<\/a><\/p>\n","protected":false},"author":14,"featured_media":9925,"parent":713,"menu_order":0,"comment_status":"closed","ping_status":"closed","template":"","meta":{"ngg_post_thumbnail":0,"Layout":"","footnotes":""},"categories":[],"tags":[],"class_list":["entry","author-ulag","post-10683","page","type-page","status-publish","has-post-thumbnail"],"jetpack_sharing_enabled":true,"jetpack_shortlink":"https:\/\/wp.me\/P7nvcn-2Mj","_links":{"self":[{"href":"https:\/\/physics.uwb.edu.pl\/wf\/index.php?rest_route=\/wp\/v2\/pages\/10683","targetHints":{"allow":["GET"]}}],"collection":[{"href":"https:\/\/physics.uwb.edu.pl\/wf\/index.php?rest_route=\/wp\/v2\/pages"}],"about":[{"href":"https:\/\/physics.uwb.edu.pl\/wf\/index.php?rest_route=\/wp\/v2\/types\/page"}],"author":[{"embeddable":true,"href":"https:\/\/physics.uwb.edu.pl\/wf\/index.php?rest_route=\/wp\/v2\/users\/14"}],"replies":[{"embeddable":true,"href":"https:\/\/physics.uwb.edu.pl\/wf\/index.php?rest_route=%2Fwp%2Fv2%2Fcomments&post=10683"}],"version-history":[{"count":1,"href":"https:\/\/physics.uwb.edu.pl\/wf\/index.php?rest_route=\/wp\/v2\/pages\/10683\/revisions"}],"predecessor-version":[{"id":10684,"href":"https:\/\/physics.uwb.edu.pl\/wf\/index.php?rest_route=\/wp\/v2\/pages\/10683\/revisions\/10684"}],"up":[{"embeddable":true,"href":"https:\/\/physics.uwb.edu.pl\/wf\/index.php?rest_route=\/wp\/v2\/pages\/713"}],"wp:featuredmedia":[{"embeddable":true,"href":"https:\/\/physics.uwb.edu.pl\/wf\/index.php?rest_route=\/wp\/v2\/media\/9925"}],"wp:attachment":[{"href":"https:\/\/physics.uwb.edu.pl\/wf\/index.php?rest_route=%2Fwp%2Fv2%2Fmedia&parent=10683"}],"wp:term":[{"taxonomy":"category","embeddable":true,"href":"https:\/\/physics.uwb.edu.pl\/wf\/index.php?rest_route=%2Fwp%2Fv2%2Fcategories&post=10683"},{"taxonomy":"post_tag","embeddable":true,"href":"https:\/\/physics.uwb.edu.pl\/wf\/index.php?rest_route=%2Fwp%2Fv2%2Ftags&post=10683"}],"curies":[{"name":"wp","href":"https:\/\/api.w.org\/{rel}","templated":true}]}}