{"id":10685,"date":"2020-03-03T13:07:36","date_gmt":"2020-03-03T12:07:36","guid":{"rendered":"http:\/\/physics.uwb.edu.pl\/wf\/?page_id=10685"},"modified":"2020-06-08T09:40:31","modified_gmt":"2020-06-08T07:40:31","slug":"east-games-united-2-2-3-4-2-2","status":"publish","type":"page","link":"https:\/\/physics.uwb.edu.pl\/wf\/?page_id=10685","title":{"rendered":"Prezentacje Edukacyjno \u2013 Doradcze \u201eUczelnie w powiecie\u201d &#8212; Zambr\u00f3w"},"content":{"rendered":"<p>W dniu 03-03-2020 r. uczestniczyli\u015bmy w Prezentacjach Edukacyjno \u2013 Doradczych \u201eUczelnie w powiecie\u201d &#8211; odwiedzili\u015bmy Zambr\u00f3w.<\/p>\n<p>&#8220;Uczelnie w powiecie&#8221; to impreza kierowana do uczni\u00f3w szk\u00f3\u0142 ponadpodstawowych, g\u0142\u00f3wnie maturzyst\u00f3w, dostarczaj\u0105ca wyczerpuj\u0105cej informacji o warunkach i mo\u017cliwo\u015bciach kontynuowania nauki po uko\u0144czeniu szko\u0142y \u015bredniej. Na stoisku Wydzia\u0142u Fizyki UwB mo\u017cna by\u0142o obejrze\u0107 proste &#8220;zabawki&#8221; elektroniczne, kt\u00f3re zaprojektowali, zrobili i zaprogramowali sami studenci naszego Wydzia\u0142u.&nbsp;<\/p>\n<p><img loading=\"lazy\" decoding=\"async\" class=\"alignnone size-large wp-image-10686\" src=\"http:\/\/physics.uwb.edu.pl\/wf\/wp-content\/uploads\/2020\/03\/20200303_110209-1024x768.jpg\" alt=\"\" width=\"1024\" height=\"768\" srcset=\"https:\/\/physics.uwb.edu.pl\/wf\/wp-content\/uploads\/2020\/03\/20200303_110209-1024x768.jpg 1024w, https:\/\/physics.uwb.edu.pl\/wf\/wp-content\/uploads\/2020\/03\/20200303_110209-300x225.jpg 300w, https:\/\/physics.uwb.edu.pl\/wf\/wp-content\/uploads\/2020\/03\/20200303_110209-150x113.jpg 150w, https:\/\/physics.uwb.edu.pl\/wf\/wp-content\/uploads\/2020\/03\/20200303_110209-1536x1152.jpg 1536w, https:\/\/physics.uwb.edu.pl\/wf\/wp-content\/uploads\/2020\/03\/20200303_110209-2048x1536.jpg 2048w, https:\/\/physics.uwb.edu.pl\/wf\/wp-content\/uploads\/2020\/03\/20200303_110209-175x131.jpg 175w, https:\/\/physics.uwb.edu.pl\/wf\/wp-content\/uploads\/2020\/03\/20200303_110209-667x500.jpg 667w\" sizes=\"auto, (max-width: 1024px) 100vw, 1024px\" \/><\/p>\n<p><img loading=\"lazy\" decoding=\"async\" class=\"alignnone size-large wp-image-10687\" src=\"http:\/\/physics.uwb.edu.pl\/wf\/wp-content\/uploads\/2020\/03\/20200303_110143-1024x768.jpg\" alt=\"\" width=\"1024\" height=\"768\" srcset=\"https:\/\/physics.uwb.edu.pl\/wf\/wp-content\/uploads\/2020\/03\/20200303_110143-1024x768.jpg 1024w, https:\/\/physics.uwb.edu.pl\/wf\/wp-content\/uploads\/2020\/03\/20200303_110143-300x225.jpg 300w, https:\/\/physics.uwb.edu.pl\/wf\/wp-content\/uploads\/2020\/03\/20200303_110143-150x113.jpg 150w, https:\/\/physics.uwb.edu.pl\/wf\/wp-content\/uploads\/2020\/03\/20200303_110143-1536x1152.jpg 1536w, https:\/\/physics.uwb.edu.pl\/wf\/wp-content\/uploads\/2020\/03\/20200303_110143-2048x1536.jpg 2048w, https:\/\/physics.uwb.edu.pl\/wf\/wp-content\/uploads\/2020\/03\/20200303_110143-175x131.jpg 175w, https:\/\/physics.uwb.edu.pl\/wf\/wp-content\/uploads\/2020\/03\/20200303_110143-667x500.jpg 667w\" sizes=\"auto, (max-width: 1024px) 100vw, 1024px\" \/><\/p>\n<p>Stoisko informacyjne Wydzia\u0142u Fizyki obs\u0142ugiwa\u0142 mgr Antoni Frej&nbsp; (doktorant 1-szego roku), kt\u00f3ry przedstawia\u0142 ofert\u0119 edukacyjn\u0105 Wydzia\u0142u Fizyki. Wyjazd wsp\u00f3lny z Dzia\u0142em Rekrutacji UwB oraz pracownikami Wydzia\u0142u Prawa UwB.<\/p>\n","protected":false},"excerpt":{"rendered":"<p>W dniu 03-03-2020 r. uczestniczyli\u015bmy w Prezentacjach Edukacyjno \u2013 Doradczych \u201eUczelnie w powiecie\u201d &#8211; odwiedzili\u015bmy Zambr\u00f3w. &#8220;Uczelnie w powiecie&#8221; to impreza kierowana do uczni\u00f3w szk\u00f3\u0142 ponadpodstawowych, g\u0142\u00f3wnie maturzyst\u00f3w, dostarczaj\u0105ca wyczerpuj\u0105cej <a href=\"https:\/\/physics.uwb.edu.pl\/wf\/?page_id=10685\" class=\"more-link\">[&hellip;]<\/a><\/p>\n","protected":false},"author":5,"featured_media":10687,"parent":2744,"menu_order":0,"comment_status":"closed","ping_status":"closed","template":"","meta":{"ngg_post_thumbnail":0,"Layout":"1c","footnotes":""},"categories":[131,35],"tags":[],"class_list":["entry","author-gawryl","post-10685","page","type-page","status-publish","has-post-thumbnail","category-galeria_foto","category-popularyzacja_pl"],"jetpack_sharing_enabled":true,"jetpack_shortlink":"https:\/\/wp.me\/P7nvcn-2Ml","_links":{"self":[{"href":"https:\/\/physics.uwb.edu.pl\/wf\/index.php?rest_route=\/wp\/v2\/pages\/10685","targetHints":{"allow":["GET"]}}],"collection":[{"href":"https:\/\/physics.uwb.edu.pl\/wf\/index.php?rest_route=\/wp\/v2\/pages"}],"about":[{"href":"https:\/\/physics.uwb.edu.pl\/wf\/index.php?rest_route=\/wp\/v2\/types\/page"}],"author":[{"embeddable":true,"href":"https:\/\/physics.uwb.edu.pl\/wf\/index.php?rest_route=\/wp\/v2\/users\/5"}],"replies":[{"embeddable":true,"href":"https:\/\/physics.uwb.edu.pl\/wf\/index.php?rest_route=%2Fwp%2Fv2%2Fcomments&post=10685"}],"version-history":[{"count":4,"href":"https:\/\/physics.uwb.edu.pl\/wf\/index.php?rest_route=\/wp\/v2\/pages\/10685\/revisions"}],"predecessor-version":[{"id":11166,"href":"https:\/\/physics.uwb.edu.pl\/wf\/index.php?rest_route=\/wp\/v2\/pages\/10685\/revisions\/11166"}],"up":[{"embeddable":true,"href":"https:\/\/physics.uwb.edu.pl\/wf\/index.php?rest_route=\/wp\/v2\/pages\/2744"}],"wp:featuredmedia":[{"embeddable":true,"href":"https:\/\/physics.uwb.edu.pl\/wf\/index.php?rest_route=\/wp\/v2\/media\/10687"}],"wp:attachment":[{"href":"https:\/\/physics.uwb.edu.pl\/wf\/index.php?rest_route=%2Fwp%2Fv2%2Fmedia&parent=10685"}],"wp:term":[{"taxonomy":"category","embeddable":true,"href":"https:\/\/physics.uwb.edu.pl\/wf\/index.php?rest_route=%2Fwp%2Fv2%2Fcategories&post=10685"},{"taxonomy":"post_tag","embeddable":true,"href":"https:\/\/physics.uwb.edu.pl\/wf\/index.php?rest_route=%2Fwp%2Fv2%2Ftags&post=10685"}],"curies":[{"name":"wp","href":"https:\/\/api.w.org\/{rel}","templated":true}]}}