{"id":10691,"date":"2020-03-04T15:32:45","date_gmt":"2020-03-04T14:32:45","guid":{"rendered":"http:\/\/physics.uwb.edu.pl\/wf\/?page_id=10691"},"modified":"2020-03-04T15:32:45","modified_gmt":"2020-03-04T14:32:45","slug":"east-games-united-2-2-3-4-2-2-2","status":"publish","type":"page","link":"https:\/\/physics.uwb.edu.pl\/wf\/?page_id=10691","title":{"rendered":"Prezentacje Edukacyjno \u2013 Doradcze \u201eUczelnie w powiecie\u201d &#8212; Grajewo"},"content":{"rendered":"<p>W dniu 04-03-2020 r. uczestniczyli\u015bmy w Prezentacjach Edukacyjno \u2013 Doradczych \u201eUczelnie w powiecie\u201d &#8211; odwiedzili\u015bmy Grajewo.<\/p>\n<p>&#8220;Uczelnie w powiecie&#8221; to impreza kierowana do uczni\u00f3w szk\u00f3\u0142 ponadpodstawowych, g\u0142\u00f3wnie maturzyst\u00f3w, dostarczaj\u0105ca wyczerpuj\u0105cej informacji o warunkach i mo\u017cliwo\u015bciach kontynuowania nauki po uko\u0144czeniu szko\u0142y \u015bredniej. Na stoisku Wydzia\u0142u Fizyki UwB mo\u017cna by\u0142o obejrze\u0107 proste &#8220;zabawki&#8221; elektroniczne, kt\u00f3re zaprojektowali, zrobili i zaprogramowali sami studenci naszego Wydzia\u0142u.&nbsp;<br \/>\n<img loading=\"lazy\" decoding=\"async\" class=\"alignnone size-large wp-image-10692\" src=\"http:\/\/physics.uwb.edu.pl\/wf\/wp-content\/uploads\/2020\/03\/IMG_20200304_100126-1024x768.jpg\" alt=\"\" width=\"1024\" height=\"768\" srcset=\"https:\/\/physics.uwb.edu.pl\/wf\/wp-content\/uploads\/2020\/03\/IMG_20200304_100126-1024x768.jpg 1024w, https:\/\/physics.uwb.edu.pl\/wf\/wp-content\/uploads\/2020\/03\/IMG_20200304_100126-300x225.jpg 300w, https:\/\/physics.uwb.edu.pl\/wf\/wp-content\/uploads\/2020\/03\/IMG_20200304_100126-150x113.jpg 150w, https:\/\/physics.uwb.edu.pl\/wf\/wp-content\/uploads\/2020\/03\/IMG_20200304_100126-1536x1152.jpg 1536w, https:\/\/physics.uwb.edu.pl\/wf\/wp-content\/uploads\/2020\/03\/IMG_20200304_100126-2048x1536.jpg 2048w, https:\/\/physics.uwb.edu.pl\/wf\/wp-content\/uploads\/2020\/03\/IMG_20200304_100126-175x131.jpg 175w, https:\/\/physics.uwb.edu.pl\/wf\/wp-content\/uploads\/2020\/03\/IMG_20200304_100126-667x500.jpg 667w\" sizes=\"auto, (max-width: 1024px) 100vw, 1024px\" \/><br \/>\n<img loading=\"lazy\" decoding=\"async\" class=\"alignnone size-large wp-image-10693\" src=\"http:\/\/physics.uwb.edu.pl\/wf\/wp-content\/uploads\/2020\/03\/IMG_20200304_125726-1024x768.jpg\" alt=\"\" width=\"1024\" height=\"768\" srcset=\"https:\/\/physics.uwb.edu.pl\/wf\/wp-content\/uploads\/2020\/03\/IMG_20200304_125726-1024x768.jpg 1024w, https:\/\/physics.uwb.edu.pl\/wf\/wp-content\/uploads\/2020\/03\/IMG_20200304_125726-300x225.jpg 300w, https:\/\/physics.uwb.edu.pl\/wf\/wp-content\/uploads\/2020\/03\/IMG_20200304_125726-150x113.jpg 150w, https:\/\/physics.uwb.edu.pl\/wf\/wp-content\/uploads\/2020\/03\/IMG_20200304_125726-1536x1152.jpg 1536w, https:\/\/physics.uwb.edu.pl\/wf\/wp-content\/uploads\/2020\/03\/IMG_20200304_125726-2048x1536.jpg 2048w, https:\/\/physics.uwb.edu.pl\/wf\/wp-content\/uploads\/2020\/03\/IMG_20200304_125726-175x131.jpg 175w, https:\/\/physics.uwb.edu.pl\/wf\/wp-content\/uploads\/2020\/03\/IMG_20200304_125726-667x500.jpg 667w\" sizes=\"auto, (max-width: 1024px) 100vw, 1024px\" \/><\/p>\n<p>Stoisko informacyjne Wydzia\u0142u Fizyki obs\u0142ugiwa\u0142 dr Marek Brancewicz, kt\u00f3ry razem z Dzia\u0142em Rekrutacji UwB przedstawia\u0142&nbsp; Wydzia\u0142 Fizyki. Wyjazd wsp\u00f3lny z dzia\u0142em Rekrutacji UwB oraz przedstawicielami Wydzia\u0142u Prawa i Wydzia\u0142u Informatyki.<\/p>\n","protected":false},"excerpt":{"rendered":"<p>W dniu 04-03-2020 r. uczestniczyli\u015bmy w Prezentacjach Edukacyjno \u2013 Doradczych \u201eUczelnie w powiecie\u201d &#8211; odwiedzili\u015bmy Grajewo. &#8220;Uczelnie w powiecie&#8221; to impreza kierowana do uczni\u00f3w szk\u00f3\u0142 ponadpodstawowych, g\u0142\u00f3wnie maturzyst\u00f3w, dostarczaj\u0105ca wyczerpuj\u0105cej <a href=\"https:\/\/physics.uwb.edu.pl\/wf\/?page_id=10691\" class=\"more-link\">[&hellip;]<\/a><\/p>\n","protected":false},"author":5,"featured_media":10692,"parent":2744,"menu_order":0,"comment_status":"closed","ping_status":"closed","template":"","meta":{"ngg_post_thumbnail":0,"Layout":"1c","footnotes":""},"categories":[131,35],"tags":[],"class_list":["entry","author-gawryl","post-10691","page","type-page","status-publish","has-post-thumbnail","category-galeria_foto","category-popularyzacja_pl"],"jetpack_sharing_enabled":true,"jetpack_shortlink":"https:\/\/wp.me\/P7nvcn-2Mr","_links":{"self":[{"href":"https:\/\/physics.uwb.edu.pl\/wf\/index.php?rest_route=\/wp\/v2\/pages\/10691","targetHints":{"allow":["GET"]}}],"collection":[{"href":"https:\/\/physics.uwb.edu.pl\/wf\/index.php?rest_route=\/wp\/v2\/pages"}],"about":[{"href":"https:\/\/physics.uwb.edu.pl\/wf\/index.php?rest_route=\/wp\/v2\/types\/page"}],"author":[{"embeddable":true,"href":"https:\/\/physics.uwb.edu.pl\/wf\/index.php?rest_route=\/wp\/v2\/users\/5"}],"replies":[{"embeddable":true,"href":"https:\/\/physics.uwb.edu.pl\/wf\/index.php?rest_route=%2Fwp%2Fv2%2Fcomments&post=10691"}],"version-history":[{"count":1,"href":"https:\/\/physics.uwb.edu.pl\/wf\/index.php?rest_route=\/wp\/v2\/pages\/10691\/revisions"}],"predecessor-version":[{"id":10694,"href":"https:\/\/physics.uwb.edu.pl\/wf\/index.php?rest_route=\/wp\/v2\/pages\/10691\/revisions\/10694"}],"up":[{"embeddable":true,"href":"https:\/\/physics.uwb.edu.pl\/wf\/index.php?rest_route=\/wp\/v2\/pages\/2744"}],"wp:featuredmedia":[{"embeddable":true,"href":"https:\/\/physics.uwb.edu.pl\/wf\/index.php?rest_route=\/wp\/v2\/media\/10692"}],"wp:attachment":[{"href":"https:\/\/physics.uwb.edu.pl\/wf\/index.php?rest_route=%2Fwp%2Fv2%2Fmedia&parent=10691"}],"wp:term":[{"taxonomy":"category","embeddable":true,"href":"https:\/\/physics.uwb.edu.pl\/wf\/index.php?rest_route=%2Fwp%2Fv2%2Fcategories&post=10691"},{"taxonomy":"post_tag","embeddable":true,"href":"https:\/\/physics.uwb.edu.pl\/wf\/index.php?rest_route=%2Fwp%2Fv2%2Ftags&post=10691"}],"curies":[{"name":"wp","href":"https:\/\/api.w.org\/{rel}","templated":true}]}}