{"id":10706,"date":"2020-03-05T09:06:57","date_gmt":"2020-03-05T08:06:57","guid":{"rendered":"http:\/\/physics.uwb.edu.pl\/wf\/?page_id=10706"},"modified":"2020-03-09T09:37:34","modified_gmt":"2020-03-09T08:37:34","slug":"east-games-united-2-2-3-4-2-2-2-2","status":"publish","type":"page","link":"https:\/\/physics.uwb.edu.pl\/wf\/?page_id=10706","title":{"rendered":"Prezentacje Edukacyjno \u2013 Doradcze \u201eUczelnie w powiecie\u201d &#8212; E\u0142k"},"content":{"rendered":"<p>W dniu 05-03-2020 r. uczestniczyli\u015bmy w Prezentacjach Edukacyjno \u2013 Doradczych \u201eUczelnie w powiecie\u201d &#8211; odwiedzili\u015bmy E\u0142k.<\/p>\n<p>&#8220;Uczelnie w powiecie&#8221; to impreza kierowana do uczni\u00f3w szk\u00f3\u0142 ponadpodstawowych, g\u0142\u00f3wnie maturzyst\u00f3w, dostarczaj\u0105ca wyczerpuj\u0105cej informacji o warunkach i mo\u017cliwo\u015bciach kontynuowania nauki po uko\u0144czeniu szko\u0142y \u015bredniej. Na stoisku Wydzia\u0142u Fizyki UwB mo\u017cna by\u0142o obejrze\u0107 proste &#8220;zabawki&#8221; elektroniczne, kt\u00f3re zaprojektowali, zrobili i zaprogramowali sami studenci naszego Wydzia\u0142u.&nbsp;<\/p>\n<p><img loading=\"lazy\" decoding=\"async\" class=\"alignnone size-large wp-image-10707\" src=\"http:\/\/physics.uwb.edu.pl\/wf\/wp-content\/uploads\/2020\/03\/20200305_094449-1024x576.jpg\" alt=\"\" width=\"1024\" height=\"576\" srcset=\"https:\/\/physics.uwb.edu.pl\/wf\/wp-content\/uploads\/2020\/03\/20200305_094449-1024x576.jpg 1024w, https:\/\/physics.uwb.edu.pl\/wf\/wp-content\/uploads\/2020\/03\/20200305_094449-300x169.jpg 300w, https:\/\/physics.uwb.edu.pl\/wf\/wp-content\/uploads\/2020\/03\/20200305_094449-150x84.jpg 150w, https:\/\/physics.uwb.edu.pl\/wf\/wp-content\/uploads\/2020\/03\/20200305_094449-1536x864.jpg 1536w, https:\/\/physics.uwb.edu.pl\/wf\/wp-content\/uploads\/2020\/03\/20200305_094449-2048x1152.jpg 2048w, https:\/\/physics.uwb.edu.pl\/wf\/wp-content\/uploads\/2020\/03\/20200305_094449-889x500.jpg 889w\" sizes=\"auto, (max-width: 1024px) 100vw, 1024px\" \/><br \/>\n<img loading=\"lazy\" decoding=\"async\" class=\"alignnone size-large wp-image-10708\" src=\"http:\/\/physics.uwb.edu.pl\/wf\/wp-content\/uploads\/2020\/03\/20200305_120435-1024x576.jpg\" alt=\"\" width=\"1024\" height=\"576\" srcset=\"https:\/\/physics.uwb.edu.pl\/wf\/wp-content\/uploads\/2020\/03\/20200305_120435-1024x576.jpg 1024w, https:\/\/physics.uwb.edu.pl\/wf\/wp-content\/uploads\/2020\/03\/20200305_120435-300x169.jpg 300w, https:\/\/physics.uwb.edu.pl\/wf\/wp-content\/uploads\/2020\/03\/20200305_120435-150x84.jpg 150w, https:\/\/physics.uwb.edu.pl\/wf\/wp-content\/uploads\/2020\/03\/20200305_120435-1536x864.jpg 1536w, https:\/\/physics.uwb.edu.pl\/wf\/wp-content\/uploads\/2020\/03\/20200305_120435-2048x1152.jpg 2048w, https:\/\/physics.uwb.edu.pl\/wf\/wp-content\/uploads\/2020\/03\/20200305_120435-889x500.jpg 889w\" sizes=\"auto, (max-width: 1024px) 100vw, 1024px\" \/><\/p>\n<p>Stoisko informacyjne Wydzia\u0142u Fizyki mia\u0142 pod swoj\u0105 opiek\u0105 mgr Micha\u0142 Miszczy\u0144ski (doktorant), kt\u00f3ry razem z Dzia\u0142em Rekrutacji promowa\u0142 nasz Wydzia\u0142 i ca\u0142\u0105 uczelni\u0119.<\/p>\n","protected":false},"excerpt":{"rendered":"<p>W dniu 05-03-2020 r. uczestniczyli\u015bmy w Prezentacjach Edukacyjno \u2013 Doradczych \u201eUczelnie w powiecie\u201d &#8211; odwiedzili\u015bmy E\u0142k. &#8220;Uczelnie w powiecie&#8221; to impreza kierowana do uczni\u00f3w szk\u00f3\u0142 ponadpodstawowych, g\u0142\u00f3wnie maturzyst\u00f3w, dostarczaj\u0105ca wyczerpuj\u0105cej <a href=\"https:\/\/physics.uwb.edu.pl\/wf\/?page_id=10706\" class=\"more-link\">[&hellip;]<\/a><\/p>\n","protected":false},"author":5,"featured_media":10707,"parent":2744,"menu_order":0,"comment_status":"closed","ping_status":"closed","template":"","meta":{"ngg_post_thumbnail":0,"Layout":"1c","footnotes":""},"categories":[131,35],"tags":[],"class_list":["entry","author-gawryl","post-10706","page","type-page","status-publish","has-post-thumbnail","category-galeria_foto","category-popularyzacja_pl"],"jetpack_sharing_enabled":true,"jetpack_shortlink":"https:\/\/wp.me\/P7nvcn-2MG","_links":{"self":[{"href":"https:\/\/physics.uwb.edu.pl\/wf\/index.php?rest_route=\/wp\/v2\/pages\/10706","targetHints":{"allow":["GET"]}}],"collection":[{"href":"https:\/\/physics.uwb.edu.pl\/wf\/index.php?rest_route=\/wp\/v2\/pages"}],"about":[{"href":"https:\/\/physics.uwb.edu.pl\/wf\/index.php?rest_route=\/wp\/v2\/types\/page"}],"author":[{"embeddable":true,"href":"https:\/\/physics.uwb.edu.pl\/wf\/index.php?rest_route=\/wp\/v2\/users\/5"}],"replies":[{"embeddable":true,"href":"https:\/\/physics.uwb.edu.pl\/wf\/index.php?rest_route=%2Fwp%2Fv2%2Fcomments&post=10706"}],"version-history":[{"count":1,"href":"https:\/\/physics.uwb.edu.pl\/wf\/index.php?rest_route=\/wp\/v2\/pages\/10706\/revisions"}],"predecessor-version":[{"id":10709,"href":"https:\/\/physics.uwb.edu.pl\/wf\/index.php?rest_route=\/wp\/v2\/pages\/10706\/revisions\/10709"}],"up":[{"embeddable":true,"href":"https:\/\/physics.uwb.edu.pl\/wf\/index.php?rest_route=\/wp\/v2\/pages\/2744"}],"wp:featuredmedia":[{"embeddable":true,"href":"https:\/\/physics.uwb.edu.pl\/wf\/index.php?rest_route=\/wp\/v2\/media\/10707"}],"wp:attachment":[{"href":"https:\/\/physics.uwb.edu.pl\/wf\/index.php?rest_route=%2Fwp%2Fv2%2Fmedia&parent=10706"}],"wp:term":[{"taxonomy":"category","embeddable":true,"href":"https:\/\/physics.uwb.edu.pl\/wf\/index.php?rest_route=%2Fwp%2Fv2%2Fcategories&post=10706"},{"taxonomy":"post_tag","embeddable":true,"href":"https:\/\/physics.uwb.edu.pl\/wf\/index.php?rest_route=%2Fwp%2Fv2%2Ftags&post=10706"}],"curies":[{"name":"wp","href":"https:\/\/api.w.org\/{rel}","templated":true}]}}