{"id":10722,"date":"2020-03-09T11:11:19","date_gmt":"2020-03-09T10:11:19","guid":{"rendered":"http:\/\/physics.uwb.edu.pl\/wf\/?page_id=10722"},"modified":"2020-03-09T11:26:30","modified_gmt":"2020-03-09T10:26:30","slug":"xiv-podlaski-festiwal-nauki-i-sztuki-3-2","status":"publish","type":"page","link":"https:\/\/physics.uwb.edu.pl\/wf\/?page_id=10722","title":{"rendered":"Marcowe spotkania z nauk\u0105 2020"},"content":{"rendered":"<p><img loading=\"lazy\" decoding=\"async\" class=\"alignnone wp-image-10723 size-large\" src=\"http:\/\/physics.uwb.edu.pl\/wf\/wp-content\/uploads\/2020\/03\/marcowe2020-1024x346.png\" alt=\"\" width=\"1024\" height=\"346\" srcset=\"https:\/\/physics.uwb.edu.pl\/wf\/wp-content\/uploads\/2020\/03\/marcowe2020-1024x346.png 1024w, https:\/\/physics.uwb.edu.pl\/wf\/wp-content\/uploads\/2020\/03\/marcowe2020-300x101.png 300w, https:\/\/physics.uwb.edu.pl\/wf\/wp-content\/uploads\/2020\/03\/marcowe2020-150x51.png 150w, https:\/\/physics.uwb.edu.pl\/wf\/wp-content\/uploads\/2020\/03\/marcowe2020-1536x520.png 1536w, https:\/\/physics.uwb.edu.pl\/wf\/wp-content\/uploads\/2020\/03\/marcowe2020-1025x347.png 1025w, https:\/\/physics.uwb.edu.pl\/wf\/wp-content\/uploads\/2020\/03\/marcowe2020.png 1753w\" sizes=\"auto, (max-width: 1024px) 100vw, 1024px\" \/><\/p>\n<p><strong>Co to takiego?&nbsp;<\/strong>To&nbsp;Dni&nbsp;Otwarte na Kampusie UwB &#8211; czyli zapraszamy na wydzia\u0142 Biologiczno-Chemiczny, Matematyki i Informatyki oraz na Wydzia\u0142 Fizyki. Nikt nie powie, \u017ce w takim uk\u0142adzie nie znajdzie czego\u015b dla siebie \ud83d\ude09<\/p>\n<p><strong>Kiedy?<\/strong> 20-21 marzec 2020. Pierwszy dzie\u0144 dla &#8220;uczni\u00f3w z nauczycielami&#8221;, drugi &#8211; dla &#8220;rodzin z dzie\u0107mi&#8221;.<\/p>\n<p><strong>Co si\u0119 b\u0119dzie dzia\u0107?&nbsp;<\/strong>Zapraszamy na<\/p>\n<p>1. Warsztaty (zaj\u0119cia laboratoryjne), w trakcie kt\u00f3rych uczestnicy b\u0119d\u0105 mogli zobaczy\u0107 oraz wykona\u0107 samodzielnie do\u015bwiadczenia pod czujnym okiem pracownik\u00f3w i student\u00f3w (30-45 min.).<br \/>\n2. Prezentacje i warsztaty stolikowe, gdzie b\u0119dzie mo\u017cna wykona\u0107 ciekawe eksperymenty lub zobaczy\u0107 eksponaty biologiczne oraz \u015bwiat ma\u0142ych zwierz\u0105t.<br \/>\n3. Wycieczki po Wydziale Chemii, Wydziale Biologii wraz z Uniwersyteckim Centrum Przyrodniczym, Wydziale Fizyki oraz Wydziale Matematyki i Instytucie Informatyki wraz z Uniwersyteckim Centrum Obliczeniowym, w trakcie kt\u00f3rych b\u0119dzie mo\u017cna zobaczy\u0107 laboratoria i unikaln\u0105 aparatur\u0119 naukowo-badawcz\u0105 oraz us\u0142ysze\u0107 o badaniach jakie s\u0105 tam prowadzone.<br \/>\n4. Chemiczne SHOW \u201eTurniej tr\u00f3jmagiczny \u2013 czyli jak chemicy radz\u0105 sobie z magi\u0105 (a mo\u017ce odwrotnie?)\u201d.<br \/>\n5. Wyk\u0142ady popularnonaukowe na tematy nurtuj\u0105ce nas wszystkich.<br \/>\n6. Chemiczne lody i dymi\u0105ce chrupki \u2013 dla odwa\u017cnych.<br \/>\n7. Konkursy oraz zabawy z nagrodami dla dzieci i doros\u0142ych z okazji&nbsp;<a href=\"http:\/\/www.ior.bialystok.pl\/s,podlaski-festiwal-zdrowia-roslin-w-ramach-obchodow-miedzynarodowego-roku-zdrowia-roslin-2020,89.html\">Mi\u0119dzynarodowego Roku Zdrowia Ro\u015blin.<\/a><br \/>\n8. Matematyczny \u201eEscape room\u201d i strefy gier.<br \/>\n9. Liczne atrakcje przygotowane przez sponsor\u00f3w i wystawc\u00f3w.<\/p>\n<p><strong>Rejestracja?<\/strong> Pocz\u0105tek rejestracji (przez www) od 9 marca 2020 r., od godz. 10:00<\/p>\n<p><strong>Wi\u0119cej informacji? <\/strong><strong><a href=\"http:\/\/dniotwarte.uwb.edu.pl\/\" target=\"_blank\" rel=\"noopener noreferrer\">http:\/\/dniotwarte.uwb.edu.pl\/<\/a><\/strong><\/p>\n","protected":false},"excerpt":{"rendered":"<p>Co to takiego?&nbsp;To&nbsp;Dni&nbsp;Otwarte na Kampusie UwB &#8211; czyli zapraszamy na wydzia\u0142 Biologiczno-Chemiczny, Matematyki i Informatyki oraz na Wydzia\u0142 Fizyki. Nikt nie powie, \u017ce w takim uk\u0142adzie nie znajdzie czego\u015b dla <a href=\"https:\/\/physics.uwb.edu.pl\/wf\/?page_id=10722\" class=\"more-link\">[&hellip;]<\/a><\/p>\n","protected":false},"author":5,"featured_media":10723,"parent":305,"menu_order":1,"comment_status":"closed","ping_status":"closed","template":"","meta":{"ngg_post_thumbnail":0,"Layout":"","footnotes":""},"categories":[35],"tags":[],"class_list":["entry","author-gawryl","post-10722","page","type-page","status-publish","has-post-thumbnail","category-popularyzacja_pl"],"jetpack_sharing_enabled":true,"jetpack_shortlink":"https:\/\/wp.me\/P7nvcn-2MW","_links":{"self":[{"href":"https:\/\/physics.uwb.edu.pl\/wf\/index.php?rest_route=\/wp\/v2\/pages\/10722","targetHints":{"allow":["GET"]}}],"collection":[{"href":"https:\/\/physics.uwb.edu.pl\/wf\/index.php?rest_route=\/wp\/v2\/pages"}],"about":[{"href":"https:\/\/physics.uwb.edu.pl\/wf\/index.php?rest_route=\/wp\/v2\/types\/page"}],"author":[{"embeddable":true,"href":"https:\/\/physics.uwb.edu.pl\/wf\/index.php?rest_route=\/wp\/v2\/users\/5"}],"replies":[{"embeddable":true,"href":"https:\/\/physics.uwb.edu.pl\/wf\/index.php?rest_route=%2Fwp%2Fv2%2Fcomments&post=10722"}],"version-history":[{"count":3,"href":"https:\/\/physics.uwb.edu.pl\/wf\/index.php?rest_route=\/wp\/v2\/pages\/10722\/revisions"}],"predecessor-version":[{"id":10729,"href":"https:\/\/physics.uwb.edu.pl\/wf\/index.php?rest_route=\/wp\/v2\/pages\/10722\/revisions\/10729"}],"up":[{"embeddable":true,"href":"https:\/\/physics.uwb.edu.pl\/wf\/index.php?rest_route=\/wp\/v2\/pages\/305"}],"wp:featuredmedia":[{"embeddable":true,"href":"https:\/\/physics.uwb.edu.pl\/wf\/index.php?rest_route=\/wp\/v2\/media\/10723"}],"wp:attachment":[{"href":"https:\/\/physics.uwb.edu.pl\/wf\/index.php?rest_route=%2Fwp%2Fv2%2Fmedia&parent=10722"}],"wp:term":[{"taxonomy":"category","embeddable":true,"href":"https:\/\/physics.uwb.edu.pl\/wf\/index.php?rest_route=%2Fwp%2Fv2%2Fcategories&post=10722"},{"taxonomy":"post_tag","embeddable":true,"href":"https:\/\/physics.uwb.edu.pl\/wf\/index.php?rest_route=%2Fwp%2Fv2%2Ftags&post=10722"}],"curies":[{"name":"wp","href":"https:\/\/api.w.org\/{rel}","templated":true}]}}