{"id":10741,"date":"2020-04-26T11:46:51","date_gmt":"2020-04-26T09:46:51","guid":{"rendered":"http:\/\/physics.uwb.edu.pl\/wf\/?page_id=10741"},"modified":"2020-04-26T13:43:41","modified_gmt":"2020-04-26T11:43:41","slug":"fizycy-uwb-zademonstrowali-nowa-ultraszybka-metode-zapisu-informacji-2-2-2-2-4-2-2-2-2-2-2","status":"publish","type":"page","link":"https:\/\/physics.uwb.edu.pl\/wf\/?page_id=10741","title":{"rendered":"Komunikaty o zawieszeniu zaj\u0119\u0107 dydaktycznych"},"content":{"rendered":"<div class=\"wcag-font-pre\">\n<div>\n<div class=\"wcag-font-pre\">\n<div class=\"article-event-date\"><strong>Z dn. 24\/04\/2020<\/strong><\/div>\n<div>&nbsp;<\/div>\n<div class=\"article-event-date\"><strong>W celu zapobiegania rozprzestrzenianiu si\u0119 choroby COVID-19, Jego Magnificencja Rektor prof. dr hab. Robert W. Ciborowski podj\u0105\u0142 decyzj\u0119 o:<\/strong><\/div>\n<\/div>\n<div class=\"wcag-font\">\n<ol>\n<li>przed\u0142u\u017ceniu&nbsp;<strong>zawieszenia zaj\u0119\u0107 dydaktycznych<\/strong>&nbsp;na Uniwersytecie w Bia\u0142ymstoku oraz&nbsp;<strong>kontynuowania zaj\u0119\u0107 w formie kszta\u0142cenia zdanego&nbsp;<\/strong>dla student\u00f3w, doktorant\u00f3w oraz s\u0142uchaczy studi\u00f3w podyplomowych&nbsp;<strong>do 24 maja 2020 r.,<\/strong><\/li>\n<li>przed\u0142u\u017ceniu terminu&nbsp;<strong>ograniczenia pracy na terenie uczelni&nbsp;do&nbsp;24 maja 2020 roku.<\/strong><\/li>\n<\/ol>\n<p>Dodatkowe, szczeg\u00f3\u0142owe wytyczne dotycz\u0105ce organizacji pracy dydaktycznej w UwB w bie\u017c\u0105cym semestrze zostan\u0105 przedstawione w kolejnym tygodniu.<\/p>\n<\/div>\n<div class=\"clearfix\">\n<hr>\n<\/div>\n<\/div>\n<div class=\"article-event-date\"><strong>Z dnia 09\/04\/2020<\/strong><\/div>\n<div>&nbsp;<\/div>\n<div class=\"article-event-date\"><strong>W celu zapobiegania rozprzestrzenianiu si\u0119 choroby COVID-19, Jego Magnificencja Rektor prof. dr hab. Robert W. Ciborowski podj\u0105\u0142 decyzj\u0119 o:<\/strong><\/div>\n<\/div>\n<div class=\"wcag-font\">\n<ol>\n<li>przed\u0142u\u017ceniu <strong>zawieszenia zaj\u0119\u0107 dydaktycznych<\/strong> na Uniwersytecie w Bia\u0142ymstoku oraz <strong>kontynuowania zaj\u0119\u0107 w formie kszta\u0142cenia zdanego <\/strong>dla student\u00f3w, doktorant\u00f3w oraz s\u0142uchaczy studi\u00f3w podyplomowych <strong>do 26 kwietnia 2020 r.,<\/strong><\/li>\n<li>przed\u0142u\u017ceniu terminu&nbsp;<strong>ograniczenia pracy na terenie uczelni&nbsp;do&nbsp;26 kwietnia 2020 roku.<\/strong><\/li>\n<\/ol>\n<\/div>\n<hr>\n<p><strong>Z dnia 23\/03\/2020<\/strong><\/p>\n<div class=\"wcag-font\">\n<p style=\"text-align: justify\"><strong>W zwi\u0105zku z decyzj\u0105 wiceprezesa Rady Ministr\u00f3w, ministra nauki i szkolnictwa wy\u017cszego Jaros\u0142awa Gowina, Jego Magnificencja Rektor prof. dr hab. Robert W. Ciborowski informuje o zawieszeniu zaj\u0119\u0107 dydaktycznych na Uniwersytecie w Bia\u0142ymstoku do 10 kwietnia 2020 r.&nbsp; <\/strong><\/p>\n<p style=\"text-align: justify\">Decyzja nie dotyczy pozosta\u0142ych aktywno\u015bci uczelni, w szczeg\u00f3lno\u015bci realizacji bada\u0144 naukowych, dzia\u0142alno\u015bci administracyjnej i organizacyjnej.<\/p>\n<p style=\"text-align: justify\">Jak poinformowa\u0142o Ministerstwo Nauki i Szkolnictwa Wy\u017cszego, w tym tygodniu zostanie wydane rozporz\u0105dzenie doprecyzowuj\u0105ce nowe ustalenia, przedstawione w sobot\u0119 przez wicepremiera Jaros\u0142awa Gowina. Stosownie do nich podejmowane b\u0119d\u0105 kolejne decyzje dotycz\u0105ce funkcjonowania UwB.<\/p>\n<hr>\n<\/div>\n<p><strong>Z dnia 12\/03\/2020<\/strong><\/p>\n<p style=\"text-align: justify\"><strong>W zwi\u0105zku z decyzj\u0105 wiceprezesa Rady Ministr\u00f3w, ministra nauki i szkolnictwa wy\u017cszego Jaros\u0142awa Gowina, Jego Magnificencja Rektor prof. dr hab. Robert W. Ciborowski informuje o zawieszeniu zaj\u0119\u0107 dydaktycznych na Uniwersytecie w Bia\u0142ymstoku od 12 do 25 marca, w tym zaj\u0119\u0107 realizowanych zdalnie.<\/strong><\/p>\n<p style=\"text-align: justify\">Decyzja nie dotyczy pozosta\u0142ych aktywno\u015bci uczelni, w szczeg\u00f3lno\u015bci realizacji bada\u0144 naukowych, dzia\u0142alno\u015bci administracyjnej i organizacyjnej.<\/p>\n","protected":false},"excerpt":{"rendered":"<p>Z dn. 24\/04\/2020 &nbsp; W celu zapobiegania rozprzestrzenianiu si\u0119 choroby COVID-19, Jego Magnificencja Rektor prof. dr hab. Robert W. Ciborowski podj\u0105\u0142 decyzj\u0119 o: przed\u0142u\u017ceniu&nbsp;zawieszenia zaj\u0119\u0107 dydaktycznych&nbsp;na Uniwersytecie w Bia\u0142ymstoku oraz&nbsp;kontynuowania <a href=\"https:\/\/physics.uwb.edu.pl\/wf\/?page_id=10741\" class=\"more-link\">[&hellip;]<\/a><\/p>\n","protected":false},"author":14,"featured_media":10742,"parent":713,"menu_order":0,"comment_status":"closed","ping_status":"closed","template":"","meta":{"ngg_post_thumbnail":0,"Layout":"1c","footnotes":""},"categories":[27,3],"tags":[],"class_list":["entry","author-ulag","post-10741","page","type-page","status-publish","has-post-thumbnail","category-post_news_pl","category-wydzialowe_pl"],"jetpack_sharing_enabled":true,"jetpack_shortlink":"https:\/\/wp.me\/P7nvcn-2Nf","_links":{"self":[{"href":"https:\/\/physics.uwb.edu.pl\/wf\/index.php?rest_route=\/wp\/v2\/pages\/10741","targetHints":{"allow":["GET"]}}],"collection":[{"href":"https:\/\/physics.uwb.edu.pl\/wf\/index.php?rest_route=\/wp\/v2\/pages"}],"about":[{"href":"https:\/\/physics.uwb.edu.pl\/wf\/index.php?rest_route=\/wp\/v2\/types\/page"}],"author":[{"embeddable":true,"href":"https:\/\/physics.uwb.edu.pl\/wf\/index.php?rest_route=\/wp\/v2\/users\/14"}],"replies":[{"embeddable":true,"href":"https:\/\/physics.uwb.edu.pl\/wf\/index.php?rest_route=%2Fwp%2Fv2%2Fcomments&post=10741"}],"version-history":[{"count":10,"href":"https:\/\/physics.uwb.edu.pl\/wf\/index.php?rest_route=\/wp\/v2\/pages\/10741\/revisions"}],"predecessor-version":[{"id":10999,"href":"https:\/\/physics.uwb.edu.pl\/wf\/index.php?rest_route=\/wp\/v2\/pages\/10741\/revisions\/10999"}],"up":[{"embeddable":true,"href":"https:\/\/physics.uwb.edu.pl\/wf\/index.php?rest_route=\/wp\/v2\/pages\/713"}],"wp:featuredmedia":[{"embeddable":true,"href":"https:\/\/physics.uwb.edu.pl\/wf\/index.php?rest_route=\/wp\/v2\/media\/10742"}],"wp:attachment":[{"href":"https:\/\/physics.uwb.edu.pl\/wf\/index.php?rest_route=%2Fwp%2Fv2%2Fmedia&parent=10741"}],"wp:term":[{"taxonomy":"category","embeddable":true,"href":"https:\/\/physics.uwb.edu.pl\/wf\/index.php?rest_route=%2Fwp%2Fv2%2Fcategories&post=10741"},{"taxonomy":"post_tag","embeddable":true,"href":"https:\/\/physics.uwb.edu.pl\/wf\/index.php?rest_route=%2Fwp%2Fv2%2Ftags&post=10741"}],"curies":[{"name":"wp","href":"https:\/\/api.w.org\/{rel}","templated":true}]}}