{"id":10857,"date":"2020-03-23T13:08:05","date_gmt":"2020-03-23T12:08:05","guid":{"rendered":"http:\/\/physics.uwb.edu.pl\/wf\/?page_id=10857"},"modified":"2020-04-02T09:56:26","modified_gmt":"2020-04-02T07:56:26","slug":"programy-i-plany-studiow-efekty-ksztalcenia-2","status":"publish","type":"page","link":"https:\/\/physics.uwb.edu.pl\/wf\/?page_id=10857","title":{"rendered":"E-learning"},"content":{"rendered":"<p style=\"text-align: center\"><a href=\"https:\/\/physics.uwb.edu.pl\/wf\/?page_id=10962\"><span style=\"font-size: 24px\"><strong>Prawa i obowi\u0105zki student\u00f3w\/ Students&#8217; rights and duties<\/strong><\/span><\/a><br \/>\n<em>(wyci\u0105g z rekomendacji MNiSW \/ extract with the recommendations of the ministry)<\/em><\/p>\n<p>&nbsp;<\/p>\n<p style=\"text-align: center\"><strong><span style=\"font-size: 24px\">E-konsultacje \/ Duty hours<br \/>\n<\/span><\/strong><em>Prosz\u0119 ustali\u0107 e-mail&#8217;owo z prowadz\u0105cym termin konsultacji. Konsultacje np. przez Zoom, Skype.<br \/>\nPlease, set up an e-mail with your teacher. Duty hours via e.g. Zoom, Skype.<br \/>\n<\/em><\/p>\n<p style=\"text-align: center\"><a href=\"https:\/\/physics.uwb.edu.pl\/wf\/?page_id=70\" target=\"_blank\" rel=\"noopener noreferrer\"><span style=\"font-size: 20px\">Lista pracownik\u00f3w z adresami e-mail \/ E-mail addresses of our staff<\/span><\/a><\/p>\n<p>&nbsp;<\/p>\n<p style=\"text-align: center\"><a href=\"https:\/\/physics.uwb.edu.pl\/wf\/?page_id=10966\"><strong><span style=\"font-size: 24px\">Kszta\u0142cenie zdalne na uczelniach<\/span><\/strong><\/a><br \/>\n<a href=\"https:\/\/www.gov.pl\/attachment\/847f5184-934d-43e6-b605-2ba3d1c4f491\"><em>(rekomendacje Ministerstwa Nauki i Szkolnictwa Wy\u017cszego &#8211; pdf)<\/em><\/a><\/p>\n<p>&nbsp;<\/p>\n<p style=\"text-align: center\"><strong><span style=\"font-size: 24px\">Platformy do prowadzenia nauczania na odleg\u0142o\u015b\u0107<br \/>\n<\/span><\/strong><\/p>\n<p style=\"text-align: center\"><span style=\"font-size: 20px\"><a href=\"https:\/\/blackboard.uwb.edu.pl\/\" target=\"_blank\" rel=\"noopener noreferrer\">Blackboard<\/a><\/span><\/p>\n<p style=\"text-align: center\"><a href=\"https:\/\/physics.uwb.edu.pl\/moodle\/login\/index.php\" target=\"_blank\" rel=\"noopener noreferrer\"><span style=\"font-size: 20px\">Moodle<\/span><\/a><\/p>\n<p>&nbsp;<\/p>\n<p style=\"text-align: center\"><strong><span style=\"font-size: 24px\">Instrukcje u\u017cywania komunikatora Zoom<br \/>\n<\/span><\/strong><\/p>\n<p class=\"font-headlines\" style=\"text-align: center\"><span style=\"font-size: 20px\"><a href=\"https:\/\/physics.uwb.edu.pl\/wf\/?page_id=10803\">E-learning w dobie walki z COVID-19<\/a><\/span><\/p>\n<p style=\"text-align: center\"><a href=\"https:\/\/www.youtube.com\/watch?v=r8XU7IEAFmY\" target=\"_blank\" rel=\"noopener noreferrer\"><span style=\"font-size: 20px\">Warsztaty z Zooma (youtube \u2193 )<\/span><\/a><\/p>\n<p style=\"text-align: center\"><span class=\"embed-youtube\" style=\"text-align:center; display: block;\"><iframe loading=\"lazy\" class=\"youtube-player\" width=\"1025\" height=\"577\" src=\"https:\/\/www.youtube.com\/embed\/r8XU7IEAFmY?version=3&#038;rel=1&#038;showsearch=0&#038;showinfo=1&#038;iv_load_policy=1&#038;fs=1&#038;hl=en-US&#038;autohide=2&#038;wmode=transparent\" allowfullscreen=\"true\" style=\"border:0;\" sandbox=\"allow-scripts allow-same-origin allow-popups allow-presentation allow-popups-to-escape-sandbox\"><\/iframe><\/span><\/p>\n","protected":false},"excerpt":{"rendered":"<p>Prawa i obowi\u0105zki student\u00f3w\/ Students&#8217; rights and duties (wyci\u0105g z rekomendacji MNiSW \/ extract with the recommendations of the ministry) &nbsp; E-konsultacje \/ Duty hours Prosz\u0119 ustali\u0107 e-mail&#8217;owo z prowadz\u0105cym <a href=\"https:\/\/physics.uwb.edu.pl\/wf\/?page_id=10857\" class=\"more-link\">[&hellip;]<\/a><\/p>\n","protected":false},"author":14,"featured_media":10865,"parent":38,"menu_order":2,"comment_status":"closed","ping_status":"closed","template":"","meta":{"ngg_post_thumbnail":0,"Layout":"1c","footnotes":""},"categories":[23],"tags":[],"class_list":["entry","author-ulag","post-10857","page","type-page","status-publish","has-post-thumbnail","category-student_pl"],"jetpack_sharing_enabled":true,"jetpack_shortlink":"https:\/\/wp.me\/P7nvcn-2P7","_links":{"self":[{"href":"https:\/\/physics.uwb.edu.pl\/wf\/index.php?rest_route=\/wp\/v2\/pages\/10857","targetHints":{"allow":["GET"]}}],"collection":[{"href":"https:\/\/physics.uwb.edu.pl\/wf\/index.php?rest_route=\/wp\/v2\/pages"}],"about":[{"href":"https:\/\/physics.uwb.edu.pl\/wf\/index.php?rest_route=\/wp\/v2\/types\/page"}],"author":[{"embeddable":true,"href":"https:\/\/physics.uwb.edu.pl\/wf\/index.php?rest_route=\/wp\/v2\/users\/14"}],"replies":[{"embeddable":true,"href":"https:\/\/physics.uwb.edu.pl\/wf\/index.php?rest_route=%2Fwp%2Fv2%2Fcomments&post=10857"}],"version-history":[{"count":20,"href":"https:\/\/physics.uwb.edu.pl\/wf\/index.php?rest_route=\/wp\/v2\/pages\/10857\/revisions"}],"predecessor-version":[{"id":10983,"href":"https:\/\/physics.uwb.edu.pl\/wf\/index.php?rest_route=\/wp\/v2\/pages\/10857\/revisions\/10983"}],"up":[{"embeddable":true,"href":"https:\/\/physics.uwb.edu.pl\/wf\/index.php?rest_route=\/wp\/v2\/pages\/38"}],"wp:featuredmedia":[{"embeddable":true,"href":"https:\/\/physics.uwb.edu.pl\/wf\/index.php?rest_route=\/wp\/v2\/media\/10865"}],"wp:attachment":[{"href":"https:\/\/physics.uwb.edu.pl\/wf\/index.php?rest_route=%2Fwp%2Fv2%2Fmedia&parent=10857"}],"wp:term":[{"taxonomy":"category","embeddable":true,"href":"https:\/\/physics.uwb.edu.pl\/wf\/index.php?rest_route=%2Fwp%2Fv2%2Fcategories&post=10857"},{"taxonomy":"post_tag","embeddable":true,"href":"https:\/\/physics.uwb.edu.pl\/wf\/index.php?rest_route=%2Fwp%2Fv2%2Ftags&post=10857"}],"curies":[{"name":"wp","href":"https:\/\/api.w.org\/{rel}","templated":true}]}}