{"id":10871,"date":"2020-03-23T15:59:48","date_gmt":"2020-03-23T14:59:48","guid":{"rendered":"http:\/\/physics.uwb.edu.pl\/wf\/?page_id=10871"},"modified":"2020-03-23T15:59:48","modified_gmt":"2020-03-23T14:59:48","slug":"oferty-pracy-ncn-2-3-3-2-2","status":"publish","type":"page","link":"https:\/\/physics.uwb.edu.pl\/wf\/?page_id=10871","title":{"rendered":"Europejski projekt w ramach programu Horyzont 2020"},"content":{"rendered":"<div class=\"wcag-font\">\n<p style=\"text-align: justify;\"><strong>Na Wydziale Fizyki Uniwersytetu w Bia\u0142ymstoku, w Katedrze Fizyki Magnetyk\u00f3w, b\u0119dzie realizowany nowy projekt w ramach Europejskiego Programu Bada\u0144 i Innowacji Horizon 2020 \u2013 Innovative Training Networks (ITN). \u0141\u0105czna warto\u015b\u0107 projektu wynosi prawie 4 mln euro. Jest to wsp\u00f3lna inicjatywa europejskiego konsorcjum, kt\u00f3rego prace b\u0119dzie koordynowa\u0107 Uniwersytet w Nijmegen (Holandia). Kierownikiem zada\u0144 UwB w projekcie b\u0119dzie dr hab. Andrzej Stupakiewicz. <\/strong><\/p>\n<p style=\"text-align: justify;\">G\u0142\u00f3wnym celem projektu pod nazw\u0105 \u201eCold Opto-Magnetism for Random Access Devices\u201d jest rozw\u00f3j ultraszybkiej spin-orbitroniki, kt\u00f3ra jest now\u0105 dziedzin\u0105 fizyki zwi\u0105zan\u0105 z ultraszybkim magnetyzmem i elektronik\u0105.<\/p>\n<p style=\"text-align: justify;\">&#8211; <em>Integracja r\u00f3\u017cnych obszar\u00f3w badawczych pozwoli na rozw\u00f3j technologii urz\u0105dze\u0144 do zapisu opto-magnetycznego o dost\u0119pie swobodnym do dowolnej kom\u00f3rki pami\u0119ci, podobnie jak w pami\u0119ciach typu RAM. W tym celu planowane jest po\u0142\u0105czenie wyj\u0105tkowych rozwi\u0105za\u0144 opracowanych ostatnio przez zespo\u0142y z Bia\u0142egostoku i Nijmegen w zakresie ultraszybkiego zapisu przy wykorzystaniu magnetycznych warstw dielektrycznych oraz nanostruktur metalicznych<\/em> \u2013 wyja\u015bnia dr hab. Andrzej Stupakiewicz, prof. UwB. &#8211; <em>Do realizacji tego ambitnego celu w ramach czteroletniego projektu zosta\u0142o utworzone europejskie konsorcjum sk\u0142adaj\u0105ce si\u0119 z wiod\u0105cych w dziedzinie magnetyzmu jednostek badawczych z Holandii, Anglii, Niemiec, Francji i Hiszpanii. Nale\u017cy do niego tak\u017ce zesp\u00f3\u0142 z Bia\u0142egostoku.<\/em><\/p>\n<p style=\"text-align: justify;\">Niezwykle presti\u017cowe projekty Innovative Training Networks w ramach Marie Sk\u0142odowska-Curie Actions wspieraj\u0105 prace badawcze i badawczo-rozwojowe, jak r\u00f3wnie\u017c umo\u017cliwi\u0105 organizacj\u0119 konferencji oraz warsztat\u00f3w. Nowy projekt ITN pozwoli tak\u017ce na zatrudnienie na UwB m\u0142odych, pocz\u0105tkuj\u0105cych badaczy. Umo\u017cliwi ponadto sfinansowanie udzia\u0142u zatrudnionych pracownik\u00f3w naukowych w programie szkoleniowym w jednostkach partnerskich oraz firmach z bran\u017cy IT, a tak\u017ce w szkoleniach dotycz\u0105cych komercjalizacji wynik\u00f3w bada\u0144.<\/p>\n<p style=\"text-align: justify;\">Do prowadzenia prac badawczo-rozwojowych w nowym projekcie fizycy z UwB b\u0119d\u0105 wykorzystywali unikatowy potencja\u0142 aparaturowy Laboratorium Spektroskopii Femtosekundowej utworzonego niedawno na Wydziale Fizyki. Laboratorium to powsta\u0142o dzi\u0119ki dotacji celowej na inwestycje z zakresu du\u017cej infrastruktury badawczej pn.: \u201eSystem do bada\u0144 ultraszybkiej opto-spintroniki i femtosekundowego obrazowania fotomagnetycznego\u201d, kt\u00f3ra zosta\u0142a przyznana przez Ministra Nauki i Szkolnictwa Wy\u017cszego.<\/p>\n<p>Realizacja europejskiego projektu rozpocznie si\u0119 1 czerwca 2020 r.&nbsp;<\/p>\n<\/div>\n","protected":false},"excerpt":{"rendered":"<p>Na Wydziale Fizyki Uniwersytetu w Bia\u0142ymstoku, w Katedrze Fizyki Magnetyk\u00f3w, b\u0119dzie realizowany nowy projekt w ramach Europejskiego Programu Bada\u0144 i Innowacji Horizon 2020 \u2013 Innovative Training Networks (ITN). \u0141\u0105czna warto\u015b\u0107 <a href=\"https:\/\/physics.uwb.edu.pl\/wf\/?page_id=10871\" class=\"more-link\">[&hellip;]<\/a><\/p>\n","protected":false},"author":14,"featured_media":10872,"parent":713,"menu_order":0,"comment_status":"closed","ping_status":"closed","template":"","meta":{"ngg_post_thumbnail":0,"Layout":"1c","footnotes":""},"categories":[],"tags":[],"class_list":["entry","author-ulag","post-10871","page","type-page","status-publish","has-post-thumbnail"],"jetpack_sharing_enabled":true,"jetpack_shortlink":"https:\/\/wp.me\/P7nvcn-2Pl","_links":{"self":[{"href":"https:\/\/physics.uwb.edu.pl\/wf\/index.php?rest_route=\/wp\/v2\/pages\/10871","targetHints":{"allow":["GET"]}}],"collection":[{"href":"https:\/\/physics.uwb.edu.pl\/wf\/index.php?rest_route=\/wp\/v2\/pages"}],"about":[{"href":"https:\/\/physics.uwb.edu.pl\/wf\/index.php?rest_route=\/wp\/v2\/types\/page"}],"author":[{"embeddable":true,"href":"https:\/\/physics.uwb.edu.pl\/wf\/index.php?rest_route=\/wp\/v2\/users\/14"}],"replies":[{"embeddable":true,"href":"https:\/\/physics.uwb.edu.pl\/wf\/index.php?rest_route=%2Fwp%2Fv2%2Fcomments&post=10871"}],"version-history":[{"count":1,"href":"https:\/\/physics.uwb.edu.pl\/wf\/index.php?rest_route=\/wp\/v2\/pages\/10871\/revisions"}],"predecessor-version":[{"id":10873,"href":"https:\/\/physics.uwb.edu.pl\/wf\/index.php?rest_route=\/wp\/v2\/pages\/10871\/revisions\/10873"}],"up":[{"embeddable":true,"href":"https:\/\/physics.uwb.edu.pl\/wf\/index.php?rest_route=\/wp\/v2\/pages\/713"}],"wp:featuredmedia":[{"embeddable":true,"href":"https:\/\/physics.uwb.edu.pl\/wf\/index.php?rest_route=\/wp\/v2\/media\/10872"}],"wp:attachment":[{"href":"https:\/\/physics.uwb.edu.pl\/wf\/index.php?rest_route=%2Fwp%2Fv2%2Fmedia&parent=10871"}],"wp:term":[{"taxonomy":"category","embeddable":true,"href":"https:\/\/physics.uwb.edu.pl\/wf\/index.php?rest_route=%2Fwp%2Fv2%2Fcategories&post=10871"},{"taxonomy":"post_tag","embeddable":true,"href":"https:\/\/physics.uwb.edu.pl\/wf\/index.php?rest_route=%2Fwp%2Fv2%2Ftags&post=10871"}],"curies":[{"name":"wp","href":"https:\/\/api.w.org\/{rel}","templated":true}]}}