{"id":10949,"date":"2020-03-27T13:08:05","date_gmt":"2020-03-27T12:08:05","guid":{"rendered":"http:\/\/physics.uwb.edu.pl\/wf\/?page_id=10949"},"modified":"2020-03-31T11:27:43","modified_gmt":"2020-03-31T09:27:43","slug":"targi-edukacyjne-w-grajewie-2-2-3-3-2-2-2","status":"publish","type":"page","link":"https:\/\/physics.uwb.edu.pl\/wf\/?page_id=10949","title":{"rendered":"Zdalne nauczanie w praktyce- audycja w Radiu Bia\u0142ystok"},"content":{"rendered":"<p>Dnia 27 marca 2020 r. go\u015bciem audycji <a href=\"https:\/\/www.radio.bialystok.pl\/radioskop\/index\">Radioskop w Radiu Bia\u0142ystok<\/a> by\u0142 pracownik Wydzia\u0142u Fizyki &#8211; dr Krzysztof Gawryluk. Rozmowa dotyczy\u0142a e-nauczania w dobie walki z koronawirusem.<\/p>\n<h6><img loading=\"lazy\" decoding=\"async\" class=\"alignnone size-large wp-image-10950\" src=\"http:\/\/physics.uwb.edu.pl\/wf\/wp-content\/uploads\/2020\/03\/1dbc54bfd443dba930fe5e9c2a295f87-1024x576.jpeg\" alt=\"\" width=\"1024\" height=\"576\" srcset=\"https:\/\/physics.uwb.edu.pl\/wf\/wp-content\/uploads\/2020\/03\/1dbc54bfd443dba930fe5e9c2a295f87-1024x576.jpeg 1024w, https:\/\/physics.uwb.edu.pl\/wf\/wp-content\/uploads\/2020\/03\/1dbc54bfd443dba930fe5e9c2a295f87-300x169.jpeg 300w, https:\/\/physics.uwb.edu.pl\/wf\/wp-content\/uploads\/2020\/03\/1dbc54bfd443dba930fe5e9c2a295f87-150x84.jpeg 150w, https:\/\/physics.uwb.edu.pl\/wf\/wp-content\/uploads\/2020\/03\/1dbc54bfd443dba930fe5e9c2a295f87-1536x864.jpeg 1536w, https:\/\/physics.uwb.edu.pl\/wf\/wp-content\/uploads\/2020\/03\/1dbc54bfd443dba930fe5e9c2a295f87-889x500.jpeg 889w, https:\/\/physics.uwb.edu.pl\/wf\/wp-content\/uploads\/2020\/03\/1dbc54bfd443dba930fe5e9c2a295f87.jpeg 1920w\" sizes=\"auto, (max-width: 1024px) 100vw, 1024px\" \/><\/h6>\n<p>Jak radz\u0105 sobie bia\u0142ostockie licea? Jak uczelnie? Zapraszamy do <a href=\"https:\/\/www.radio.bialystok.pl\/radioskop\/index\/id\/181231\">ods\u0142uchania ca\u0142o\u015bci<\/a>.<\/p>\n<h6>\u0179r\u00f3d\u0142o grafiki: https:\/\/www.radio.bialystok.pl\/radioskop\/index\/id\/181231<\/h6>\n","protected":false},"excerpt":{"rendered":"<p>Dnia 27 marca 2020 r. go\u015bciem audycji Radioskop w Radiu Bia\u0142ystok by\u0142 pracownik Wydzia\u0142u Fizyki &#8211; dr Krzysztof Gawryluk. Rozmowa dotyczy\u0142a e-nauczania w dobie walki z koronawirusem. Jak radz\u0105 sobie <a href=\"https:\/\/physics.uwb.edu.pl\/wf\/?page_id=10949\" class=\"more-link\">[&hellip;]<\/a><\/p>\n","protected":false},"author":5,"featured_media":10950,"parent":2744,"menu_order":0,"comment_status":"closed","ping_status":"closed","template":"","meta":{"ngg_post_thumbnail":0,"Layout":"1c","footnotes":""},"categories":[166,131],"tags":[],"class_list":["entry","author-gawryl","post-10949","page","type-page","status-publish","has-post-thumbnail","category-edukacyjne","category-galeria_foto"],"jetpack_sharing_enabled":true,"jetpack_shortlink":"https:\/\/wp.me\/P7nvcn-2QB","_links":{"self":[{"href":"https:\/\/physics.uwb.edu.pl\/wf\/index.php?rest_route=\/wp\/v2\/pages\/10949","targetHints":{"allow":["GET"]}}],"collection":[{"href":"https:\/\/physics.uwb.edu.pl\/wf\/index.php?rest_route=\/wp\/v2\/pages"}],"about":[{"href":"https:\/\/physics.uwb.edu.pl\/wf\/index.php?rest_route=\/wp\/v2\/types\/page"}],"author":[{"embeddable":true,"href":"https:\/\/physics.uwb.edu.pl\/wf\/index.php?rest_route=\/wp\/v2\/users\/5"}],"replies":[{"embeddable":true,"href":"https:\/\/physics.uwb.edu.pl\/wf\/index.php?rest_route=%2Fwp%2Fv2%2Fcomments&post=10949"}],"version-history":[{"count":3,"href":"https:\/\/physics.uwb.edu.pl\/wf\/index.php?rest_route=\/wp\/v2\/pages\/10949\/revisions"}],"predecessor-version":[{"id":10953,"href":"https:\/\/physics.uwb.edu.pl\/wf\/index.php?rest_route=\/wp\/v2\/pages\/10949\/revisions\/10953"}],"up":[{"embeddable":true,"href":"https:\/\/physics.uwb.edu.pl\/wf\/index.php?rest_route=\/wp\/v2\/pages\/2744"}],"wp:featuredmedia":[{"embeddable":true,"href":"https:\/\/physics.uwb.edu.pl\/wf\/index.php?rest_route=\/wp\/v2\/media\/10950"}],"wp:attachment":[{"href":"https:\/\/physics.uwb.edu.pl\/wf\/index.php?rest_route=%2Fwp%2Fv2%2Fmedia&parent=10949"}],"wp:term":[{"taxonomy":"category","embeddable":true,"href":"https:\/\/physics.uwb.edu.pl\/wf\/index.php?rest_route=%2Fwp%2Fv2%2Fcategories&post=10949"},{"taxonomy":"post_tag","embeddable":true,"href":"https:\/\/physics.uwb.edu.pl\/wf\/index.php?rest_route=%2Fwp%2Fv2%2Ftags&post=10949"}],"curies":[{"name":"wp","href":"https:\/\/api.w.org\/{rel}","templated":true}]}}