{"id":10966,"date":"2020-04-01T09:41:50","date_gmt":"2020-04-01T07:41:50","guid":{"rendered":"http:\/\/physics.uwb.edu.pl\/wf\/?page_id=10966"},"modified":"2020-04-01T09:41:50","modified_gmt":"2020-04-01T07:41:50","slug":"programy-i-plany-studiow-efekty-ksztalcenia-2","status":"publish","type":"page","link":"https:\/\/physics.uwb.edu.pl\/wf\/?page_id=10966","title":{"rendered":"Kszta\u0142cenie zdalne na uczelniach"},"content":{"rendered":"<div>\n<h3 style=\"text-align: center;\"><a href=\"https:\/\/www.gov.pl\/attachment\/847f5184-934d-43e6-b605-2ba3d1c4f491\"><em>rekomendacje Ministerstwa Nauki i Szkolnictwa Wy\u017cszego. pdf<\/em><\/a><\/h3>\n<h3>Organizacja kszta\u0142cenia na odleg\u0142o\u015b\u0107<\/h3>\n<ul>\n<li>Uczelnia zapewnia infrastruktur\u0119 technologiczn\u0105 umo\u017cliwiaj\u0105c\u0105 prowadzenie kszta\u0142cenia na odleg\u0142o\u015b\u0107;<\/li>\n<li>Uczelnia wspiera w zakresie wykorzystania narz\u0119dzi ICT, wspomagaj\u0105cych zdalne uczenie si\u0119 student\u00f3w;<\/li>\n<li>Dopuszczalne jest wykorzystywanie infrastruktury technologicznej oraz narz\u0119dzi innych uczelni krajowych i instytucji na zasadzie porozumienia.<\/li>\n<\/ul>\n<h3>Materia\u0142y dydaktyczne dla student\u00f3w<\/h3>\n<ul>\n<li>Uczelnia wspiera przygotowywanie materia\u0142\u00f3w dydaktycznych potrzebnych do procesu kszta\u0142cenia na odleg\u0142o\u015b\u0107;<\/li>\n<li>Nauczyciel akademicki lub osoba prowadz\u0105ca zaj\u0119cia przygotowuje i udost\u0119pnia materia\u0142y dydaktyczne w formie cyfrowej;<\/li>\n<li>Materia\u0142y dydaktyczne podlegaj\u0105 monitorowaniu np. przez kierownika przedmiotu;<\/li>\n<li>Uczelnia powinna posiada\u0107 procedury, kt\u00f3re umo\u017cliwiaj\u0105 monitoring jako\u015bci materia\u0142\u00f3w dydaktycznych i sposobu ich udost\u0119pniania oraz wykrywania zjawisk niepo\u017c\u0105danych w procesie kszta\u0142cenia na odleg\u0142o\u015b\u0107;<\/li>\n<li>Uczelnia jest odpowiedzialna za udost\u0119pnienie narz\u0119dzi do kszta\u0142cenia zdalnego zgodnie z obowi\u0105zuj\u0105cymi przepisami prawa, w tym w szczeg\u00f3lno\u015bci autorskiego, licencyjnego i RODO oraz zapewnienie legalnego i bezp\u0142atnego dost\u0119pu do narz\u0119dzia dla wszystkich uczestnik\u00f3w.<\/li>\n<\/ul>\n<h3>Prawa i obowi\u0105zki student\u00f3w<\/h3>\n<ul>\n<li>Student ma prawo do pe\u0142nej informacji dotycz\u0105cej przebiegu procesu kszta\u0142cenia na odleg\u0142o\u015b\u0107;<\/li>\n<li>Student ma prawo do uzyskania wsparcia dotycz\u0105cego obs\u0142ugi systemu wspieraj\u0105cego uczenie si\u0119 na odleg\u0142o\u015b\u0107;<\/li>\n<li>Student jest zobowi\u0105zany do regularnego uczestniczenia w zaj\u0119ciach dydaktycznych na odleg\u0142o\u015b\u0107 na zasadach okre\u015blonych przez nauczyciela akademickiego, zgodnie z uczelnianym Regulaminem Studi\u00f3w;<\/li>\n<li>Student ma obowi\u0105zek wykonywania i odpowiedniego raportowania wszystkich zada\u0144 okre\u015blonych przez nauczyciela;<\/li>\n<li>Je\u015bli student b\u0119dzie nieobecny na zaj\u0119ciach prowadzonych w trybie synchronicznym, powinien mie\u0107 dost\u0119p do tre\u015bci edukacyjnych w trybie offline. Kierownik przedmiotu mo\u017ce zaleci\u0107 inn\u0105 form\u0119 odrobienia tego typu zaj\u0119\u0107.<\/li>\n<\/ul>\n<h3>Prawa i obowi\u0105zki nauczycieli akademickich<\/h3>\n<ul>\n<li>Nauczyciel zobowi\u0105zany jest do przygotowania odpowiednich materia\u0142\u00f3w dydaktycznych;<\/li>\n<li>Nauczyciel jest zobowi\u0105zany do opracowania i udost\u0119pnienia wszystkim studentom dok\u0142adnego opisu zak\u0142adanych efekt\u00f3w uczenia si\u0119 oraz metod ich weryfikacji &#8211; je\u015bli w wyniku zastosowania metod i technik kszta\u0142cenia na odleg\u0142o\u015b\u0107 nast\u0105pi\u0142y w sylabusie jakie\u015b zmiany;<\/li>\n<li>Nauczyciel jest zobowi\u0105zany do przedstawienia studentom dok\u0142adnego planu pracy;<\/li>\n<li>W przypadku ca\u0142kowitego przej\u015bcia na proces kszta\u0142cenia zdalnego, nauczyciel akademicki ma obowi\u0105zek przygotowania materia\u0142\u00f3w dydaktycznych zapewniaj\u0105cych ka\u017cdemu studentowi obci\u0105\u017cenie prac\u0105 na zaj\u0119ciach, zgodne liczb\u0105 godzin przypisan\u0105 w planie i programie studi\u00f3w;<\/li>\n<li>Nauczyciel jest zobowi\u0105zany do regularnego monitorowania i dokumentowania przebiegu procesu uczenia si\u0119 student\u00f3w. Dokumentacja powinna potwierdza\u0107 regularno\u015b\u0107 kontakt\u00f3w i interakcji ze studentami;<\/li>\n<li>Nauczyciel jest zobowi\u0105zany do takiego zaprojektowania procesu zdalnego uczenia si\u0119 student\u00f3w, kt\u00f3ry zapewni obci\u0105\u017cenie prac\u0105 r\u00f3wne przypisanym danemu przedmiotowi punktom ECTS;<\/li>\n<li>Nauczyciel akademicki lub inna osoba uprawniona do prowadzenia zaj\u0119\u0107 ma prawo do autonomii w wyborze narz\u0119dzi wspieraj\u0105cych uczenie si\u0119 student\u00f3w na odleg\u0142o\u015b\u0107;<\/li>\n<li>Nauczyciel ma prawo do uzyskania wsparcia w zakresie wdra\u017canych metod, narz\u0119dzi i technik kszta\u0142cenia na odleg\u0142o\u015b\u0107 na zasadach okre\u015blonych przez uczelni\u0119.<\/li>\n<\/ul>\n<h3>Rozliczanie obci\u0105\u017cenia dydaktycznego dla nauczycieli akademickich<\/h3>\n<ul>\n<li>O ile przepisy obowi\u0105zuj\u0105ce w uczelni nie stanowi\u0105 inaczej, do wykonania rocznego wymiaru zaj\u0119\u0107 dydaktycznych wlicza si\u0119 100 % liczby godzin zaj\u0119\u0107 na odleg\u0142o\u015b\u0107;<\/li>\n<li>Za prowadzenie zaj\u0119\u0107 na odleg\u0142o\u015b\u0107 do wykonania rocznego wymiaru zaj\u0119\u0107 dydaktycznych wlicza si\u0119 tak\u0105 liczb\u0119 godzin dydaktycznych, jak\u0105 prowadz\u0105cy otrzyma\u0142by za prowadzenie przedmiotu o okre\u015blonym wymiarze w spos\u00f3b klasyczny;<\/li>\n<li>Na potrzeby kszta\u0142cenia na odleg\u0142o\u015b\u0107, mo\u017cliwe jest zwi\u0119kszenie liczebno\u015bci grup laboratoryjnych\/ \u0107wiczeniowych\/ projektowych\/ seminaryjnych;<\/li>\n<li>O ile przepisy obowi\u0105zuj\u0105ce w uczelni nie stanowi\u0105 inaczej, rozliczenie obci\u0105\u017cenia nast\u0119puje po zako\u0144czeniu zaj\u0119\u0107 w danym semestrze oraz po potwierdzeniu przez kierownika jednostki organizacyjnej prowadz\u0105cej zaj\u0119cia dydaktyczne, spe\u0142nienia wszystkich dodatkowych warunk\u00f3w zdefiniowanych przez uczelni\u0119.<\/li>\n<\/ul>\n<h3>Uznawanie efekt\u00f3w uczenia si\u0119 w trybie nauki na odleg\u0142o\u015b\u0107<\/h3>\n<ul>\n<li>Realizacja zaj\u0119\u0107 na odleg\u0142o\u015b\u0107 nie narusza art. 63 ust. 1 Ustawy Prawo o Szkolnictwie Wy\u017cszym;<\/li>\n<li>Utrzymuje si\u0119 liczb\u0119 punkt\u00f3w ECTS przypisan\u0105 okre\u015blonemu przedmiotowi w realizowanym programie studi\u00f3w;<\/li>\n<li>Punkt ECTS odpowiada 25\u201330 godzinom pracy studenta obejmuj\u0105cym zaj\u0119cia z wykorzystaniem metod i technik kszta\u0142cenia na odleg\u0142o\u015b\u0107, organizowane przez uczelni\u0119 oraz jego indywidualn\u0105 prac\u0119 zwi\u0105zan\u0105 z tymi zaj\u0119ciami.<\/li>\n<\/ul>\n<h3>Ocena post\u0119p\u00f3w uczenia si\u0119 na odleg\u0142o\u015b\u0107<\/h3>\n<ul>\n<li>Nauczyciel akademicki zapewnia studentom informacj\u0119 zwrotn\u0105 dotycz\u0105c\u0105 ich post\u0119p\u00f3w w nauce;<\/li>\n<li>Do przechowywania informacji zwrotnych o post\u0119pach w nauce przeznaczona jest uczelniana platforma zdalnego nauczania lub inne tego typu narz\u0119dzie;<\/li>\n<li>Nauczyciel wyznacza termin konsultacji online dla student\u00f3w;<\/li>\n<li>Wszelkie aktywno\u015bci zwi\u0105zane z monitorowaniem uczenia si\u0119 student\u00f3w i udzielania im informacji zwrotnej s\u0105 zapisywane na uczelnianej platformie zdalnego nauczania lub za pomoc\u0105 innego narz\u0119dzia.<\/li>\n<\/ul>\n<h3>Ocena podsumowuj\u0105ca efekty uczenia si\u0119 na odleg\u0142o\u015b\u0107<\/h3>\n<ul>\n<li>Nauczyciel akademicki ma obowi\u0105zek okre\u015bli\u0107 metody i kryteria weryfikacji ka\u017cdego efektu uczenia si\u0119 realizowanego na odleg\u0142o\u015b\u0107;<\/li>\n<li>O ile inne przepisy obowi\u0105zuj\u0105ce w uczelni nie stanowi\u0105 inaczej, weryfikacja efekt\u00f3w uczenia si\u0119 na odleg\u0142o\u015b\u0107 jest indywidualn\u0105 decyzj\u0105 kierownika przedmiotu i mo\u017ce by\u0107 przeprowadzona w nast\u0119puj\u0105cy spos\u00f3b:\n<ul>\n<li>w trybie regularnym, na terenie kampusu uczelnianego, w postaci zaliczenia ustnego lub pisemnego, okre\u015blonego przez kierownika przedmiotu,<\/li>\n<li>w trybie online &#8211; przy u\u017cyciu narz\u0119dzi informatycznych.<\/li>\n<\/ul>\n<\/li>\n<li>Uczelnia powinna zapewnia\u0107 rzeteln\u0105 weryfikacj\u0119 efekt\u00f3w uczenia si\u0119 &#8211; mo\u017ce by\u0107 przeprowadzona w trybie online, mo\u017ce odbywa\u0107 si\u0119 poza siedzib\u0105 uczelni;<\/li>\n<li>Uzyskanie zalicze\u0144 ze wszystkich zaj\u0119\u0107 prowadzonych na odleg\u0142o\u015b\u0107, okre\u015blonych w semestralnym planie studi\u00f3w studenta, jest obowi\u0105zkowe i podlega rozliczeniu zgodnie z zasadami okre\u015blonymi w uczelnianym regulaminie studi\u00f3w.<\/li>\n<\/ul>\n<h3>Dyplomy<\/h3>\n<ul>\n<li>Egzamin dyplomowy mo\u017ce odbywa\u0107 si\u0119 w ramach synchronicznego kontaktu online;<\/li>\n<li>Egzamin dyplomowy mo\u017ce zosta\u0107 przeprowadzony poprzez wideokonferencj\u0119, konferencj\u0119 internetow\u0105, platform\u0119 zdalnego nauczania oraz inne narz\u0119dzia do synchronicznej pracy grupowej;<\/li>\n<li>Komisja egzaminacyjna powinna zweryfikowa\u0107 dane osobowe studenta przyst\u0119puj\u0105cego do egzaminu dyplomowego;<\/li>\n<li>Komisja sporz\u0105dza protok\u00f3\u0142 z przebiegu egzaminu dyplomowego. Uczelnia powinna zapewni\u0107&nbsp; mo\u017cliwo\u015b\u0107 podpisania protoko\u0142u przez wszystkich cz\u0142onk\u00f3w komisji egzaminacyjnej.<\/li>\n<\/ul>\n<p>&nbsp;<\/p>\n<\/div>\n","protected":false},"excerpt":{"rendered":"<p>rekomendacje Ministerstwa Nauki i Szkolnictwa Wy\u017cszego. pdf Organizacja kszta\u0142cenia na odleg\u0142o\u015b\u0107 Uczelnia zapewnia infrastruktur\u0119 technologiczn\u0105 umo\u017cliwiaj\u0105c\u0105 prowadzenie kszta\u0142cenia na odleg\u0142o\u015b\u0107; Uczelnia wspiera w zakresie wykorzystania narz\u0119dzi ICT, wspomagaj\u0105cych zdalne uczenie <a href=\"https:\/\/physics.uwb.edu.pl\/wf\/?page_id=10966\" class=\"more-link\">[&hellip;]<\/a><\/p>\n","protected":false},"author":14,"featured_media":10865,"parent":10857,"menu_order":2,"comment_status":"closed","ping_status":"closed","template":"","meta":{"ngg_post_thumbnail":0,"Layout":"1c","footnotes":""},"categories":[23],"tags":[],"class_list":["entry","author-ulag","post-10966","page","type-page","status-publish","has-post-thumbnail","category-student_pl"],"jetpack_sharing_enabled":true,"jetpack_shortlink":"https:\/\/wp.me\/P7nvcn-2QS","_links":{"self":[{"href":"https:\/\/physics.uwb.edu.pl\/wf\/index.php?rest_route=\/wp\/v2\/pages\/10966","targetHints":{"allow":["GET"]}}],"collection":[{"href":"https:\/\/physics.uwb.edu.pl\/wf\/index.php?rest_route=\/wp\/v2\/pages"}],"about":[{"href":"https:\/\/physics.uwb.edu.pl\/wf\/index.php?rest_route=\/wp\/v2\/types\/page"}],"author":[{"embeddable":true,"href":"https:\/\/physics.uwb.edu.pl\/wf\/index.php?rest_route=\/wp\/v2\/users\/14"}],"replies":[{"embeddable":true,"href":"https:\/\/physics.uwb.edu.pl\/wf\/index.php?rest_route=%2Fwp%2Fv2%2Fcomments&post=10966"}],"version-history":[{"count":1,"href":"https:\/\/physics.uwb.edu.pl\/wf\/index.php?rest_route=\/wp\/v2\/pages\/10966\/revisions"}],"predecessor-version":[{"id":10967,"href":"https:\/\/physics.uwb.edu.pl\/wf\/index.php?rest_route=\/wp\/v2\/pages\/10966\/revisions\/10967"}],"up":[{"embeddable":true,"href":"https:\/\/physics.uwb.edu.pl\/wf\/index.php?rest_route=\/wp\/v2\/pages\/10857"}],"wp:featuredmedia":[{"embeddable":true,"href":"https:\/\/physics.uwb.edu.pl\/wf\/index.php?rest_route=\/wp\/v2\/media\/10865"}],"wp:attachment":[{"href":"https:\/\/physics.uwb.edu.pl\/wf\/index.php?rest_route=%2Fwp%2Fv2%2Fmedia&parent=10966"}],"wp:term":[{"taxonomy":"category","embeddable":true,"href":"https:\/\/physics.uwb.edu.pl\/wf\/index.php?rest_route=%2Fwp%2Fv2%2Fcategories&post=10966"},{"taxonomy":"post_tag","embeddable":true,"href":"https:\/\/physics.uwb.edu.pl\/wf\/index.php?rest_route=%2Fwp%2Fv2%2Ftags&post=10966"}],"curies":[{"name":"wp","href":"https:\/\/api.w.org\/{rel}","templated":true}]}}