{"id":11006,"date":"2020-05-04T12:47:05","date_gmt":"2020-05-04T10:47:05","guid":{"rendered":"http:\/\/physics.uwb.edu.pl\/wf\/?page_id=11006"},"modified":"2020-05-29T12:55:15","modified_gmt":"2020-05-29T10:55:15","slug":"biblioteka-2","status":"publish","type":"page","link":"https:\/\/physics.uwb.edu.pl\/wf\/?page_id=11006","title":{"rendered":"Zmiany zasad funkcjonowania biblioteki"},"content":{"rendered":"<h1>Zmiany zasad funkcjonowania biblioteki:<\/h1>\n<p><strong>BIBLIOTEKA CZYNNA (<span style=\"color: #ff0000;\">od dnia 01\/06\/2020<\/span>)<br \/>\n<\/strong><\/p>\n<p><strong>&nbsp;W GODZ.<\/strong><strong> 9<sup>00<\/sup>-17<sup>00<\/sup><\/strong><strong> (poniedzia\u0142ek-pi\u0105tek)<\/strong><\/p>\n<p>&nbsp;<\/p>\n<p><strong>BIBLIOTEKA CZYNNA (<span style=\"color: #ff0000;\">do dnia 31\/05\/2020<\/span>)<br \/>\n<\/strong><\/p>\n<p><strong>&nbsp;W GODZ.<\/strong><strong> 9<sup>00<\/sup>-15<sup>00<\/sup><\/strong><strong> (poniedzia\u0142ek-czwartek)<\/strong><\/p>\n<p><strong>W GODZ.<\/strong><strong> 9<sup>00<\/sup>-12<sup>00<\/sup><\/strong><strong> (pi\u0105tek)<\/strong><\/p>\n<p>&nbsp;<\/p>\n<p><strong>Najwa\u017cniejsze zasady korzystania z BIBLIOTEKI<\/strong><\/p>\n<ul>\n<li>O ilo\u015bci&nbsp; os\u00f3b przebywaj\u0105cych jednocze\u015bnie w bibliotece, decyduje dy\u017curuj\u0105cy bibliotekarz.<\/li>\n<li>Ksi\u0119gozbi\u00f3r biblioteczny&nbsp; podaje czytelnikowi dy\u017curuj\u0105cy bibliotekarz (ograniczenie korzystania w wolnym dost\u0119pie).<\/li>\n<\/ul>\n<p><strong>Nale\u017cy pami\u0119ta\u0107: <\/strong>&nbsp;<strong>&nbsp;<\/strong><\/p>\n<ul>\n<li>Zachowuj 2-metrow\u0105 odleg\u0142o\u015b\u0107 od innych w przestrzeni publicznej.<\/li>\n<li>Obowi\u0105zkowo zas\u0142aniaj nos i usta w miejscach publicznych.<\/li>\n<li>\u015aci\u015ble przestrzegaj zasad sanitarnych w miejscach gromadzenia ludzi (dezynfekcja i utrzymanie odpowiedniego dystansu).<\/li>\n<\/ul>\n<p><strong>Zach\u0119camy do kontaktu mailowo (email:&nbsp;<a href=\"mailto:bwf@uwb.edu.pl\">bwf@uwb.edu.pl<\/a>) lub telefonicznie (tel. 85 738 81 84,&nbsp; 85 738 82 03) .<\/strong><\/p>\n<p><a href=\"http:\/\/physics.uwb.edu.pl\/wf\/?page_id=226\">Wi\u0119cej na stronie biblioteki<\/a><\/p>\n<p>ZAPRASZAMY DO KORZYSTANIA Z NASZYCH ZBIOR\u00d3W&nbsp;<\/p>\n","protected":false},"excerpt":{"rendered":"<p>Zmiany zasad funkcjonowania biblioteki: BIBLIOTEKA CZYNNA (od dnia 01\/06\/2020) &nbsp;W GODZ. 900-1700 (poniedzia\u0142ek-pi\u0105tek) &nbsp; BIBLIOTEKA CZYNNA (do dnia 31\/05\/2020) &nbsp;W GODZ. 900-1500 (poniedzia\u0142ek-czwartek) W GODZ. 900-1200 (pi\u0105tek) &nbsp; Najwa\u017cniejsze zasady <a href=\"https:\/\/physics.uwb.edu.pl\/wf\/?page_id=11006\" class=\"more-link\">[&hellip;]<\/a><\/p>\n","protected":false},"author":2,"featured_media":300,"parent":713,"menu_order":20,"comment_status":"closed","ping_status":"closed","template":"","meta":{"ngg_post_thumbnail":0,"Layout":"1c","footnotes":""},"categories":[27,3],"tags":[],"class_list":["entry","author-dobrog","post-11006","page","type-page","status-publish","has-post-thumbnail","category-post_news_pl","category-wydzialowe_pl"],"jetpack_sharing_enabled":true,"jetpack_shortlink":"https:\/\/wp.me\/P7nvcn-2Rw","_links":{"self":[{"href":"https:\/\/physics.uwb.edu.pl\/wf\/index.php?rest_route=\/wp\/v2\/pages\/11006","targetHints":{"allow":["GET"]}}],"collection":[{"href":"https:\/\/physics.uwb.edu.pl\/wf\/index.php?rest_route=\/wp\/v2\/pages"}],"about":[{"href":"https:\/\/physics.uwb.edu.pl\/wf\/index.php?rest_route=\/wp\/v2\/types\/page"}],"author":[{"embeddable":true,"href":"https:\/\/physics.uwb.edu.pl\/wf\/index.php?rest_route=\/wp\/v2\/users\/2"}],"replies":[{"embeddable":true,"href":"https:\/\/physics.uwb.edu.pl\/wf\/index.php?rest_route=%2Fwp%2Fv2%2Fcomments&post=11006"}],"version-history":[{"count":2,"href":"https:\/\/physics.uwb.edu.pl\/wf\/index.php?rest_route=\/wp\/v2\/pages\/11006\/revisions"}],"predecessor-version":[{"id":11154,"href":"https:\/\/physics.uwb.edu.pl\/wf\/index.php?rest_route=\/wp\/v2\/pages\/11006\/revisions\/11154"}],"up":[{"embeddable":true,"href":"https:\/\/physics.uwb.edu.pl\/wf\/index.php?rest_route=\/wp\/v2\/pages\/713"}],"wp:featuredmedia":[{"embeddable":true,"href":"https:\/\/physics.uwb.edu.pl\/wf\/index.php?rest_route=\/wp\/v2\/media\/300"}],"wp:attachment":[{"href":"https:\/\/physics.uwb.edu.pl\/wf\/index.php?rest_route=%2Fwp%2Fv2%2Fmedia&parent=11006"}],"wp:term":[{"taxonomy":"category","embeddable":true,"href":"https:\/\/physics.uwb.edu.pl\/wf\/index.php?rest_route=%2Fwp%2Fv2%2Fcategories&post=11006"},{"taxonomy":"post_tag","embeddable":true,"href":"https:\/\/physics.uwb.edu.pl\/wf\/index.php?rest_route=%2Fwp%2Fv2%2Ftags&post=11006"}],"curies":[{"name":"wp","href":"https:\/\/api.w.org\/{rel}","templated":true}]}}