{"id":11012,"date":"2020-05-08T15:41:08","date_gmt":"2020-05-08T13:41:08","guid":{"rendered":"http:\/\/physics.uwb.edu.pl\/wf\/?page_id=11012"},"modified":"2020-05-08T15:42:19","modified_gmt":"2020-05-08T13:42:19","slug":"targi-edukacyjne-w-grajewie-2-2-3-3-2-2-2-2","status":"publish","type":"page","link":"https:\/\/physics.uwb.edu.pl\/wf\/?page_id=11012","title":{"rendered":"e-wizyta absolwent\u00f3w Zespo\u0142u Szk\u00f3\u0142 Zawodowych Nr 2 w Bia\u0142ymstoku"},"content":{"rendered":"<p>W dniu 8 maja 2020 r. odby\u0142a si\u0119 prezentacja specjalno\u015bci <a href=\"http:\/\/gry.fizyka.uwb.edu.pl\">Fizyka gier komputerowych i robot\u00f3w<\/a> dla tegorocznych absolwent\u00f3w Zespo\u0142u Szk\u00f3\u0142 Zawodowych Nr 2 w Bia\u0142ymstoku, kierunek Technik mechatronik. Spotkanie poprowadzi\u0142 dr Krzysztof Gawryluk &#8211; oczywi\u015bcie zgodnie z zaleceniami Ministerstwa w obliczu COVID19 &#8211; czyli w formie zdalnej.&nbsp;<\/p>\n<h6><img loading=\"lazy\" decoding=\"async\" class=\"alignnone wp-image-11013 size-large\" src=\"http:\/\/physics.uwb.edu.pl\/wf\/wp-content\/uploads\/2020\/05\/Zrzut-ekranu-z-2020-05-08-11-55-20b-1024x714.png\" alt=\"\" width=\"1024\" height=\"714\" srcset=\"https:\/\/physics.uwb.edu.pl\/wf\/wp-content\/uploads\/2020\/05\/Zrzut-ekranu-z-2020-05-08-11-55-20b-1024x714.png 1024w, https:\/\/physics.uwb.edu.pl\/wf\/wp-content\/uploads\/2020\/05\/Zrzut-ekranu-z-2020-05-08-11-55-20b-300x209.png 300w, https:\/\/physics.uwb.edu.pl\/wf\/wp-content\/uploads\/2020\/05\/Zrzut-ekranu-z-2020-05-08-11-55-20b-150x105.png 150w, https:\/\/physics.uwb.edu.pl\/wf\/wp-content\/uploads\/2020\/05\/Zrzut-ekranu-z-2020-05-08-11-55-20b-717x500.png 717w, https:\/\/physics.uwb.edu.pl\/wf\/wp-content\/uploads\/2020\/05\/Zrzut-ekranu-z-2020-05-08-11-55-20b.png 1191w\" sizes=\"auto, (max-width: 1024px) 100vw, 1024px\" \/><\/h6>\n<p>Zainteresowane osoby stoj\u0105 przed trudn\u0105 decyzj\u0105 wyboru uczelni. S\u0105 ju\u017c absolwentami technikum, ale czeka ich jeszcze matura. Jednak to nie jedyny problem &#8211; po maturze chc\u0105 dalej si\u0119 uczy\u0107. Trzeba wi\u0119c dobrze wybra\u0107 kierunek studi\u00f3w. Dzi\u0119ki swojej nauczycielce, mgr Izabelli Wojno dowiedzieli si\u0119 o atrakcyjnej specjalno\u015bci na Wydziale Fizyki i poprosili o prezentacj\u0119. By\u0142o zainteresowanie, by\u0142y pytania. Ciekawe, co z tego wyniknie \ud83d\ude09 Zapraszamy tak\u017ce innych absolwent\u00f3w do e-odwiedzin (w obliczu korona wirusa to jedyna dopuszczalna forma). \u017byczymy powodzenia na maturze i&#8230; do zobaczenia!<\/p>\n<p style=\"text-align: right;\"><em>(c) K.G. 2020&nbsp;<\/em><\/p>\n","protected":false},"excerpt":{"rendered":"<p>W dniu 8 maja 2020 r. odby\u0142a si\u0119 prezentacja specjalno\u015bci Fizyka gier komputerowych i robot\u00f3w dla tegorocznych absolwent\u00f3w Zespo\u0142u Szk\u00f3\u0142 Zawodowych Nr 2 w Bia\u0142ymstoku, kierunek Technik mechatronik. Spotkanie poprowadzi\u0142 <a href=\"https:\/\/physics.uwb.edu.pl\/wf\/?page_id=11012\" class=\"more-link\">[&hellip;]<\/a><\/p>\n","protected":false},"author":5,"featured_media":11013,"parent":2744,"menu_order":0,"comment_status":"closed","ping_status":"closed","template":"","meta":{"ngg_post_thumbnail":0,"Layout":"1c","footnotes":""},"categories":[166,131],"tags":[],"class_list":["entry","author-gawryl","post-11012","page","type-page","status-publish","has-post-thumbnail","category-edukacyjne","category-galeria_foto"],"jetpack_sharing_enabled":true,"jetpack_shortlink":"https:\/\/wp.me\/P7nvcn-2RC","_links":{"self":[{"href":"https:\/\/physics.uwb.edu.pl\/wf\/index.php?rest_route=\/wp\/v2\/pages\/11012","targetHints":{"allow":["GET"]}}],"collection":[{"href":"https:\/\/physics.uwb.edu.pl\/wf\/index.php?rest_route=\/wp\/v2\/pages"}],"about":[{"href":"https:\/\/physics.uwb.edu.pl\/wf\/index.php?rest_route=\/wp\/v2\/types\/page"}],"author":[{"embeddable":true,"href":"https:\/\/physics.uwb.edu.pl\/wf\/index.php?rest_route=\/wp\/v2\/users\/5"}],"replies":[{"embeddable":true,"href":"https:\/\/physics.uwb.edu.pl\/wf\/index.php?rest_route=%2Fwp%2Fv2%2Fcomments&post=11012"}],"version-history":[{"count":2,"href":"https:\/\/physics.uwb.edu.pl\/wf\/index.php?rest_route=\/wp\/v2\/pages\/11012\/revisions"}],"predecessor-version":[{"id":11015,"href":"https:\/\/physics.uwb.edu.pl\/wf\/index.php?rest_route=\/wp\/v2\/pages\/11012\/revisions\/11015"}],"up":[{"embeddable":true,"href":"https:\/\/physics.uwb.edu.pl\/wf\/index.php?rest_route=\/wp\/v2\/pages\/2744"}],"wp:featuredmedia":[{"embeddable":true,"href":"https:\/\/physics.uwb.edu.pl\/wf\/index.php?rest_route=\/wp\/v2\/media\/11013"}],"wp:attachment":[{"href":"https:\/\/physics.uwb.edu.pl\/wf\/index.php?rest_route=%2Fwp%2Fv2%2Fmedia&parent=11012"}],"wp:term":[{"taxonomy":"category","embeddable":true,"href":"https:\/\/physics.uwb.edu.pl\/wf\/index.php?rest_route=%2Fwp%2Fv2%2Fcategories&post=11012"},{"taxonomy":"post_tag","embeddable":true,"href":"https:\/\/physics.uwb.edu.pl\/wf\/index.php?rest_route=%2Fwp%2Fv2%2Ftags&post=11012"}],"curies":[{"name":"wp","href":"https:\/\/api.w.org\/{rel}","templated":true}]}}