{"id":11064,"date":"2020-05-13T14:02:10","date_gmt":"2020-05-13T12:02:10","guid":{"rendered":"http:\/\/physics.uwb.edu.pl\/wf\/?page_id=11064"},"modified":"2021-02-12T13:20:02","modified_gmt":"2021-02-12T12:20:02","slug":"biblioteka-2-2","status":"publish","type":"page","link":"https:\/\/physics.uwb.edu.pl\/wf\/?page_id=11064","title":{"rendered":"Wsparcie pe\u0142nego uczestnictwa w \u017cyciu spo\u0142ecznym os\u00f3b po wszczepieniu implantu \u015blimakowego"},"content":{"rendered":"<p style=\"text-align: justify;\">Wydzia\u0142 Fizyki Uniwersytetu w Bia\u0142ymstoku tworzy platform\u0119 internetow\u0105 przeznaczon\u0105 do wsparcia pe\u0142nego uczestnictwa w \u017cyciu spo\u0142ecznym os\u00f3b po wszczepieniu implantu \u015blimakowego. Zapraszamy do udzia\u0142u w pracach nieformalnej grupy os\u00f3b, kt\u00f3re planuj\u0105 operacj\u0119 wszczepienia implantu \u015blimakowego lub s\u0105 po wszczepieniu, uzyska\u0142y zdolno\u015b\u0107 rozumienia mowy i chcia\u0142yby pog\u0142\u0119bia\u0107 percepcj\u0119 innych d\u017awi\u0119k\u00f3w, w szczeg\u00f3lno\u015bci d\u017awi\u0119k\u00f3w muzyki. Zainteresowane osoby prosimy o email: <a class=\"moz-txt-link-abbreviated\" href=\"mailto:k.szymanski@uwb.edu.pl\">k.szymanski@uwb.edu.pl<\/a>.<\/p>\n<p>wsp\u00f3\u0142praca z jednostkami:<\/p>\n<p>Klinika Otolaryngologii Uniwersytetu Medycznego w Bia\u0142ymstoku<br \/>\nOpera i Filharmonia Podlaska<br \/>\nWydzia\u0142 Filologiczny Uniwersytetu w Bia\u0142ymstoku<br \/>\nTeatr Dramatyczny im. Aleksandra W\u0119gierki w Bia\u0142ymstoku<\/p>\n","protected":false},"excerpt":{"rendered":"<p>Wydzia\u0142 Fizyki Uniwersytetu w Bia\u0142ymstoku tworzy platform\u0119 internetow\u0105 przeznaczon\u0105 do wsparcia pe\u0142nego uczestnictwa w \u017cyciu spo\u0142ecznym os\u00f3b po wszczepieniu implantu \u015blimakowego. Zapraszamy do udzia\u0142u w pracach nieformalnej grupy os\u00f3b, kt\u00f3re <a href=\"https:\/\/physics.uwb.edu.pl\/wf\/?page_id=11064\" class=\"more-link\">[&hellip;]<\/a><\/p>\n","protected":false},"author":14,"featured_media":3376,"parent":713,"menu_order":20,"comment_status":"closed","ping_status":"closed","template":"","meta":{"ngg_post_thumbnail":0,"Layout":"","footnotes":""},"categories":[27,3],"tags":[],"class_list":["entry","author-ulag","post-11064","page","type-page","status-publish","has-post-thumbnail","category-post_news_pl","category-wydzialowe_pl"],"jetpack_sharing_enabled":true,"jetpack_shortlink":"https:\/\/wp.me\/P7nvcn-2Ss","_links":{"self":[{"href":"https:\/\/physics.uwb.edu.pl\/wf\/index.php?rest_route=\/wp\/v2\/pages\/11064","targetHints":{"allow":["GET"]}}],"collection":[{"href":"https:\/\/physics.uwb.edu.pl\/wf\/index.php?rest_route=\/wp\/v2\/pages"}],"about":[{"href":"https:\/\/physics.uwb.edu.pl\/wf\/index.php?rest_route=\/wp\/v2\/types\/page"}],"author":[{"embeddable":true,"href":"https:\/\/physics.uwb.edu.pl\/wf\/index.php?rest_route=\/wp\/v2\/users\/14"}],"replies":[{"embeddable":true,"href":"https:\/\/physics.uwb.edu.pl\/wf\/index.php?rest_route=%2Fwp%2Fv2%2Fcomments&post=11064"}],"version-history":[{"count":5,"href":"https:\/\/physics.uwb.edu.pl\/wf\/index.php?rest_route=\/wp\/v2\/pages\/11064\/revisions"}],"predecessor-version":[{"id":11821,"href":"https:\/\/physics.uwb.edu.pl\/wf\/index.php?rest_route=\/wp\/v2\/pages\/11064\/revisions\/11821"}],"up":[{"embeddable":true,"href":"https:\/\/physics.uwb.edu.pl\/wf\/index.php?rest_route=\/wp\/v2\/pages\/713"}],"wp:featuredmedia":[{"embeddable":true,"href":"https:\/\/physics.uwb.edu.pl\/wf\/index.php?rest_route=\/wp\/v2\/media\/3376"}],"wp:attachment":[{"href":"https:\/\/physics.uwb.edu.pl\/wf\/index.php?rest_route=%2Fwp%2Fv2%2Fmedia&parent=11064"}],"wp:term":[{"taxonomy":"category","embeddable":true,"href":"https:\/\/physics.uwb.edu.pl\/wf\/index.php?rest_route=%2Fwp%2Fv2%2Fcategories&post=11064"},{"taxonomy":"post_tag","embeddable":true,"href":"https:\/\/physics.uwb.edu.pl\/wf\/index.php?rest_route=%2Fwp%2Fv2%2Ftags&post=11064"}],"curies":[{"name":"wp","href":"https:\/\/api.w.org\/{rel}","templated":true}]}}