{"id":11069,"date":"2020-05-15T12:52:17","date_gmt":"2020-05-15T10:52:17","guid":{"rendered":"http:\/\/physics.uwb.edu.pl\/wf\/?page_id=11069"},"modified":"2020-05-15T12:53:41","modified_gmt":"2020-05-15T10:53:41","slug":"targi-edukacyjne-w-grajewie-2-2-3-3-2-2-2-2-2","status":"publish","type":"page","link":"https:\/\/physics.uwb.edu.pl\/wf\/?page_id=11069","title":{"rendered":"e-wizyta uczni\u00f3w bia\u0142ostockiego 1LO i 4LO"},"content":{"rendered":"<p>W dniu 15 maja 2020 r. odby\u0142a si\u0119 prezentacja specjalno\u015bci <a href=\"http:\/\/gry.fizyka.uwb.edu.pl\">Fizyka gier komputerowych i robot\u00f3w<\/a> dla uczni\u00f3w Liceum Og\u00f3lnokszta\u0142c\u0105cego Nr 1 oraz Nr 4 w Bia\u0142ymstoku. Spotkanie zorganizowa\u0142 nasz absolwent &#8211; mgr Pawe\u0142 Andryszak (nauczyciel fizyki w tych szko\u0142ach), a poprowadzi\u0142 dr Krzysztof Gawryluk. Wszystko odby\u0142o si\u0119 zgodnie z zaleceniami Ministerstwa w obliczu COVID19 &#8211; czyli w formie zdalnej.&nbsp;<\/p>\n<h6><img loading=\"lazy\" decoding=\"async\" class=\"alignnone wp-image-11071 size-large\" src=\"http:\/\/physics.uwb.edu.pl\/wf\/wp-content\/uploads\/2020\/05\/1LO4LO-1024x564.png\" alt=\"\" width=\"1024\" height=\"564\" srcset=\"https:\/\/physics.uwb.edu.pl\/wf\/wp-content\/uploads\/2020\/05\/1LO4LO-1024x564.png 1024w, https:\/\/physics.uwb.edu.pl\/wf\/wp-content\/uploads\/2020\/05\/1LO4LO-300x165.png 300w, https:\/\/physics.uwb.edu.pl\/wf\/wp-content\/uploads\/2020\/05\/1LO4LO-150x83.png 150w, https:\/\/physics.uwb.edu.pl\/wf\/wp-content\/uploads\/2020\/05\/1LO4LO-1536x845.png 1536w, https:\/\/physics.uwb.edu.pl\/wf\/wp-content\/uploads\/2020\/05\/1LO4LO-908x500.png 908w, https:\/\/physics.uwb.edu.pl\/wf\/wp-content\/uploads\/2020\/05\/1LO4LO.png 1668w\" sizes=\"auto, (max-width: 1024px) 100vw, 1024px\" \/><\/h6>\n<p>W prezentacji przedstawiono prace studenckie &#8211; aby uczniowie mogli zobaczy\u0107, czego faktycznie uczymy. Mowa by\u0142a tak\u017ce o ko\u0142ach naukowych dzia\u0142aj\u0105cych na Wydziale Fizyki, a w szczeg\u00f3lno\u015bci o<a href=\"http:\/\/fibot.fizyka.uwb.edu.pl\"> kole Fi-BOT<\/a> jako miejscu realizowania w\u0142asnych projekt\u00f3w. By\u0142o zainteresowanie, by\u0142y pytania. \u017byczymy powodzenia na maturze i&#8230; do zobaczenia!<\/p>\n<p style=\"text-align: right;\"><em>(c) K.G. 2020&nbsp;<\/em><\/p>\n","protected":false},"excerpt":{"rendered":"<p>W dniu 15 maja 2020 r. odby\u0142a si\u0119 prezentacja specjalno\u015bci Fizyka gier komputerowych i robot\u00f3w dla uczni\u00f3w Liceum Og\u00f3lnokszta\u0142c\u0105cego Nr 1 oraz Nr 4 w Bia\u0142ymstoku. Spotkanie zorganizowa\u0142 nasz absolwent <a href=\"https:\/\/physics.uwb.edu.pl\/wf\/?page_id=11069\" class=\"more-link\">[&hellip;]<\/a><\/p>\n","protected":false},"author":5,"featured_media":11071,"parent":2744,"menu_order":0,"comment_status":"closed","ping_status":"closed","template":"","meta":{"ngg_post_thumbnail":0,"Layout":"1c","footnotes":""},"categories":[166,131],"tags":[],"class_list":["entry","author-gawryl","post-11069","page","type-page","status-publish","has-post-thumbnail","category-edukacyjne","category-galeria_foto"],"jetpack_sharing_enabled":true,"jetpack_shortlink":"https:\/\/wp.me\/P7nvcn-2Sx","_links":{"self":[{"href":"https:\/\/physics.uwb.edu.pl\/wf\/index.php?rest_route=\/wp\/v2\/pages\/11069","targetHints":{"allow":["GET"]}}],"collection":[{"href":"https:\/\/physics.uwb.edu.pl\/wf\/index.php?rest_route=\/wp\/v2\/pages"}],"about":[{"href":"https:\/\/physics.uwb.edu.pl\/wf\/index.php?rest_route=\/wp\/v2\/types\/page"}],"author":[{"embeddable":true,"href":"https:\/\/physics.uwb.edu.pl\/wf\/index.php?rest_route=\/wp\/v2\/users\/5"}],"replies":[{"embeddable":true,"href":"https:\/\/physics.uwb.edu.pl\/wf\/index.php?rest_route=%2Fwp%2Fv2%2Fcomments&post=11069"}],"version-history":[{"count":2,"href":"https:\/\/physics.uwb.edu.pl\/wf\/index.php?rest_route=\/wp\/v2\/pages\/11069\/revisions"}],"predecessor-version":[{"id":11073,"href":"https:\/\/physics.uwb.edu.pl\/wf\/index.php?rest_route=\/wp\/v2\/pages\/11069\/revisions\/11073"}],"up":[{"embeddable":true,"href":"https:\/\/physics.uwb.edu.pl\/wf\/index.php?rest_route=\/wp\/v2\/pages\/2744"}],"wp:featuredmedia":[{"embeddable":true,"href":"https:\/\/physics.uwb.edu.pl\/wf\/index.php?rest_route=\/wp\/v2\/media\/11071"}],"wp:attachment":[{"href":"https:\/\/physics.uwb.edu.pl\/wf\/index.php?rest_route=%2Fwp%2Fv2%2Fmedia&parent=11069"}],"wp:term":[{"taxonomy":"category","embeddable":true,"href":"https:\/\/physics.uwb.edu.pl\/wf\/index.php?rest_route=%2Fwp%2Fv2%2Fcategories&post=11069"},{"taxonomy":"post_tag","embeddable":true,"href":"https:\/\/physics.uwb.edu.pl\/wf\/index.php?rest_route=%2Fwp%2Fv2%2Ftags&post=11069"}],"curies":[{"name":"wp","href":"https:\/\/api.w.org\/{rel}","templated":true}]}}