{"id":11148,"date":"2020-05-28T09:31:27","date_gmt":"2020-05-28T07:31:27","guid":{"rendered":"http:\/\/physics.uwb.edu.pl\/wf\/?page_id=11148"},"modified":"2020-05-28T09:31:27","modified_gmt":"2020-05-28T07:31:27","slug":"o-marianie-smoluchowskim-w-setna-rocznice-smierci-2-2-2-2-2-4-3-2-2-2-2-2-2-2-3-3-2-3-2-2-2-2-3-2-2-2-2-2-2-3-2-2-2-2-2-2-2-2-2-3-3-2-2-2-3-3-2-2-2-2-2-3-2-3-2-2-2-2-2-2-2","status":"publish","type":"page","link":"https:\/\/physics.uwb.edu.pl\/wf\/?page_id=11148","title":{"rendered":"Metoda charakterystyk polowych dla autonomicznych uk\u0142ad\u00f3w r\u00f3wna\u0144 r\u00f3\u017cniczkowych rz\u0119du drugiego"},"content":{"rendered":"<h3><strong>Seminarium wydzia\u0142owe<br \/>\n<\/strong><\/h3>\n<p align=\"justify\">Dnia 2020-06-02 o godzinie 13:15 odb\u0119dzie si\u0119 wyk\u0142ad (seminarium odb\u0119dzie si\u0119 \u201eonline\u201d z wykorzystaniem platformy ZOOM), na kt\u00f3rym <strong>mgr Dzianis Zhalukevich doktorant III roku z Katedry Metod Matematycznych Fizyk Wydzia\u0142u Fizyki UwB <\/strong>wyg\u0142osi wyk\u0142ad pt:<\/p>\n<h3 style=\"text-align: center;\"><span style=\"font-size: 36px;\">&#8220;<\/span><span style=\"font-size: 36px;\"><strong>Metoda charakterystyk polowych dla autonomicznych uk\u0142ad\u00f3w r\u00f3wna\u0144 r\u00f3\u017cniczkowych rz\u0119du drugiego<\/strong><\/span><span style=\"font-size: 36px;\">&#8220;<\/span><\/h3>\n<p style=\"text-align: right;\">Serdecznie zapraszamy<\/p>\n<p style=\"text-align: right;\">Andrzej Maziewski<\/p>\n<p style=\"text-align: right;\">Jerzy Przeszowski<\/p>\n<p>&nbsp;<\/p>\n<p style=\"text-align: justify;\"><em>Metoda charakterystyk polowych dla autonomicznych uk\u0142ad\u00f3w r\u00f3wna\u0144 r\u00f3\u017cniczkowych rz\u0119du drugiego<\/em>. Mgr Dzianis Zhalukevich, Katedra Metod Matematycznych Fizyk WF, UwB<\/p>\n<p style=\"text-align: justify;\">Metoda charakterystyk polowych pozwala nam bada\u0107 uk\u0142ady autonomiczne r\u00f3wna\u0144 r\u00f3\u017cniczkowych drugiego rz\u0119du (zadane przez stacjonarne pola wektorowe) przy u\u017cyciu metod geometrycznych i analitycznych, bez ich rozwi\u0105zywania. W podej\u015bciu tym zauwa\u017cy\u0107 mo\u017cna analogie do elektrodynamiki Maxwella. Prezentowana teoria wykorzystuje idee tak\u017ce z innych dziedzin matematyki czy nauk przyrodniczych, w tym mechaniki klasycznej, geometrii r\u00f3\u017cniczkowej, mechaniki p\u0142yn\u00f3w i jako\u015bciowej teorii r\u00f3wna\u0144 r\u00f3\u017cniczkowych. Uzyskane wyniki mog\u0105 by\u0107 przydatne zw\u0142aszcza w tych dw\u00f3ch ostatnich dziedzinach.<\/p>\n<p style=\"text-align: justify;\"><strong>Promotor:<\/strong><br \/>\nPromotor prof. dr hab. Jan L. Cie\u015bli\u0144ski<br \/>\nKatedra Metod Matematycznych Fizyki<\/p>\n","protected":false},"excerpt":{"rendered":"<p>Seminarium wydzia\u0142owe Dnia 2020-06-02 o godzinie 13:15 odb\u0119dzie si\u0119 wyk\u0142ad (seminarium odb\u0119dzie si\u0119 \u201eonline\u201d z wykorzystaniem platformy ZOOM), na kt\u00f3rym mgr Dzianis Zhalukevich doktorant III roku z Katedry Metod Matematycznych <a href=\"https:\/\/physics.uwb.edu.pl\/wf\/?page_id=11148\" class=\"more-link\">[&hellip;]<\/a><\/p>\n","protected":false},"author":14,"featured_media":3366,"parent":822,"menu_order":0,"comment_status":"closed","ping_status":"closed","template":"","meta":{"ngg_post_thumbnail":0,"Layout":"1c","footnotes":""},"categories":[69],"tags":[],"class_list":["entry","author-ulag","post-11148","page","type-page","status-publish","has-post-thumbnail","category-seminarium_pl"],"jetpack_sharing_enabled":true,"jetpack_shortlink":"https:\/\/wp.me\/P7nvcn-2TO","_links":{"self":[{"href":"https:\/\/physics.uwb.edu.pl\/wf\/index.php?rest_route=\/wp\/v2\/pages\/11148","targetHints":{"allow":["GET"]}}],"collection":[{"href":"https:\/\/physics.uwb.edu.pl\/wf\/index.php?rest_route=\/wp\/v2\/pages"}],"about":[{"href":"https:\/\/physics.uwb.edu.pl\/wf\/index.php?rest_route=\/wp\/v2\/types\/page"}],"author":[{"embeddable":true,"href":"https:\/\/physics.uwb.edu.pl\/wf\/index.php?rest_route=\/wp\/v2\/users\/14"}],"replies":[{"embeddable":true,"href":"https:\/\/physics.uwb.edu.pl\/wf\/index.php?rest_route=%2Fwp%2Fv2%2Fcomments&post=11148"}],"version-history":[{"count":1,"href":"https:\/\/physics.uwb.edu.pl\/wf\/index.php?rest_route=\/wp\/v2\/pages\/11148\/revisions"}],"predecessor-version":[{"id":11149,"href":"https:\/\/physics.uwb.edu.pl\/wf\/index.php?rest_route=\/wp\/v2\/pages\/11148\/revisions\/11149"}],"up":[{"embeddable":true,"href":"https:\/\/physics.uwb.edu.pl\/wf\/index.php?rest_route=\/wp\/v2\/pages\/822"}],"wp:featuredmedia":[{"embeddable":true,"href":"https:\/\/physics.uwb.edu.pl\/wf\/index.php?rest_route=\/wp\/v2\/media\/3366"}],"wp:attachment":[{"href":"https:\/\/physics.uwb.edu.pl\/wf\/index.php?rest_route=%2Fwp%2Fv2%2Fmedia&parent=11148"}],"wp:term":[{"taxonomy":"category","embeddable":true,"href":"https:\/\/physics.uwb.edu.pl\/wf\/index.php?rest_route=%2Fwp%2Fv2%2Fcategories&post=11148"},{"taxonomy":"post_tag","embeddable":true,"href":"https:\/\/physics.uwb.edu.pl\/wf\/index.php?rest_route=%2Fwp%2Fv2%2Ftags&post=11148"}],"curies":[{"name":"wp","href":"https:\/\/api.w.org\/{rel}","templated":true}]}}