{"id":11163,"date":"2020-06-05T11:01:20","date_gmt":"2020-06-05T09:01:20","guid":{"rendered":"http:\/\/physics.uwb.edu.pl\/wf\/?page_id=11163"},"modified":"2020-06-05T11:01:20","modified_gmt":"2020-06-05T09:01:20","slug":"oferty-pracy-ncn-2-3-3-2-3","status":"publish","type":"page","link":"https:\/\/physics.uwb.edu.pl\/wf\/?page_id=11163","title":{"rendered":"Wkr\u00f3tce nab\u00f3r wniosk\u00f3w do MINIATURY 4"},"content":{"rendered":"<div style=\"text-align: justify;\">Ju\u017c od 1 czerwca rusza system elektronicznego sk\u0142adania wniosk\u00f3w w ramach konkursu MINIATURA 4, czyli dzia\u0142a\u0144 naukowych w jednej z wymienionych form: bada\u0144 wst\u0119pnych\/pilota\u017cowych, kwerendy, sta\u017cu naukowego, wyjazdu badawczego albo wyjazdu konsultacyjnego. Podstawowym celem konkursu jest finansowe wsparcie dzia\u0142ania naukowego s\u0142u\u017c\u0105cego przygotowaniu przysz\u0142ego projektu badawczego planowanego do z\u0142o\u017cenia w konkursach NCN, innych konkursach og\u00f3lnokrajowych lub mi\u0119dzynarodowych.<\/div>\n<div>&nbsp;<\/div>\n<div>W konkursie mo\u017cna uzyska\u0107 \u015brodki finansowe w wysoko\u015bci od 5 000 do 50 000 z\u0142 na realizacj\u0119 dzia\u0142ania naukowego trwaj\u0105cego do 12 miesi\u0119cy.<\/div>\n<div>&nbsp;<\/div>\n<div>Nab\u00f3r wniosk\u00f3w prowadzony jest w okresie od 1 czerwca do 30 wrze\u015bnia 2020 r.<\/div>\n<div>&nbsp;<\/div>\n<div>Szczeg\u00f3\u0142y na stronie <a href=\"https:\/\/www.ncn.gov.pl\/ogloszenia\/konkursy\/miniatura4\">https:\/\/www.ncn.gov.pl\/ogloszenia\/konkursy\/miniatura4<\/a><\/div>\n<div>&nbsp;<\/div>\n<p>&nbsp;<\/p>\n<p>&nbsp;<\/p>\n","protected":false},"excerpt":{"rendered":"<p>Ju\u017c od 1 czerwca rusza system elektronicznego sk\u0142adania wniosk\u00f3w w ramach konkursu MINIATURA 4, czyli dzia\u0142a\u0144 naukowych w jednej z wymienionych form: bada\u0144 wst\u0119pnych\/pilota\u017cowych, kwerendy, sta\u017cu naukowego, wyjazdu badawczego albo <a href=\"https:\/\/physics.uwb.edu.pl\/wf\/?page_id=11163\" class=\"more-link\">[&hellip;]<\/a><\/p>\n","protected":false},"author":14,"featured_media":6853,"parent":713,"menu_order":0,"comment_status":"closed","ping_status":"closed","template":"","meta":{"ngg_post_thumbnail":0,"Layout":"1c","footnotes":""},"categories":[],"tags":[],"class_list":["entry","author-ulag","post-11163","page","type-page","status-publish","has-post-thumbnail"],"jetpack_sharing_enabled":true,"jetpack_shortlink":"https:\/\/wp.me\/P7nvcn-2U3","_links":{"self":[{"href":"https:\/\/physics.uwb.edu.pl\/wf\/index.php?rest_route=\/wp\/v2\/pages\/11163","targetHints":{"allow":["GET"]}}],"collection":[{"href":"https:\/\/physics.uwb.edu.pl\/wf\/index.php?rest_route=\/wp\/v2\/pages"}],"about":[{"href":"https:\/\/physics.uwb.edu.pl\/wf\/index.php?rest_route=\/wp\/v2\/types\/page"}],"author":[{"embeddable":true,"href":"https:\/\/physics.uwb.edu.pl\/wf\/index.php?rest_route=\/wp\/v2\/users\/14"}],"replies":[{"embeddable":true,"href":"https:\/\/physics.uwb.edu.pl\/wf\/index.php?rest_route=%2Fwp%2Fv2%2Fcomments&post=11163"}],"version-history":[{"count":1,"href":"https:\/\/physics.uwb.edu.pl\/wf\/index.php?rest_route=\/wp\/v2\/pages\/11163\/revisions"}],"predecessor-version":[{"id":11164,"href":"https:\/\/physics.uwb.edu.pl\/wf\/index.php?rest_route=\/wp\/v2\/pages\/11163\/revisions\/11164"}],"up":[{"embeddable":true,"href":"https:\/\/physics.uwb.edu.pl\/wf\/index.php?rest_route=\/wp\/v2\/pages\/713"}],"wp:featuredmedia":[{"embeddable":true,"href":"https:\/\/physics.uwb.edu.pl\/wf\/index.php?rest_route=\/wp\/v2\/media\/6853"}],"wp:attachment":[{"href":"https:\/\/physics.uwb.edu.pl\/wf\/index.php?rest_route=%2Fwp%2Fv2%2Fmedia&parent=11163"}],"wp:term":[{"taxonomy":"category","embeddable":true,"href":"https:\/\/physics.uwb.edu.pl\/wf\/index.php?rest_route=%2Fwp%2Fv2%2Fcategories&post=11163"},{"taxonomy":"post_tag","embeddable":true,"href":"https:\/\/physics.uwb.edu.pl\/wf\/index.php?rest_route=%2Fwp%2Fv2%2Ftags&post=11163"}],"curies":[{"name":"wp","href":"https:\/\/api.w.org\/{rel}","templated":true}]}}