{"id":11170,"date":"2020-06-09T10:13:55","date_gmt":"2020-06-09T08:13:55","guid":{"rendered":"http:\/\/physics.uwb.edu.pl\/wf\/?page_id=11170"},"modified":"2020-06-09T10:17:08","modified_gmt":"2020-06-09T08:17:08","slug":"oferty-pracy-ncn-2-3-3-2-3-2","status":"publish","type":"page","link":"https:\/\/physics.uwb.edu.pl\/wf\/?page_id=11170","title":{"rendered":"Zg\u0142aszanie kandydat\u00f3w na Dziekana Wydzia\u0142u Fizyki"},"content":{"rendered":"<p>[mla_gallery size=full ids=&#8221;11168&#8243; post_mime_type=application\/pdf post_parent=all link=file mla_viewer=true columns=1 mla_rollover_text='{+description+}&#8217; ]<\/p>\n","protected":false},"excerpt":{"rendered":"<p>[mla_gallery size=full ids=&#8221;11168&#8243; post_mime_type=application\/pdf post_parent=all link=file mla_viewer=true columns=1 mla_rollover_text='{+description+}&#8217; ]<\/p>\n","protected":false},"author":14,"featured_media":11171,"parent":713,"menu_order":0,"comment_status":"closed","ping_status":"closed","template":"","meta":{"ngg_post_thumbnail":0,"Layout":"1c","footnotes":""},"categories":[],"tags":[],"class_list":["entry","author-ulag","post-11170","page","type-page","status-publish","has-post-thumbnail"],"jetpack_sharing_enabled":true,"jetpack_shortlink":"https:\/\/wp.me\/P7nvcn-2Ua","_links":{"self":[{"href":"https:\/\/physics.uwb.edu.pl\/wf\/index.php?rest_route=\/wp\/v2\/pages\/11170","targetHints":{"allow":["GET"]}}],"collection":[{"href":"https:\/\/physics.uwb.edu.pl\/wf\/index.php?rest_route=\/wp\/v2\/pages"}],"about":[{"href":"https:\/\/physics.uwb.edu.pl\/wf\/index.php?rest_route=\/wp\/v2\/types\/page"}],"author":[{"embeddable":true,"href":"https:\/\/physics.uwb.edu.pl\/wf\/index.php?rest_route=\/wp\/v2\/users\/14"}],"replies":[{"embeddable":true,"href":"https:\/\/physics.uwb.edu.pl\/wf\/index.php?rest_route=%2Fwp%2Fv2%2Fcomments&post=11170"}],"version-history":[{"count":2,"href":"https:\/\/physics.uwb.edu.pl\/wf\/index.php?rest_route=\/wp\/v2\/pages\/11170\/revisions"}],"predecessor-version":[{"id":11174,"href":"https:\/\/physics.uwb.edu.pl\/wf\/index.php?rest_route=\/wp\/v2\/pages\/11170\/revisions\/11174"}],"up":[{"embeddable":true,"href":"https:\/\/physics.uwb.edu.pl\/wf\/index.php?rest_route=\/wp\/v2\/pages\/713"}],"wp:featuredmedia":[{"embeddable":true,"href":"https:\/\/physics.uwb.edu.pl\/wf\/index.php?rest_route=\/wp\/v2\/media\/11171"}],"wp:attachment":[{"href":"https:\/\/physics.uwb.edu.pl\/wf\/index.php?rest_route=%2Fwp%2Fv2%2Fmedia&parent=11170"}],"wp:term":[{"taxonomy":"category","embeddable":true,"href":"https:\/\/physics.uwb.edu.pl\/wf\/index.php?rest_route=%2Fwp%2Fv2%2Fcategories&post=11170"},{"taxonomy":"post_tag","embeddable":true,"href":"https:\/\/physics.uwb.edu.pl\/wf\/index.php?rest_route=%2Fwp%2Fv2%2Ftags&post=11170"}],"curies":[{"name":"wp","href":"https:\/\/api.w.org\/{rel}","templated":true}]}}