{"id":11181,"date":"2020-06-10T10:47:21","date_gmt":"2020-06-10T08:47:21","guid":{"rendered":"http:\/\/physics.uwb.edu.pl\/wf\/?page_id=11181"},"modified":"2020-06-10T10:47:21","modified_gmt":"2020-06-10T08:47:21","slug":"o-marianie-smoluchowskim-w-setna-rocznice-smierci-2-2-2-2-2-4-3-2-2-2-2-2-2-2-3-3-2-3-2-2-2-2-3-2-2-2-2-2-2-3-2-2-2-2-2-2-2-2-2-3-3-2-2-2-3-3-2-2-2-2-2-3-2-3-2-2-2-2-2-2-2-3","status":"publish","type":"page","link":"https:\/\/physics.uwb.edu.pl\/wf\/?page_id=11181","title":{"rendered":"Wyznaczanie masy czarnej dziury w kwazarach o s\u0142abych liniach emisyjnych"},"content":{"rendered":"<h3><strong>Seminarium wydzia\u0142owe<br \/>\n<\/strong><\/h3>\n<p align=\"justify\">Dnia 2020-06-23 o godzinie 13:15 odb\u0119dzie si\u0119 wyk\u0142ad (seminarium odb\u0119dzie si\u0119 \u201eonline\u201d z wykorzystaniem platformy ZOOM), na kt\u00f3rym <strong>mgr Marin Marculewicz doktorant IV roku z Katedry Astrofizyki i Fizyki Teoretycznej Wydzia\u0142u Fizyki UwB <\/strong>wyg\u0142osi wyk\u0142ad pt:<\/p>\n<h3 style=\"text-align: center;\"><span style=\"font-size: 36px;\"><strong>Wyznaczanie masy czarnej dziury w kwazarach o s\u0142abych liniach emisyjnych<span style=\"font-size: 36px;\">&#8220;<\/span><\/h3>\n<p style=\"text-align: right;\">Serdecznie zapraszamy<\/p>\n<p style=\"text-align: right;\">Andrzej Maziewski<\/p>\n<p style=\"text-align: right;\">Jerzy Przeszowski<\/p>\n<p>&nbsp;<\/p>\n<p style=\"text-align: justify;\"><em>Metoda charakterystyk polowych dla autonomicznych uk\u0142ad\u00f3w r\u00f3wna\u0144 r\u00f3\u017cniczkowych rz\u0119du drugiego<\/em>. Mgr Marcin Marculewicz, Katedra Astrofizyki i Fizyki Teoretycznej WF, UwB<\/p>\n<p style=\"text-align: justify;\">Kwazary WLQ (weak emission-line quasars) s\u0105 rzadko spotykanymi obiektami o s\u0142abych liniach emisyjnych. Istnieje kilka wyja\u015bnie\u0144 ich natury, niemniej jednak brakuje 100% pewno\u015bci, kt\u00f3ra z hipotez jest s\u0142uszna. Znajomo\u015b\u0107 warto\u015bci masy czarnej dziury jest niezb\u0119dna do zrozumienia fenomenu tych obiekt\u00f3w. G\u0142\u00f3wn\u0105 metod\u0105 do jej wyznaczania jest metoda skalowania. Oparta jest ona na pomiarze szeroko\u015bci po\u0142\u00f3wkowych linii emisyjnych. Niestety w kwazarach WLQ s\u0105 one s\u0142abo rozbudowane, co zaburza pomiary mas czarnych dziur. W celu unikni\u0119cia tego problemu u\u017cyli\u015bmy innej metody. Na seminarium zostan\u0105 przedstawione g\u0142\u00f3wne za\u0142o\u017cenia oraz wyniki dla kwazar\u00f3w WLQ.<\/p>\n<p style=\"text-align: justify;\"><strong>Promotor:<\/strong><br \/>\npromotor dr hab. Marek Niko\u0142ajuk, prof. UwB<br \/>\nKatedra Astrofizyki i Fizyki Teoretycznej<\/p>\n","protected":false},"excerpt":{"rendered":"<p>Seminarium wydzia\u0142owe Dnia 2020-06-23 o godzinie 13:15 odb\u0119dzie si\u0119 wyk\u0142ad (seminarium odb\u0119dzie si\u0119 \u201eonline\u201d z wykorzystaniem platformy ZOOM), na kt\u00f3rym mgr Marin Marculewicz doktorant IV roku z Katedry Astrofizyki i <a href=\"https:\/\/physics.uwb.edu.pl\/wf\/?page_id=11181\" class=\"more-link\">[&hellip;]<\/a><\/p>\n","protected":false},"author":14,"featured_media":3366,"parent":822,"menu_order":0,"comment_status":"closed","ping_status":"closed","template":"","meta":{"ngg_post_thumbnail":0,"Layout":"1c","footnotes":""},"categories":[69],"tags":[],"class_list":["entry","author-ulag","post-11181","page","type-page","status-publish","has-post-thumbnail","category-seminarium_pl"],"jetpack_sharing_enabled":true,"jetpack_shortlink":"https:\/\/wp.me\/P7nvcn-2Ul","_links":{"self":[{"href":"https:\/\/physics.uwb.edu.pl\/wf\/index.php?rest_route=\/wp\/v2\/pages\/11181","targetHints":{"allow":["GET"]}}],"collection":[{"href":"https:\/\/physics.uwb.edu.pl\/wf\/index.php?rest_route=\/wp\/v2\/pages"}],"about":[{"href":"https:\/\/physics.uwb.edu.pl\/wf\/index.php?rest_route=\/wp\/v2\/types\/page"}],"author":[{"embeddable":true,"href":"https:\/\/physics.uwb.edu.pl\/wf\/index.php?rest_route=\/wp\/v2\/users\/14"}],"replies":[{"embeddable":true,"href":"https:\/\/physics.uwb.edu.pl\/wf\/index.php?rest_route=%2Fwp%2Fv2%2Fcomments&post=11181"}],"version-history":[{"count":1,"href":"https:\/\/physics.uwb.edu.pl\/wf\/index.php?rest_route=\/wp\/v2\/pages\/11181\/revisions"}],"predecessor-version":[{"id":11182,"href":"https:\/\/physics.uwb.edu.pl\/wf\/index.php?rest_route=\/wp\/v2\/pages\/11181\/revisions\/11182"}],"up":[{"embeddable":true,"href":"https:\/\/physics.uwb.edu.pl\/wf\/index.php?rest_route=\/wp\/v2\/pages\/822"}],"wp:featuredmedia":[{"embeddable":true,"href":"https:\/\/physics.uwb.edu.pl\/wf\/index.php?rest_route=\/wp\/v2\/media\/3366"}],"wp:attachment":[{"href":"https:\/\/physics.uwb.edu.pl\/wf\/index.php?rest_route=%2Fwp%2Fv2%2Fmedia&parent=11181"}],"wp:term":[{"taxonomy":"category","embeddable":true,"href":"https:\/\/physics.uwb.edu.pl\/wf\/index.php?rest_route=%2Fwp%2Fv2%2Fcategories&post=11181"},{"taxonomy":"post_tag","embeddable":true,"href":"https:\/\/physics.uwb.edu.pl\/wf\/index.php?rest_route=%2Fwp%2Fv2%2Ftags&post=11181"}],"curies":[{"name":"wp","href":"https:\/\/api.w.org\/{rel}","templated":true}]}}