{"id":11203,"date":"2020-06-19T14:56:11","date_gmt":"2020-06-19T12:56:11","guid":{"rendered":"http:\/\/physics.uwb.edu.pl\/wf\/?page_id=11203"},"modified":"2020-06-19T14:56:11","modified_gmt":"2020-06-19T12:56:11","slug":"targi-edukacyjne-w-grajewie-2-2-3-3-2-2-2-3","status":"publish","type":"page","link":"https:\/\/physics.uwb.edu.pl\/wf\/?page_id=11203","title":{"rendered":"Modele pandemii: audycja w Radiu Bia\u0142ystok"},"content":{"rendered":"<p>Dnia 19 czerwca 2020 r. go\u015bciem audycji <a href=\"https:\/\/www.radio.bialystok.pl\/radioskop\/index\">Radioskop w Radiu Bia\u0142ystok<\/a> by\u0142 pracownik Wydzia\u0142u Fizyki &#8211; dr Jan Kisielewski. Rozmowa dotyczy\u0142a modelowania pandemii jako narz\u0119dzia walki z koronawirusem.<\/p>\n<p><img loading=\"lazy\" decoding=\"async\" class=\"alignnone size-large wp-image-11204\" src=\"http:\/\/physics.uwb.edu.pl\/wf\/wp-content\/uploads\/2020\/06\/radioskop-modelowanie_pandemii-1024x576.jpeg\" alt=\"\" width=\"1024\" height=\"576\" srcset=\"https:\/\/physics.uwb.edu.pl\/wf\/wp-content\/uploads\/2020\/06\/radioskop-modelowanie_pandemii-1024x576.jpeg 1024w, https:\/\/physics.uwb.edu.pl\/wf\/wp-content\/uploads\/2020\/06\/radioskop-modelowanie_pandemii-300x169.jpeg 300w, https:\/\/physics.uwb.edu.pl\/wf\/wp-content\/uploads\/2020\/06\/radioskop-modelowanie_pandemii-150x84.jpeg 150w, https:\/\/physics.uwb.edu.pl\/wf\/wp-content\/uploads\/2020\/06\/radioskop-modelowanie_pandemii-1536x864.jpeg 1536w, https:\/\/physics.uwb.edu.pl\/wf\/wp-content\/uploads\/2020\/06\/radioskop-modelowanie_pandemii-889x500.jpeg 889w, https:\/\/physics.uwb.edu.pl\/wf\/wp-content\/uploads\/2020\/06\/radioskop-modelowanie_pandemii.jpeg 1920w\" sizes=\"auto, (max-width: 1024px) 100vw, 1024px\" \/><\/p>\n<p>Dr Jan Kisielewski z Wydzia\u0142u Fizyki Uniwersytetu w Bia\u0142ymstoku znalaz\u0142 si\u0119 w gronie ekspert\u00f3w, kt\u00f3rzy opracowuj\u0105 modele rozwoju epidemii COVID-19. To z tych analiz korzysta resort zdrowia, podejmuj\u0105c decyzje w sprawie koronawirusa. \u2013 Na podstawie naszych symulacji, mo\u017cemy zasugerowa\u0107 ministerstwu potrzeb\u0119 podj\u0119cia odpowiednich krok\u00f3w \u2013 m\u00f3wi dr Jan Kisielewski. &nbsp;Zapraszamy do <a href=\"https:\/\/www.radio.bialystok.pl\/radioskop\/index\/id\/185536\">ods\u0142uchania ca\u0142o\u015bci<\/a>.<\/p>\n<h6>\u0179r\u00f3d\u0142o grafiki: https:\/\/www.radio.bialystok.pl\/src\/461\/9edb721e412196157104366a4dbbe5ea<\/h6>\n","protected":false},"excerpt":{"rendered":"<p>Dnia 19 czerwca 2020 r. go\u015bciem audycji Radioskop w Radiu Bia\u0142ystok by\u0142 pracownik Wydzia\u0142u Fizyki &#8211; dr Jan Kisielewski. Rozmowa dotyczy\u0142a modelowania pandemii jako narz\u0119dzia walki z koronawirusem. Dr Jan <a href=\"https:\/\/physics.uwb.edu.pl\/wf\/?page_id=11203\" class=\"more-link\">[&hellip;]<\/a><\/p>\n","protected":false},"author":5,"featured_media":11204,"parent":2744,"menu_order":0,"comment_status":"closed","ping_status":"closed","template":"","meta":{"ngg_post_thumbnail":0,"Layout":"1c","footnotes":""},"categories":[166,131],"tags":[],"class_list":["entry","author-gawryl","post-11203","page","type-page","status-publish","has-post-thumbnail","category-edukacyjne","category-galeria_foto"],"jetpack_sharing_enabled":true,"jetpack_shortlink":"https:\/\/wp.me\/P7nvcn-2UH","_links":{"self":[{"href":"https:\/\/physics.uwb.edu.pl\/wf\/index.php?rest_route=\/wp\/v2\/pages\/11203","targetHints":{"allow":["GET"]}}],"collection":[{"href":"https:\/\/physics.uwb.edu.pl\/wf\/index.php?rest_route=\/wp\/v2\/pages"}],"about":[{"href":"https:\/\/physics.uwb.edu.pl\/wf\/index.php?rest_route=\/wp\/v2\/types\/page"}],"author":[{"embeddable":true,"href":"https:\/\/physics.uwb.edu.pl\/wf\/index.php?rest_route=\/wp\/v2\/users\/5"}],"replies":[{"embeddable":true,"href":"https:\/\/physics.uwb.edu.pl\/wf\/index.php?rest_route=%2Fwp%2Fv2%2Fcomments&post=11203"}],"version-history":[{"count":1,"href":"https:\/\/physics.uwb.edu.pl\/wf\/index.php?rest_route=\/wp\/v2\/pages\/11203\/revisions"}],"predecessor-version":[{"id":11205,"href":"https:\/\/physics.uwb.edu.pl\/wf\/index.php?rest_route=\/wp\/v2\/pages\/11203\/revisions\/11205"}],"up":[{"embeddable":true,"href":"https:\/\/physics.uwb.edu.pl\/wf\/index.php?rest_route=\/wp\/v2\/pages\/2744"}],"wp:featuredmedia":[{"embeddable":true,"href":"https:\/\/physics.uwb.edu.pl\/wf\/index.php?rest_route=\/wp\/v2\/media\/11204"}],"wp:attachment":[{"href":"https:\/\/physics.uwb.edu.pl\/wf\/index.php?rest_route=%2Fwp%2Fv2%2Fmedia&parent=11203"}],"wp:term":[{"taxonomy":"category","embeddable":true,"href":"https:\/\/physics.uwb.edu.pl\/wf\/index.php?rest_route=%2Fwp%2Fv2%2Fcategories&post=11203"},{"taxonomy":"post_tag","embeddable":true,"href":"https:\/\/physics.uwb.edu.pl\/wf\/index.php?rest_route=%2Fwp%2Fv2%2Ftags&post=11203"}],"curies":[{"name":"wp","href":"https:\/\/api.w.org\/{rel}","templated":true}]}}