{"id":11278,"date":"2020-07-21T15:59:34","date_gmt":"2020-07-21T13:59:34","guid":{"rendered":"http:\/\/physics.uwb.edu.pl\/wf\/?page_id=11278"},"modified":"2020-09-10T12:03:45","modified_gmt":"2020-09-10T10:03:45","slug":"o-marianie-smoluchowskim-w-setna-rocznice-smierci-2-2-2-2-2-4-3-2-2-2-2-2-2-2-3-3-2-3-2-2-2-2-3-2-2-2-2-2-2-3-2-2-2-2-2-2-2-2-2-3-3-2-2-2-3-3-2-2-2-2-2-3-2-3-2-2-2-2-2-2-2-2-2-3","status":"publish","type":"page","link":"https:\/\/physics.uwb.edu.pl\/wf\/?page_id=11278","title":{"rendered":"Wysokie miejsce w Rankingu Perspektyw!"},"content":{"rendered":"<h2><strong>Wysokie miejsce w Rankingu Perspektyw!<\/strong><\/h2>\n<p><img decoding=\"async\" class=\"alignleft\" src=\"http:\/\/ranking.perspektywy.pl\/img\/logoRKS.png\" alt=\"ranking kierunk\u00f3w studi\u00f3w\">W tegorocznym r<a href=\"http:\/\/ranking.perspektywy.pl\/2020\/ranking\/ranking-kierunkow-studiow\/kierunki-studiow\/fizyka\">ankingu kierunk\u00f3w studi\u00f3w<\/a> przygotowywanym przez wydawnictwo &#8220;Perspektywy&#8221; kierunek fizyka prowadzony przez nasz Wydzia\u0142 zdoby\u0142 <strong>bardzo dobre<\/strong> sz\u00f3ste miejsce w Polsce (ex aequo z Uniwersytetem Zielonog\u00f3rskim). W rankingu bra\u0142o udzia\u0142<strong> 18 uczelni<\/strong> prowadz\u0105cych kierunek fizyka i nasz Wydzia\u0142 pokona\u0142 w rankingu m. in. Uniwersytet \u0141\u00f3dzki, Uniwersytet Gda\u0144ski i Uniwersytet \u015al\u0105ski w Katowicach.<\/p>\n<p>Uniwersytet w Bia\u0142ymstoku &#8211; jako ca\u0142o\u015b\u0107 &#8211; uplasowa\u0142 si\u0119 na <a href=\"http:\/\/ranking.perspektywy.pl\/2020\/ranking\/ranking-uczelni-akademickich\">36-tej lokacie<\/a> w\u015br\u00f3d uczelni akademickich oraz na <a href=\"http:\/\/ranking.perspektywy.pl\/2020\/ranking\/ranking-uczelni-akademickich\/types\/uniwersytety\">12-tej pozycji<\/a> w\u015br\u00f3d uniwersytet\u00f3w, co jest tak\u017ce dobrym wynikiem.<\/p>\n","protected":false},"excerpt":{"rendered":"<p>Wysokie miejsce w Rankingu Perspektyw! W tegorocznym rankingu kierunk\u00f3w studi\u00f3w przygotowywanym przez wydawnictwo &#8220;Perspektywy&#8221; kierunek fizyka prowadzony przez nasz Wydzia\u0142 zdoby\u0142 bardzo dobre sz\u00f3ste miejsce w Polsce (ex aequo z <a href=\"https:\/\/physics.uwb.edu.pl\/wf\/?page_id=11278\" class=\"more-link\">[&hellip;]<\/a><\/p>\n","protected":false},"author":5,"featured_media":11275,"parent":713,"menu_order":0,"comment_status":"closed","ping_status":"closed","template":"","meta":{"ngg_post_thumbnail":0,"Layout":"1c","footnotes":""},"categories":[69],"tags":[],"class_list":["entry","author-gawryl","post-11278","page","type-page","status-publish","has-post-thumbnail","category-seminarium_pl"],"jetpack_sharing_enabled":true,"jetpack_shortlink":"https:\/\/wp.me\/P7nvcn-2VU","_links":{"self":[{"href":"https:\/\/physics.uwb.edu.pl\/wf\/index.php?rest_route=\/wp\/v2\/pages\/11278","targetHints":{"allow":["GET"]}}],"collection":[{"href":"https:\/\/physics.uwb.edu.pl\/wf\/index.php?rest_route=\/wp\/v2\/pages"}],"about":[{"href":"https:\/\/physics.uwb.edu.pl\/wf\/index.php?rest_route=\/wp\/v2\/types\/page"}],"author":[{"embeddable":true,"href":"https:\/\/physics.uwb.edu.pl\/wf\/index.php?rest_route=\/wp\/v2\/users\/5"}],"replies":[{"embeddable":true,"href":"https:\/\/physics.uwb.edu.pl\/wf\/index.php?rest_route=%2Fwp%2Fv2%2Fcomments&post=11278"}],"version-history":[{"count":3,"href":"https:\/\/physics.uwb.edu.pl\/wf\/index.php?rest_route=\/wp\/v2\/pages\/11278\/revisions"}],"predecessor-version":[{"id":11283,"href":"https:\/\/physics.uwb.edu.pl\/wf\/index.php?rest_route=\/wp\/v2\/pages\/11278\/revisions\/11283"}],"up":[{"embeddable":true,"href":"https:\/\/physics.uwb.edu.pl\/wf\/index.php?rest_route=\/wp\/v2\/pages\/713"}],"wp:featuredmedia":[{"embeddable":true,"href":"https:\/\/physics.uwb.edu.pl\/wf\/index.php?rest_route=\/wp\/v2\/media\/11275"}],"wp:attachment":[{"href":"https:\/\/physics.uwb.edu.pl\/wf\/index.php?rest_route=%2Fwp%2Fv2%2Fmedia&parent=11278"}],"wp:term":[{"taxonomy":"category","embeddable":true,"href":"https:\/\/physics.uwb.edu.pl\/wf\/index.php?rest_route=%2Fwp%2Fv2%2Fcategories&post=11278"},{"taxonomy":"post_tag","embeddable":true,"href":"https:\/\/physics.uwb.edu.pl\/wf\/index.php?rest_route=%2Fwp%2Fv2%2Ftags&post=11278"}],"curies":[{"name":"wp","href":"https:\/\/api.w.org\/{rel}","templated":true}]}}