{"id":11315,"date":"2020-09-04T16:43:00","date_gmt":"2020-09-04T14:43:00","guid":{"rendered":"http:\/\/physics.uwb.edu.pl\/wf\/?page_id=11315"},"modified":"2020-09-10T12:03:06","modified_gmt":"2020-09-10T10:03:06","slug":"o-marianie-smoluchowskim-w-setna-rocznice-smierci-2-2-2-2-2-4-3-2-2-2-2-2-2-2-3-3-2-3-2-2-2-2-3-2-2-2-2-2-2-3-2-2-2-2-2-2-2-2-2-3-3-2-2-2-3-3-2-2-2-2-2-3-2-3-2-2-2-2-2-2-2-2-2-2","status":"publish","type":"page","link":"https:\/\/physics.uwb.edu.pl\/wf\/?page_id=11315","title":{"rendered":"Rekrutacja uzupe\u0142niaj\u0105ca"},"content":{"rendered":"<h2><strong>Ruszy\u0142a rekrutacja uzupe\u0142niaj\u0105ca<\/strong><\/h2>\n<p><img loading=\"lazy\" decoding=\"async\" class=\"wp-image-11316 size-medium alignleft\" src=\"http:\/\/physics.uwb.edu.pl\/wf\/wp-content\/uploads\/2020\/09\/ch1cc-300x227.png\" alt=\"\" width=\"300\" height=\"227\" srcset=\"https:\/\/physics.uwb.edu.pl\/wf\/wp-content\/uploads\/2020\/09\/ch1cc-300x227.png 300w, https:\/\/physics.uwb.edu.pl\/wf\/wp-content\/uploads\/2020\/09\/ch1cc-1024x774.png 1024w, https:\/\/physics.uwb.edu.pl\/wf\/wp-content\/uploads\/2020\/09\/ch1cc-150x113.png 150w, https:\/\/physics.uwb.edu.pl\/wf\/wp-content\/uploads\/2020\/09\/ch1cc-175x131.png 175w, https:\/\/physics.uwb.edu.pl\/wf\/wp-content\/uploads\/2020\/09\/ch1cc-662x500.png 662w, https:\/\/physics.uwb.edu.pl\/wf\/wp-content\/uploads\/2020\/09\/ch1cc.png 1317w\" sizes=\"auto, (max-width: 300px) 100vw, 300px\" \/>Informujemy, \u017ce od 4-go wrze\u015bnia 2020 r. trwa <strong>rekrutacja uzupe\u0142niaj\u0105ca<\/strong> na studia 1-szego i 2-go stopnia. Zapisy odbywaj\u0105 si\u0119 przez internet w <a href=\"https:\/\/irk.uwb.edu.pl\/\">systemie IRK<\/a> do dnia <strong>15-go wrze\u015bnia 2020 r.&nbsp;<\/strong><\/p>\n<p>Wi\u0119cej informacji o ofercie edukacyjnej Wydzia\u0142u Fizyki kandydaci znajd\u0105 pod <a href=\"https:\/\/physics.uwb.edu.pl\/wf\/?page_id=181\">tym linkiem<\/a>.&nbsp; Zach\u0119camy te\u017c do obejrzenia przyk\u0142adowych <a href=\"https:\/\/physics.uwb.edu.pl\/wf\/?page_id=183\">prac magisterskich<\/a> i <a href=\"https:\/\/physics.uwb.edu.pl\/wf\/?page_id=175\">licencjackich<\/a> powsta\u0142ym na naszym Wydziale, oraz do odwiedzenia naszych<a href=\"https:\/\/physics.uwb.edu.pl\/wf\/?page_id=7064\"> k\u00f3\u0142 naukowych.<\/a><\/p>\n","protected":false},"excerpt":{"rendered":"<p>Ruszy\u0142a rekrutacja uzupe\u0142niaj\u0105ca Informujemy, \u017ce od 4-go wrze\u015bnia 2020 r. trwa rekrutacja uzupe\u0142niaj\u0105ca na studia 1-szego i 2-go stopnia. Zapisy odbywaj\u0105 si\u0119 przez internet w systemie IRK do dnia 15-go <a href=\"https:\/\/physics.uwb.edu.pl\/wf\/?page_id=11315\" class=\"more-link\">[&hellip;]<\/a><\/p>\n","protected":false},"author":5,"featured_media":11316,"parent":713,"menu_order":0,"comment_status":"closed","ping_status":"closed","template":"","meta":{"ngg_post_thumbnail":0,"Layout":"1c","footnotes":""},"categories":[166],"tags":[],"class_list":["entry","author-gawryl","post-11315","page","type-page","status-publish","has-post-thumbnail","category-edukacyjne"],"jetpack_sharing_enabled":true,"jetpack_shortlink":"https:\/\/wp.me\/P7nvcn-2Wv","_links":{"self":[{"href":"https:\/\/physics.uwb.edu.pl\/wf\/index.php?rest_route=\/wp\/v2\/pages\/11315","targetHints":{"allow":["GET"]}}],"collection":[{"href":"https:\/\/physics.uwb.edu.pl\/wf\/index.php?rest_route=\/wp\/v2\/pages"}],"about":[{"href":"https:\/\/physics.uwb.edu.pl\/wf\/index.php?rest_route=\/wp\/v2\/types\/page"}],"author":[{"embeddable":true,"href":"https:\/\/physics.uwb.edu.pl\/wf\/index.php?rest_route=\/wp\/v2\/users\/5"}],"replies":[{"embeddable":true,"href":"https:\/\/physics.uwb.edu.pl\/wf\/index.php?rest_route=%2Fwp%2Fv2%2Fcomments&post=11315"}],"version-history":[{"count":2,"href":"https:\/\/physics.uwb.edu.pl\/wf\/index.php?rest_route=\/wp\/v2\/pages\/11315\/revisions"}],"predecessor-version":[{"id":11318,"href":"https:\/\/physics.uwb.edu.pl\/wf\/index.php?rest_route=\/wp\/v2\/pages\/11315\/revisions\/11318"}],"up":[{"embeddable":true,"href":"https:\/\/physics.uwb.edu.pl\/wf\/index.php?rest_route=\/wp\/v2\/pages\/713"}],"wp:featuredmedia":[{"embeddable":true,"href":"https:\/\/physics.uwb.edu.pl\/wf\/index.php?rest_route=\/wp\/v2\/media\/11316"}],"wp:attachment":[{"href":"https:\/\/physics.uwb.edu.pl\/wf\/index.php?rest_route=%2Fwp%2Fv2%2Fmedia&parent=11315"}],"wp:term":[{"taxonomy":"category","embeddable":true,"href":"https:\/\/physics.uwb.edu.pl\/wf\/index.php?rest_route=%2Fwp%2Fv2%2Fcategories&post=11315"},{"taxonomy":"post_tag","embeddable":true,"href":"https:\/\/physics.uwb.edu.pl\/wf\/index.php?rest_route=%2Fwp%2Fv2%2Ftags&post=11315"}],"curies":[{"name":"wp","href":"https:\/\/api.w.org\/{rel}","templated":true}]}}